{"id":98,"date":"2016-09-03T09:32:58","date_gmt":"2016-09-03T07:32:58","guid":{"rendered":"http:\/\/www.antiquariat-fritzen.com\/de\/?page_id=98"},"modified":"2024-03-07T07:26:03","modified_gmt":"2024-03-07T06:26:03","slug":"d-geschicht","status":"publish","type":"page","link":"https:\/\/www.antiquariat-fritzen.com\/lu\/mir-stellen-eis-vir\/d-geschicht\/","title":{"rendered":"D\u2019Geschicht"},"content":{"rendered":"<p>[et_pb_section fb_built=&#8220;1&#8243; admin_label=&#8220;section&#8220; _builder_version=&#8220;4.16&#8243; global_colors_info=&#8220;{}&#8220;][et_pb_row admin_label=&#8220;Zeile&#8220; _builder_version=&#8220;4.16&#8243; background_size=&#8220;initial&#8220; background_position=&#8220;top_left&#8220; background_repeat=&#8220;repeat&#8220; global_colors_info=&#8220;{}&#8220;][et_pb_column type=&#8220;4_4&#8243; _builder_version=&#8220;4.16&#8243; custom_padding=&#8220;|||&#8220; global_colors_info=&#8220;{}&#8220; custom_padding__hover=&#8220;|||&#8220;][et_pb_text admin_label=&#8220;Text: (H1) Geschichte&#8220; _builder_version=&#8220;4.24.0&#8243; background_size=&#8220;initial&#8220; background_position=&#8220;top_left&#8220; background_repeat=&#8220;repeat&#8220; text_orientation=&#8220;center&#8220; module_alignment=&#8220;center&#8220; use_border_color=&#8220;off&#8220; border_color=&#8220;#ffffff&#8220; border_style=&#8220;solid&#8220; global_colors_info=&#8220;{}&#8220;]<\/p>\n<h1>Geschichte<\/h1>\n<p>[\/et_pb_text][\/et_pb_column][\/et_pb_row][et_pb_row admin_label=&#8220;Zeile&#8220; _builder_version=&#8220;4.24.0&#8243; background_size=&#8220;initial&#8220; background_position=&#8220;top_left&#8220; background_repeat=&#8220;repeat&#8220; global_colors_info=&#8220;{}&#8220;][et_pb_column type=&#8220;4_4&#8243; _builder_version=&#8220;4.16&#8243; custom_padding=&#8220;|||&#8220; global_colors_info=&#8220;{}&#8220; custom_padding__hover=&#8220;|||&#8220;][et_pb_text admin_label=&#8220;Text: Die Geschichte a&#8220; _builder_version=&#8220;4.24.0&#8243; background_size=&#8220;initial&#8220; background_position=&#8220;top_left&#8220; background_repeat=&#8220;repeat&#8220; hover_enabled=&#8220;0&#8243; use_border_color=&#8220;off&#8220; border_color=&#8220;#ffffff&#8220; border_style=&#8220;solid&#8220; global_colors_info=&#8220;{}&#8220; sticky_enabled=&#8220;0&#8243;]W\u00e9i de 4. Abr\u00ebll 1987 dr\u00e4i Studenten an e l\u00ebtzebuergesche Professer d\u2019\u201c Trierer Buch- und Kunstantiquariat\u201c gegr\u00ebnnt hunn, konnt kee w\u00ebssen, dass aus d\u00ebsem Nieweberuff fir zw\u00e9i vun de Studenten den Haaptberuff sollt ginn. D\u2019Reim an der Tr\u00e9ierer Simeonsstrooss op Nummer 22 waren net kleng, louchen awer e b\u00ebssche verstoppt op dem \u00e9ischte Stack.[\/et_pb_text][\/et_pb_column][\/et_pb_row][et_pb_row column_structure=&#8220;3_5,2_5&#8243; admin_label=&#8220;Zeile&#8220; _builder_version=&#8220;4.24.0&#8243; background_size=&#8220;initial&#8220; background_position=&#8220;top_left&#8220; background_repeat=&#8220;repeat&#8220; global_colors_info=&#8220;{}&#8220;][et_pb_column type=&#8220;3_5&#8243; _builder_version=&#8220;4.16&#8243; custom_padding=&#8220;|||&#8220; global_colors_info=&#8220;{}&#8220; custom_padding__hover=&#8220;|||&#8220;][et_pb_text admin_label=&#8220;Text: Die Geschichte b&#8220; _builder_version=&#8220;4.24.0&#8243; background_size=&#8220;initial&#8220; background_position=&#8220;top_left&#8220; background_repeat=&#8220;repeat&#8220; hover_enabled=&#8220;0&#8243; use_border_color=&#8220;off&#8220; border_color=&#8220;#ffffff&#8220; border_style=&#8220;solid&#8220; global_colors_info=&#8220;{}&#8220; sticky_enabled=&#8220;0&#8243;]Den 1. Januar 1990 hunn sech zwar net d\u2019Geeschter getrennt, m\u00e4 zw\u00e9i Gesellschafter sinn ausgescheet, a verbliwwe sinn de Peter Schwarz an de Peter Fritzen, d\u00e9i alleb\u00e9id aus dem H\u00e4ndlerourt Speicher an der Eifel kommen a sech s\u00e4it der Spillschoul kennen. Bis zum Joer 2008 hunn si zesummen eng GbR gefouert.<\/p>\n<p>Zu engem richtege Gesch\u00e4ft koum et no der Ouverture vum neie Gesch\u00e4ftslokal a beschter touristescher Laach den 2. Mee 1992: D\u2019\u201cAntiquariat am Dom\u201c an der Sternstra\u00dfe 4 war eng gemeinsam Plattform fir eng erfollegr\u00e4ich Zukunft. Mam Erfolleg sinn d&#8217;Best\u00e4nn gewuess, an esou ass den 1. Oktober 2001 en zweete Standuert an der Ostallee 45 opgemaach ginn. Am \u201eKunsthaus am Museum\u201c konnten elo d\u00e9i w\u00e4ertvoll Bicher a Grafiken ugemiess present\u00e9iert ginn.<\/p>\n<p>W\u00e9inst Differenzen an der respektiver Gesch\u00e4ftsphilosophie koum et den 1. Januar 2008 zu enger Trennung vun der Gesellschaft op d\u00e9i zw\u00e9i Standuerter. De Peter Schwarz, deen am Joer 2015 vill ze fr\u00e9i verstuerwen ass, gouf eenzege Proprietaire vum \u201eAntiquariat am Dom\u201c an der Sternstra\u00dfe, de Peter Fritzen vum \u201eKunsthaus am Museum\u201c an der Ostallee.[\/et_pb_text][\/et_pb_column][et_pb_column type=&#8220;2_5&#8243; _builder_version=&#8220;4.16&#8243; custom_padding=&#8220;|||&#8220; global_colors_info=&#8220;{}&#8220; custom_padding__hover=&#8220;|||&#8220;][et_pb_image src=&#8220;https:\/\/www.antiquariat-fritzen.com\/lu\/wp-content\/uploads\/antiquariat-fritzen_geschichte_b.jpg&#8220; alt=&#8220;Antiquariat Fritzen &#8211; Geschichte (Schrank)&#8220; title_text=&#8220;Antiquariat Fritzen &#8211; Geschichte (Schrank)&#8220; align_tablet=&#8220;center&#8220; align_phone=&#8220;center&#8220; align_last_edited=&#8220;on|desktop&#8220; admin_label=&#8220;Bild: Geschichte Schrank&#8220; _builder_version=&#8220;4.24.0&#8243; animation_style=&#8220;slide&#8220; animation_direction=&#8220;right&#8220; animation_duration=&#8220;500ms&#8220; animation_intensity_slide=&#8220;10%&#8220; use_border_color=&#8220;off&#8220; border_color=&#8220;#ffffff&#8220; border_style=&#8220;solid&#8220; animation=&#8220;left&#8220; sticky=&#8220;off&#8220; always_center_on_mobile=&#8220;on&#8220; global_colors_info=&#8220;{}&#8220;] [\/et_pb_image][\/et_pb_column][\/et_pb_row][et_pb_row admin_label=&#8220;Zeile&#8220; _builder_version=&#8220;4.24.0&#8243; background_size=&#8220;initial&#8220; background_position=&#8220;top_left&#8220; background_repeat=&#8220;repeat&#8220; global_colors_info=&#8220;{}&#8220;][et_pb_column type=&#8220;4_4&#8243; _builder_version=&#8220;4.16&#8243; custom_padding=&#8220;|||&#8220; global_colors_info=&#8220;{}&#8220; custom_padding__hover=&#8220;|||&#8220;][et_pb_text admin_label=&#8220;Text: Die Geschichte c&#8220; _builder_version=&#8220;4.24.0&#8243; background_size=&#8220;initial&#8220; background_position=&#8220;top_left&#8220; background_repeat=&#8220;repeat&#8220; hover_enabled=&#8220;0&#8243; use_border_color=&#8220;off&#8220; border_color=&#8220;#ffffff&#8220; border_style=&#8220;solid&#8220; global_colors_info=&#8220;{}&#8220; sticky_enabled=&#8220;0&#8243;]Am Januar 2011, no 10 Joer Galeriet\u00e4tegkeet, huet de Peter Fritzen d\u2019Konzeptioun vu sengem Butteksgesch\u00e4ft revid\u00e9iert. Expositioune vun z\u00e4itgen\u00ebssescher Konscht sinn zu Gonschte vum K\u00e4rgesch\u00e4ft an den Hannergrond getrueden, w\u00e4ertvoll al Bicher a Grafiken \u2013 virun allem e grousse Choix vun historesche Landkaarten a Vu\u00eb vu L\u00ebtzebuerg \u2013 woren vun elo un d\u2019Fondement.<\/p>\n<p>Den 1. Januar 2024 koum et zum \u00cbmzuch op Speicher\/Eifel um Ostrand vum fr\u00e9ieren Herzogtum (Duch\u00e9) vu L\u00ebtzebuerg.[\/et_pb_text][\/et_pb_column][\/et_pb_row][et_pb_row _builder_version=&#8220;4.24.0&#8243; _module_preset=&#8220;default&#8220; animation_style=&#8220;slide&#8220; global_colors_info=&#8220;{}&#8220;][et_pb_column type=&#8220;4_4&#8243; _builder_version=&#8220;4.24.0&#8243; _module_preset=&#8220;default&#8220; global_colors_info=&#8220;{}&#8220;][et_pb_image src=&#8220;https:\/\/www.antiquariat-fritzen.com\/lu\/wp-content\/uploads\/antiquariat-fritzen_geschichte_a.jpg&#8220; admin_label=&#8220;Bild: Gladiators&#8220; _builder_version=&#8220;4.24.0&#8243; _module_preset=&#8220;default&#8220; animation_style=&#8220;slide&#8220; global_colors_info=&#8220;{}&#8220;][\/et_pb_image][\/et_pb_column][\/et_pb_row][et_pb_row column_structure=&#8220;1_2,1_2&#8243; admin_label=&#8220;Zeile&#8220; _builder_version=&#8220;4.16&#8243; background_size=&#8220;initial&#8220; background_position=&#8220;top_left&#8220; background_repeat=&#8220;repeat&#8220; global_colors_info=&#8220;{}&#8220;][et_pb_column type=&#8220;1_2&#8243; _builder_version=&#8220;4.16&#8243; custom_padding=&#8220;|||&#8220; global_colors_info=&#8220;{}&#8220; custom_padding__hover=&#8220;|||&#8220;][et_pb_image src=&#8220;https:\/\/www.antiquariat-fritzen.com\/lu\/wp-content\/uploads\/antiquariat-fritzen_geschichte_c.jpg&#8220; alt=&#8220;Antiquariat Fritzen &#8211; Geschichte (Bestand)&#8220; title_text=&#8220;Antiquariat Fritzen &#8211; Geschichte (Bestand)&#8220; align_tablet=&#8220;center&#8220; align_phone=&#8220;center&#8220; align_last_edited=&#8220;on|desktop&#8220; admin_label=&#8220;Bild: Geschichte Angebot&#8220; _builder_version=&#8220;4.24.0&#8243; animation_style=&#8220;slide&#8220; animation_direction=&#8220;left&#8220; animation_duration=&#8220;500ms&#8220; animation_intensity_slide=&#8220;10%&#8220; use_border_color=&#8220;off&#8220; border_color=&#8220;#ffffff&#8220; border_style=&#8220;solid&#8220; animation=&#8220;left&#8220; sticky=&#8220;off&#8220; always_center_on_mobile=&#8220;on&#8220; global_colors_info=&#8220;{}&#8220;] [\/et_pb_image][\/et_pb_column][et_pb_column type=&#8220;1_2&#8243; _builder_version=&#8220;4.16&#8243; custom_padding=&#8220;|||&#8220; global_colors_info=&#8220;{}&#8220; custom_padding__hover=&#8220;|||&#8220;][et_pb_image src=&#8220;https:\/\/www.antiquariat-fritzen.com\/lu\/wp-content\/uploads\/antiquariat-fritzen_geschichte_d.jpg&#8220; alt=&#8220;Antiquariat Fritzen &#8211; Geschichte (Werke)&#8220; title_text=&#8220;Antiquariat Fritzen &#8211; Geschichte (Werke)&#8220; admin_label=&#8220;Bild: Geschichte Werke&#8220; _builder_version=&#8220;4.24.0&#8243; _module_preset=&#8220;default&#8220; animation_style=&#8220;slide&#8220; animation_direction=&#8220;right&#8220; global_colors_info=&#8220;{}&#8220;][\/et_pb_image][\/et_pb_column][\/et_pb_row][\/et_pb_section][et_pb_section fb_built=&#8220;1&#8243; custom_padding_last_edited=&#8220;on|desktop&#8220; admin_label=&#8220;Sektion&#8220; _builder_version=&#8220;4.16&#8243; background_color=&#8220;#e0e0e0&#8243; custom_padding_tablet=&#8220;50px|0|50px|0&#8243; custom_padding_phone=&#8220;50px|0|50px|0&#8243; transparent_background=&#8220;off&#8220; padding_mobile=&#8220;off&#8220; make_fullwidth=&#8220;off&#8220; use_custom_width=&#8220;off&#8220; width_unit=&#8220;on&#8220; global_colors_info=&#8220;{}&#8220;][et_pb_row column_structure=&#8220;1_2,1_2&#8243; admin_label=&#8220;Zeile&#8220; _builder_version=&#8220;4.16&#8243; background_size=&#8220;initial&#8220; background_position=&#8220;top_left&#8220; background_repeat=&#8220;repeat&#8220; global_colors_info=&#8220;{}&#8220;][et_pb_column type=&#8220;1_2&#8243; _builder_version=&#8220;4.16&#8243; custom_padding=&#8220;|||&#8220; global_colors_info=&#8220;{}&#8220; custom_padding__hover=&#8220;|||&#8220;][et_pb_button button_url=&#8220;@ET-DC@eyJkeW5hbWljIjp0cnVlLCJjb250ZW50IjoicG9zdF9saW5rX3VybF9wYWdlIiwic2V0dGluZ3MiOnsicG9zdF9pZCI6Ijk0In19@&#8220; button_text=&#8220;Zu menger Persoun&#8220; button_alignment=&#8220;center&#8220; admin_label=&#8220;Taste: \u00dcber uns&#8220; _builder_version=&#8220;4.24.0&#8243; _dynamic_attributes=&#8220;button_url&#8220; hover_enabled=&#8220;0&#8243; button_letter_spacing_hover=&#8220;0&#8243; global_colors_info=&#8220;{}&#8220; button_text_size__hover_enabled=&#8220;off&#8220; button_one_text_size__hover_enabled=&#8220;off&#8220; button_two_text_size__hover_enabled=&#8220;off&#8220; button_text_color__hover_enabled=&#8220;off&#8220; button_one_text_color__hover_enabled=&#8220;off&#8220; button_two_text_color__hover_enabled=&#8220;off&#8220; button_border_width__hover_enabled=&#8220;off&#8220; button_one_border_width__hover_enabled=&#8220;off&#8220; button_two_border_width__hover_enabled=&#8220;off&#8220; button_border_color__hover_enabled=&#8220;off&#8220; button_one_border_color__hover_enabled=&#8220;off&#8220; button_two_border_color__hover_enabled=&#8220;off&#8220; button_border_radius__hover_enabled=&#8220;off&#8220; button_one_border_radius__hover_enabled=&#8220;off&#8220; button_two_border_radius__hover_enabled=&#8220;off&#8220; button_letter_spacing__hover_enabled=&#8220;on&#8220; button_letter_spacing__hover=&#8220;0&#8243; button_one_letter_spacing__hover_enabled=&#8220;off&#8220; button_two_letter_spacing__hover_enabled=&#8220;off&#8220; button_bg_color__hover_enabled=&#8220;off&#8220; button_one_bg_color__hover_enabled=&#8220;off&#8220; button_two_bg_color__hover_enabled=&#8220;off&#8220; sticky_enabled=&#8220;0&#8243;][\/et_pb_button][\/et_pb_column][et_pb_column type=&#8220;1_2&#8243; _builder_version=&#8220;4.16&#8243; custom_padding=&#8220;|||&#8220; global_colors_info=&#8220;{}&#8220; custom_padding__hover=&#8220;|||&#8220;][et_pb_button button_url=&#8220;@ET-DC@eyJkeW5hbWljIjp0cnVlLCJjb250ZW50IjoicG9zdF9saW5rX3VybF9wYWdlIiwic2V0dGluZ3MiOnsicG9zdF9pZCI6Ijg2In19@&#8220; button_text=&#8220;D\u2019Haus&#8220; button_alignment=&#8220;center&#8220; admin_label=&#8220;Taste: Zu Hause&#8220; _builder_version=&#8220;4.24.0&#8243; _dynamic_attributes=&#8220;button_url&#8220; hover_enabled=&#8220;0&#8243; button_letter_spacing_hover=&#8220;0&#8243; global_colors_info=&#8220;{}&#8220; button_text_size__hover_enabled=&#8220;off&#8220; button_one_text_size__hover_enabled=&#8220;off&#8220; button_two_text_size__hover_enabled=&#8220;off&#8220; button_text_color__hover_enabled=&#8220;off&#8220; button_one_text_color__hover_enabled=&#8220;off&#8220; button_two_text_color__hover_enabled=&#8220;off&#8220; button_border_width__hover_enabled=&#8220;off&#8220; button_one_border_width__hover_enabled=&#8220;off&#8220; button_two_border_width__hover_enabled=&#8220;off&#8220; button_border_color__hover_enabled=&#8220;off&#8220; button_one_border_color__hover_enabled=&#8220;off&#8220; button_two_border_color__hover_enabled=&#8220;off&#8220; button_border_radius__hover_enabled=&#8220;off&#8220; button_one_border_radius__hover_enabled=&#8220;off&#8220; button_two_border_radius__hover_enabled=&#8220;off&#8220; button_letter_spacing__hover_enabled=&#8220;on&#8220; button_letter_spacing__hover=&#8220;0&#8243; button_one_letter_spacing__hover_enabled=&#8220;off&#8220; button_two_letter_spacing__hover_enabled=&#8220;off&#8220; button_bg_color__hover_enabled=&#8220;off&#8220; button_one_bg_color__hover_enabled=&#8220;off&#8220; button_two_bg_color__hover_enabled=&#8220;off&#8220; sticky_enabled=&#8220;0&#8243;][\/et_pb_button][\/et_pb_column][\/et_pb_row][\/et_pb_section][et_pb_section fb_built=&#8220;1&#8243; _builder_version=&#8220;4.24.0&#8243; _module_preset=&#8220;default&#8220; global_colors_info=&#8220;{}&#8220;][\/et_pb_section]<\/p>\n","protected":false},"excerpt":{"rendered":"<p>GeschichteW\u00e9i de 4. Abr\u00ebll 1987 dr\u00e4i Studenten an e l\u00ebtzebuergesche Professer d\u2019\u201c Trierer Buch- und Kunstantiquariat\u201c gegr\u00ebnnt hunn, konnt kee w\u00ebssen, dass aus d\u00ebsem Nieweberuff fir zw\u00e9i vun de Studenten den Haaptberuff sollt ginn. D\u2019Reim an der Tr\u00e9ierer Simeonsstrooss op Nummer 22 waren net kleng, louchen awer e b\u00ebssche verstoppt op dem \u00e9ischte Stack.Den 1. [&hellip;]<\/p>\n","protected":false},"author":1,"featured_media":0,"parent":44,"menu_order":0,"comment_status":"closed","ping_status":"closed","template":"","meta":{"_et_pb_use_builder":"on","_et_pb_old_content":"","_et_gb_content_width":"","footnotes":""},"class_list":["post-98","page","type-page","status-publish","hentry"],"yoast_head":"<!-- This site is optimized with the Yoast SEO plugin v27.4 - https:\/\/yoast.com\/product\/yoast-seo-wordpress\/ -->\n<title>D\u2019Geschicht - Peter Fritzen<\/title>\n<meta name=\"robots\" content=\"index, follow, max-snippet:-1, max-image-preview:large, max-video-preview:-1\" \/>\n<link rel=\"canonical\" href=\"https:\/\/www.antiquariat-fritzen.com\/lu\/mir-stellen-eis-vir\/d-geschicht\/\" \/>\n<meta property=\"og:locale\" content=\"de_DE\" \/>\n<meta property=\"og:type\" content=\"article\" \/>\n<meta property=\"og:title\" content=\"D\u2019Geschicht - Peter Fritzen\" \/>\n<meta property=\"og:description\" content=\"GeschichteW\u00e9i de 4. Abr\u00ebll 1987 dr\u00e4i Studenten an e l\u00ebtzebuergesche Professer d\u2019\u201c Trierer Buch- und Kunstantiquariat\u201c gegr\u00ebnnt hunn, konnt kee w\u00ebssen, dass aus d\u00ebsem Nieweberuff fir zw\u00e9i vun de Studenten den Haaptberuff sollt ginn. D\u2019Reim an der Tr\u00e9ierer Simeonsstrooss op Nummer 22 waren net kleng, louchen awer e b\u00ebssche verstoppt op dem \u00e9ischte Stack.Den 1. [&hellip;]\" \/>\n<meta property=\"og:url\" content=\"https:\/\/www.antiquariat-fritzen.com\/lu\/mir-stellen-eis-vir\/d-geschicht\/\" \/>\n<meta property=\"og:site_name\" content=\"Peter Fritzen\" \/>\n<meta property=\"article:modified_time\" content=\"2024-03-07T06:26:03+00:00\" \/>\n<meta name=\"twitter:card\" content=\"summary_large_image\" \/>\n<meta name=\"twitter:label1\" content=\"Gesch\u00e4tzte Lesezeit\" \/>\n\t<meta name=\"twitter:data1\" content=\"3\u00a0Minuten\" \/>\n<script type=\"application\/ld+json\" class=\"yoast-schema-graph\">{\"@context\":\"https:\\\/\\\/schema.org\",\"@graph\":[{\"@type\":\"WebPage\",\"@id\":\"https:\\\/\\\/www.antiquariat-fritzen.com\\\/lu\\\/mir-stellen-eis-vir\\\/d-geschicht\\\/\",\"url\":\"https:\\\/\\\/www.antiquariat-fritzen.com\\\/lu\\\/mir-stellen-eis-vir\\\/d-geschicht\\\/\",\"name\":\"D\u2019Geschicht - Peter Fritzen\",\"isPartOf\":{\"@id\":\"https:\\\/\\\/www.antiquariat-fritzen.com\\\/lu\\\/#website\"},\"datePublished\":\"2016-09-03T07:32:58+00:00\",\"dateModified\":\"2024-03-07T06:26:03+00:00\",\"breadcrumb\":{\"@id\":\"https:\\\/\\\/www.antiquariat-fritzen.com\\\/lu\\\/mir-stellen-eis-vir\\\/d-geschicht\\\/#breadcrumb\"},\"inLanguage\":\"de\",\"potentialAction\":[{\"@type\":\"ReadAction\",\"target\":[\"https:\\\/\\\/www.antiquariat-fritzen.com\\\/lu\\\/mir-stellen-eis-vir\\\/d-geschicht\\\/\"]}]},{\"@type\":\"BreadcrumbList\",\"@id\":\"https:\\\/\\\/www.antiquariat-fritzen.com\\\/lu\\\/mir-stellen-eis-vir\\\/d-geschicht\\\/#breadcrumb\",\"itemListElement\":[{\"@type\":\"ListItem\",\"position\":1,\"name\":\"Startseite\",\"item\":\"https:\\\/\\\/www.antiquariat-fritzen.com\\\/lu\\\/\"},{\"@type\":\"ListItem\",\"position\":2,\"name\":\"Mir stellen eis vir\",\"item\":\"https:\\\/\\\/www.antiquariat-fritzen.com\\\/lu\\\/mir-stellen-eis-vir\\\/\"},{\"@type\":\"ListItem\",\"position\":3,\"name\":\"D\u2019Geschicht\"}]},{\"@type\":\"WebSite\",\"@id\":\"https:\\\/\\\/www.antiquariat-fritzen.com\\\/lu\\\/#website\",\"url\":\"https:\\\/\\\/www.antiquariat-fritzen.com\\\/lu\\\/\",\"name\":\"Peter Fritzen\",\"description\":\"Antiquariat\",\"potentialAction\":[{\"@type\":\"SearchAction\",\"target\":{\"@type\":\"EntryPoint\",\"urlTemplate\":\"https:\\\/\\\/www.antiquariat-fritzen.com\\\/lu\\\/?s={search_term_string}\"},\"query-input\":{\"@type\":\"PropertyValueSpecification\",\"valueRequired\":true,\"valueName\":\"search_term_string\"}}],\"inLanguage\":\"de\"}]}<\/script>\n<!-- \/ Yoast SEO plugin. -->","yoast_head_json":{"title":"D\u2019Geschicht - Peter Fritzen","robots":{"index":"index","follow":"follow","max-snippet":"max-snippet:-1","max-image-preview":"max-image-preview:large","max-video-preview":"max-video-preview:-1"},"canonical":"https:\/\/www.antiquariat-fritzen.com\/lu\/mir-stellen-eis-vir\/d-geschicht\/","og_locale":"de_DE","og_type":"article","og_title":"D\u2019Geschicht - Peter Fritzen","og_description":"GeschichteW\u00e9i de 4. Abr\u00ebll 1987 dr\u00e4i Studenten an e l\u00ebtzebuergesche Professer d\u2019\u201c Trierer Buch- und Kunstantiquariat\u201c gegr\u00ebnnt hunn, konnt kee w\u00ebssen, dass aus d\u00ebsem Nieweberuff fir zw\u00e9i vun de Studenten den Haaptberuff sollt ginn. D\u2019Reim an der Tr\u00e9ierer Simeonsstrooss op Nummer 22 waren net kleng, louchen awer e b\u00ebssche verstoppt op dem \u00e9ischte Stack.Den 1. [&hellip;]","og_url":"https:\/\/www.antiquariat-fritzen.com\/lu\/mir-stellen-eis-vir\/d-geschicht\/","og_site_name":"Peter Fritzen","article_modified_time":"2024-03-07T06:26:03+00:00","twitter_card":"summary_large_image","twitter_misc":{"Gesch\u00e4tzte Lesezeit":"3\u00a0Minuten"},"schema":{"@context":"https:\/\/schema.org","@graph":[{"@type":"WebPage","@id":"https:\/\/www.antiquariat-fritzen.com\/lu\/mir-stellen-eis-vir\/d-geschicht\/","url":"https:\/\/www.antiquariat-fritzen.com\/lu\/mir-stellen-eis-vir\/d-geschicht\/","name":"D\u2019Geschicht - Peter Fritzen","isPartOf":{"@id":"https:\/\/www.antiquariat-fritzen.com\/lu\/#website"},"datePublished":"2016-09-03T07:32:58+00:00","dateModified":"2024-03-07T06:26:03+00:00","breadcrumb":{"@id":"https:\/\/www.antiquariat-fritzen.com\/lu\/mir-stellen-eis-vir\/d-geschicht\/#breadcrumb"},"inLanguage":"de","potentialAction":[{"@type":"ReadAction","target":["https:\/\/www.antiquariat-fritzen.com\/lu\/mir-stellen-eis-vir\/d-geschicht\/"]}]},{"@type":"BreadcrumbList","@id":"https:\/\/www.antiquariat-fritzen.com\/lu\/mir-stellen-eis-vir\/d-geschicht\/#breadcrumb","itemListElement":[{"@type":"ListItem","position":1,"name":"Startseite","item":"https:\/\/www.antiquariat-fritzen.com\/lu\/"},{"@type":"ListItem","position":2,"name":"Mir stellen eis vir","item":"https:\/\/www.antiquariat-fritzen.com\/lu\/mir-stellen-eis-vir\/"},{"@type":"ListItem","position":3,"name":"D\u2019Geschicht"}]},{"@type":"WebSite","@id":"https:\/\/www.antiquariat-fritzen.com\/lu\/#website","url":"https:\/\/www.antiquariat-fritzen.com\/lu\/","name":"Peter Fritzen","description":"Antiquariat","potentialAction":[{"@type":"SearchAction","target":{"@type":"EntryPoint","urlTemplate":"https:\/\/www.antiquariat-fritzen.com\/lu\/?s={search_term_string}"},"query-input":{"@type":"PropertyValueSpecification","valueRequired":true,"valueName":"search_term_string"}}],"inLanguage":"de"}]}},"_links":{"self":[{"href":"https:\/\/www.antiquariat-fritzen.com\/lu\/wp-json\/wp\/v2\/pages\/98","targetHints":{"allow":["GET"]}}],"collection":[{"href":"https:\/\/www.antiquariat-fritzen.com\/lu\/wp-json\/wp\/v2\/pages"}],"about":[{"href":"https:\/\/www.antiquariat-fritzen.com\/lu\/wp-json\/wp\/v2\/types\/page"}],"author":[{"embeddable":true,"href":"https:\/\/www.antiquariat-fritzen.com\/lu\/wp-json\/wp\/v2\/users\/1"}],"replies":[{"embeddable":true,"href":"https:\/\/www.antiquariat-fritzen.com\/lu\/wp-json\/wp\/v2\/comments?post=98"}],"version-history":[{"count":17,"href":"https:\/\/www.antiquariat-fritzen.com\/lu\/wp-json\/wp\/v2\/pages\/98\/revisions"}],"predecessor-version":[{"id":876,"href":"https:\/\/www.antiquariat-fritzen.com\/lu\/wp-json\/wp\/v2\/pages\/98\/revisions\/876"}],"up":[{"embeddable":true,"href":"https:\/\/www.antiquariat-fritzen.com\/lu\/wp-json\/wp\/v2\/pages\/44"}],"wp:attachment":[{"href":"https:\/\/www.antiquariat-fritzen.com\/lu\/wp-json\/wp\/v2\/media?parent=98"}],"curies":[{"name":"wp","href":"https:\/\/api.w.org\/{rel}","templated":true}]}}