{"id":50,"date":"2016-08-31T19:32:33","date_gmt":"2016-08-31T17:32:33","guid":{"rendered":"http:\/\/www.antiquariat-fritzen.com\/de\/?page_id=50"},"modified":"2024-03-07T07:30:22","modified_gmt":"2024-03-07T06:30:22","slug":"mir-kafen-och","status":"publish","type":"page","link":"https:\/\/www.antiquariat-fritzen.com\/lu\/mir-kafen-och\/","title":{"rendered":"Mir kafen och"},"content":{"rendered":"<p>[et_pb_section fb_built=&#8220;1&#8243; admin_label=&#8220;Sektion&#8220; _builder_version=&#8220;4.16&#8243; global_colors_info=&#8220;{}&#8220;][et_pb_row admin_label=&#8220;row&#8220; _builder_version=&#8220;4.16&#8243; background_size=&#8220;initial&#8220; background_position=&#8220;top_left&#8220; background_repeat=&#8220;repeat&#8220; global_colors_info=&#8220;{}&#8220;][et_pb_column type=&#8220;4_4&#8243; _builder_version=&#8220;4.16&#8243; custom_padding=&#8220;|||&#8220; global_colors_info=&#8220;{}&#8220; custom_padding__hover=&#8220;|||&#8220;][et_pb_text admin_label=&#8220;Text: (H1) Ankauf und Dienstleistung&#8220; _builder_version=&#8220;4.24.0&#8243; background_size=&#8220;initial&#8220; background_position=&#8220;top_left&#8220; background_repeat=&#8220;repeat&#8220; text_orientation=&#8220;center&#8220; module_alignment=&#8220;center&#8220; hover_enabled=&#8220;0&#8243; use_border_color=&#8220;off&#8220; border_color=&#8220;#ffffff&#8220; border_style=&#8220;solid&#8220; global_colors_info=&#8220;{}&#8220; sticky_enabled=&#8220;0&#8243;]<\/p>\n<h1>Ukaf an D\u00e9ngschtleeschtungen<\/h1>\n<p>[\/et_pb_text][\/et_pb_column][\/et_pb_row][et_pb_row column_structure=&#8220;1_2,1_2&#8243; admin_label=&#8220;Zeile&#8220; _builder_version=&#8220;4.24.0&#8243; background_size=&#8220;initial&#8220; background_position=&#8220;top_left&#8220; background_repeat=&#8220;repeat&#8220; global_colors_info=&#8220;{}&#8220;][et_pb_column type=&#8220;1_2&#8243; _builder_version=&#8220;4.16&#8243; custom_padding=&#8220;|||&#8220; global_colors_info=&#8220;{}&#8220; custom_padding__hover=&#8220;|||&#8220;][et_pb_blurb title=&#8220;Ukaf&#8220; image_icon_width=&#8220;none&#8220; admin_label=&#8220;Informationstext: Ankauf&#8220; _builder_version=&#8220;4.24.0&#8243; background_color=&#8220;#dddddd&#8220; background_size=&#8220;initial&#8220; background_position=&#8220;top_left&#8220; background_repeat=&#8220;repeat&#8220; text_orientation=&#8220;center&#8220; custom_margin=&#8220;15px|15px|15px|15px&#8220; custom_padding=&#8220;15px|15px|15px|15px&#8220; hover_enabled=&#8220;0&#8243; use_border_color=&#8220;off&#8220; border_color=&#8220;#dddddd&#8220; border_width=&#8220;2px&#8220; border_style=&#8220;solid&#8220; image_max_width=&#8220;none&#8220; use_circle=&#8220;off&#8220; use_circle_border=&#8220;off&#8220; circle_border_color=&#8220;#7EBEC5&#8243; circle_color=&#8220;#7EBEC5&#8243; global_colors_info=&#8220;{}&#8220; sticky_enabled=&#8220;0&#8243;]Um Ukaf vu w\u00e4ertvollen ale Bicher, historesche Landkaarten vum 16.-18. Joerhonnert a Luxemburgensia sinn ech \u00ebmmer interess\u00e9iert. Rufft mech wannechgelift un oder schreift mir eng Mail mat Informatiounen iwwer d\u2019Objeten oder d\u2019Sammlung, d\u00e9i Dir verkafe w\u00ebllt.[\/et_pb_blurb][et_pb_image src=&#8220;https:\/\/www.antiquariat-fritzen.com\/lu\/wp-content\/uploads\/antiquariat-fritzen_ankauf-und-dienstleistungen_e.jpg&#8220; alt=&#8220;Antiquariat Fritzen: Ankauf und Dienstleistungen (e)&#8220; title_text=&#8220;Antiquariat Fritzen: Ankauf und Dienstleistungen (e)&#8220; show_in_lightbox=&#8220;on&#8220; align=&#8220;center&#8220; admin_label=&#8220;Bild&#8220; _builder_version=&#8220;4.24.0&#8243; width=&#8220;60%&#8220; animation_style=&#8220;slide&#8220; border_width_all=&#8220;1px&#8220; border_color_all=&#8220;#000000&#8243; box_shadow_style=&#8220;preset4&#8243; box_shadow_blur=&#8220;15px&#8220; box_shadow_spread=&#8220;1px&#8220; use_border_color=&#8220;off&#8220; border_color=&#8220;#ffffff&#8220; border_style=&#8220;solid&#8220; animation=&#8220;left&#8220; sticky=&#8220;off&#8220; always_center_on_mobile=&#8220;on&#8220; global_colors_info=&#8220;{}&#8220;] [\/et_pb_image][\/et_pb_column][et_pb_column type=&#8220;1_2&#8243; _builder_version=&#8220;4.16&#8243; custom_padding=&#8220;|||&#8220; global_colors_info=&#8220;{}&#8220; custom_padding__hover=&#8220;|||&#8220;][et_pb_blurb title=&#8220;Kulturhistoresch D\u00e9ngschtleeschtungen&#8220; image_icon_width=&#8220;none&#8220; admin_label=&#8220;Informationstext: Dienstsleistung&#8220; _builder_version=&#8220;4.24.0&#8243; background_color=&#8220;#dddddd&#8220; background_size=&#8220;initial&#8220; background_position=&#8220;top_left&#8220; background_repeat=&#8220;repeat&#8220; text_orientation=&#8220;center&#8220; custom_margin=&#8220;15px|15px|15px|15px&#8220; custom_padding=&#8220;15px|15px|15px|15px&#8220; custom_padding_last_edited=&#8220;off|desktop&#8220; hover_enabled=&#8220;0&#8243; use_border_color=&#8220;off&#8220; border_color=&#8220;#dddddd&#8220; border_width=&#8220;2px&#8220; border_style=&#8220;solid&#8220; image_max_width=&#8220;none&#8220; use_circle=&#8220;off&#8220; use_circle_border=&#8220;off&#8220; circle_border_color=&#8220;#7EBEC5&#8243; circle_color=&#8220;#7EBEC5&#8243; global_colors_info=&#8220;{}&#8220; sticky_enabled=&#8220;0&#8243;]Ech beroden Iech g\u00e4r beim Opbau an der Fleeg vun \u00c4rer Sammlung. Op Wonsch vertrieden ech Iech op den nationalen an internationale Stee\u00ebn, fir dass Dir als Collectionneur anonym bleiwe k\u00ebnnt.<\/p>\n<p>Op Wonsch an no Ofsprooch kann ech \u00c4r Collectioun an engem Katalog erfaassen, sief et an digitaler Form oder als Grondlag vun enger Drockfaassong.<\/p>\n<p>Am Laf vun de vergaangene Joerz\u00e9ngten kucken ech op eng r\u00e4ich Experienz bei der Expertise vun Archivalien, Bicher a Grafiken zr\u00e9ck. Als Expert a Beroder stoung a stinn ech am D\u00e9ngscht vu l\u00ebtzebuergeschen an d\u00e4itschen Archiven, Biblioth\u00e9iken, Mus\u00e9e\u00ebn, Firmen a Privatpersounen.[\/et_pb_blurb][\/et_pb_column][\/et_pb_row][et_pb_row column_structure=&#8220;1_4,1_4,1_4,1_4&#8243; _builder_version=&#8220;4.24.0&#8243; _module_preset=&#8220;default&#8220; global_colors_info=&#8220;{}&#8220;][et_pb_column type=&#8220;1_4&#8243; _builder_version=&#8220;4.24.0&#8243; _module_preset=&#8220;default&#8220; global_colors_info=&#8220;{}&#8220;][et_pb_image src=&#8220;https:\/\/www.antiquariat-fritzen.com\/lu\/wp-content\/uploads\/antiquariat-fritzen_ankauf-und-dienstleistungen_a.jpg&#8220; alt=&#8220;Antiquariat Fritzen: Ankauf und Dienstleistungen (a)&#8220; title_text=&#8220;Antiquariat Fritzen: Ankauf und Dienstleistungen (a)&#8220; show_in_lightbox=&#8220;on&#8220; admin_label=&#8220;Bild&#8220; _builder_version=&#8220;4.24.0&#8243; _module_preset=&#8220;default&#8220; animation_style=&#8220;slide&#8220; border_width_all=&#8220;1px&#8220; border_color_all=&#8220;#000000&#8243; box_shadow_style=&#8220;preset4&#8243; box_shadow_blur=&#8220;15px&#8220; box_shadow_spread=&#8220;1px&#8220; global_colors_info=&#8220;{}&#8220;][\/et_pb_image][\/et_pb_column][et_pb_column type=&#8220;1_4&#8243; _builder_version=&#8220;4.24.0&#8243; _module_preset=&#8220;default&#8220; global_colors_info=&#8220;{}&#8220;][et_pb_image src=&#8220;https:\/\/www.antiquariat-fritzen.com\/lu\/wp-content\/uploads\/antiquariat-fritzen_ankauf-und-dienstleistungen_b.jpg&#8220; alt=&#8220;Antiquariat Fritzen: Ankauf und Dienstleistungen (b)&#8220; title_text=&#8220;Antiquariat Fritzen: Ankauf und Dienstleistungen (b)&#8220; show_in_lightbox=&#8220;on&#8220; admin_label=&#8220;Bild&#8220; _builder_version=&#8220;4.24.0&#8243; _module_preset=&#8220;default&#8220; animation_style=&#8220;slide&#8220; border_width_all=&#8220;1px&#8220; border_color_all=&#8220;#000000&#8243; box_shadow_style=&#8220;preset4&#8243; box_shadow_blur=&#8220;15px&#8220; box_shadow_spread=&#8220;1px&#8220; global_colors_info=&#8220;{}&#8220;][\/et_pb_image][\/et_pb_column][et_pb_column type=&#8220;1_4&#8243; _builder_version=&#8220;4.24.0&#8243; _module_preset=&#8220;default&#8220; global_colors_info=&#8220;{}&#8220;][et_pb_image src=&#8220;https:\/\/www.antiquariat-fritzen.com\/lu\/wp-content\/uploads\/antiquariat-fritzen_ankauf-und-dienstleistungen_c.jpg&#8220; alt=&#8220;Antiquariat Fritzen: Ankauf und Dienstleistungen (c)&#8220; title_text=&#8220;Antiquariat Fritzen: Ankauf und Dienstleistungen (c)&#8220; show_in_lightbox=&#8220;on&#8220; admin_label=&#8220;Bild&#8220; _builder_version=&#8220;4.24.0&#8243; _module_preset=&#8220;default&#8220; animation_style=&#8220;slide&#8220; border_width_all=&#8220;1px&#8220; border_color_all=&#8220;#000000&#8243; box_shadow_style=&#8220;preset4&#8243; box_shadow_blur=&#8220;15px&#8220; box_shadow_spread=&#8220;1px&#8220; global_colors_info=&#8220;{}&#8220;][\/et_pb_image][\/et_pb_column][et_pb_column type=&#8220;1_4&#8243; _builder_version=&#8220;4.24.0&#8243; _module_preset=&#8220;default&#8220; global_colors_info=&#8220;{}&#8220;][et_pb_image src=&#8220;https:\/\/www.antiquariat-fritzen.com\/lu\/wp-content\/uploads\/antiquariat-fritzen_ankauf-und-dienstleistungen_d.jpg&#8220; alt=&#8220;Antiquariat Fritzen: Ankauf und Dienstleistungen (d)&#8220; title_text=&#8220;Antiquariat Fritzen: Ankauf und Dienstleistungen (d)&#8220; show_in_lightbox=&#8220;on&#8220; admin_label=&#8220;Bild&#8220; _builder_version=&#8220;4.24.0&#8243; _module_preset=&#8220;default&#8220; animation_style=&#8220;slide&#8220; border_width_all=&#8220;1px&#8220; border_color_all=&#8220;#000000&#8243; box_shadow_style=&#8220;preset4&#8243; box_shadow_blur=&#8220;15px&#8220; box_shadow_spread=&#8220;1px&#8220; global_colors_info=&#8220;{}&#8220;][\/et_pb_image][\/et_pb_column][\/et_pb_row][\/et_pb_section]<\/p>\n","protected":false},"excerpt":{"rendered":"<p>Ukaf an D\u00e9ngschtleeschtungenUm Ukaf vu w\u00e4ertvollen ale Bicher, historesche Landkaarten vum 16.-18. Joerhonnert a Luxemburgensia sinn ech \u00ebmmer interess\u00e9iert. Rufft mech wannechgelift un oder schreift mir eng Mail mat Informatiounen iwwer d\u2019Objeten oder d\u2019Sammlung, d\u00e9i Dir verkafe w\u00ebllt. Ech beroden Iech g\u00e4r beim Opbau an der Fleeg vun \u00c4rer Sammlung. Op Wonsch vertrieden ech Iech [&hellip;]<\/p>\n","protected":false},"author":1,"featured_media":0,"parent":0,"menu_order":0,"comment_status":"closed","ping_status":"closed","template":"","meta":{"_et_pb_use_builder":"on","_et_pb_old_content":"","_et_gb_content_width":"","footnotes":""},"class_list":["post-50","page","type-page","status-publish","hentry"],"yoast_head":"<!-- This site is optimized with the Yoast SEO plugin v27.4 - https:\/\/yoast.com\/product\/yoast-seo-wordpress\/ -->\n<title>Mir kafen och - Peter Fritzen<\/title>\n<meta name=\"robots\" content=\"index, follow, max-snippet:-1, max-image-preview:large, max-video-preview:-1\" \/>\n<link rel=\"canonical\" href=\"https:\/\/www.antiquariat-fritzen.com\/lu\/mir-kafen-och\/\" \/>\n<meta property=\"og:locale\" content=\"de_DE\" \/>\n<meta property=\"og:type\" content=\"article\" \/>\n<meta property=\"og:title\" content=\"Mir kafen och - Peter Fritzen\" \/>\n<meta property=\"og:description\" content=\"Ukaf an D\u00e9ngschtleeschtungenUm Ukaf vu w\u00e4ertvollen ale Bicher, historesche Landkaarten vum 16.-18. Joerhonnert a Luxemburgensia sinn ech \u00ebmmer interess\u00e9iert. Rufft mech wannechgelift un oder schreift mir eng Mail mat Informatiounen iwwer d\u2019Objeten oder d\u2019Sammlung, d\u00e9i Dir verkafe w\u00ebllt. Ech beroden Iech g\u00e4r beim Opbau an der Fleeg vun \u00c4rer Sammlung. Op Wonsch vertrieden ech Iech [&hellip;]\" \/>\n<meta property=\"og:url\" content=\"https:\/\/www.antiquariat-fritzen.com\/lu\/mir-kafen-och\/\" \/>\n<meta property=\"og:site_name\" content=\"Peter Fritzen\" \/>\n<meta property=\"article:modified_time\" content=\"2024-03-07T06:30:22+00:00\" \/>\n<meta name=\"twitter:card\" content=\"summary_large_image\" \/>\n<meta name=\"twitter:label1\" content=\"Gesch\u00e4tzte Lesezeit\" \/>\n\t<meta name=\"twitter:data1\" content=\"2\u00a0Minuten\" \/>\n<script type=\"application\/ld+json\" class=\"yoast-schema-graph\">{\"@context\":\"https:\\\/\\\/schema.org\",\"@graph\":[{\"@type\":\"WebPage\",\"@id\":\"https:\\\/\\\/www.antiquariat-fritzen.com\\\/lu\\\/mir-kafen-och\\\/\",\"url\":\"https:\\\/\\\/www.antiquariat-fritzen.com\\\/lu\\\/mir-kafen-och\\\/\",\"name\":\"Mir kafen och - Peter Fritzen\",\"isPartOf\":{\"@id\":\"https:\\\/\\\/www.antiquariat-fritzen.com\\\/lu\\\/#website\"},\"datePublished\":\"2016-08-31T17:32:33+00:00\",\"dateModified\":\"2024-03-07T06:30:22+00:00\",\"breadcrumb\":{\"@id\":\"https:\\\/\\\/www.antiquariat-fritzen.com\\\/lu\\\/mir-kafen-och\\\/#breadcrumb\"},\"inLanguage\":\"de\",\"potentialAction\":[{\"@type\":\"ReadAction\",\"target\":[\"https:\\\/\\\/www.antiquariat-fritzen.com\\\/lu\\\/mir-kafen-och\\\/\"]}]},{\"@type\":\"BreadcrumbList\",\"@id\":\"https:\\\/\\\/www.antiquariat-fritzen.com\\\/lu\\\/mir-kafen-och\\\/#breadcrumb\",\"itemListElement\":[{\"@type\":\"ListItem\",\"position\":1,\"name\":\"Startseite\",\"item\":\"https:\\\/\\\/www.antiquariat-fritzen.com\\\/lu\\\/\"},{\"@type\":\"ListItem\",\"position\":2,\"name\":\"Mir kafen och\"}]},{\"@type\":\"WebSite\",\"@id\":\"https:\\\/\\\/www.antiquariat-fritzen.com\\\/lu\\\/#website\",\"url\":\"https:\\\/\\\/www.antiquariat-fritzen.com\\\/lu\\\/\",\"name\":\"Peter Fritzen\",\"description\":\"Antiquariat\",\"potentialAction\":[{\"@type\":\"SearchAction\",\"target\":{\"@type\":\"EntryPoint\",\"urlTemplate\":\"https:\\\/\\\/www.antiquariat-fritzen.com\\\/lu\\\/?s={search_term_string}\"},\"query-input\":{\"@type\":\"PropertyValueSpecification\",\"valueRequired\":true,\"valueName\":\"search_term_string\"}}],\"inLanguage\":\"de\"}]}<\/script>\n<!-- \/ Yoast SEO plugin. -->","yoast_head_json":{"title":"Mir kafen och - Peter Fritzen","robots":{"index":"index","follow":"follow","max-snippet":"max-snippet:-1","max-image-preview":"max-image-preview:large","max-video-preview":"max-video-preview:-1"},"canonical":"https:\/\/www.antiquariat-fritzen.com\/lu\/mir-kafen-och\/","og_locale":"de_DE","og_type":"article","og_title":"Mir kafen och - Peter Fritzen","og_description":"Ukaf an D\u00e9ngschtleeschtungenUm Ukaf vu w\u00e4ertvollen ale Bicher, historesche Landkaarten vum 16.-18. Joerhonnert a Luxemburgensia sinn ech \u00ebmmer interess\u00e9iert. Rufft mech wannechgelift un oder schreift mir eng Mail mat Informatiounen iwwer d\u2019Objeten oder d\u2019Sammlung, d\u00e9i Dir verkafe w\u00ebllt. Ech beroden Iech g\u00e4r beim Opbau an der Fleeg vun \u00c4rer Sammlung. Op Wonsch vertrieden ech Iech [&hellip;]","og_url":"https:\/\/www.antiquariat-fritzen.com\/lu\/mir-kafen-och\/","og_site_name":"Peter Fritzen","article_modified_time":"2024-03-07T06:30:22+00:00","twitter_card":"summary_large_image","twitter_misc":{"Gesch\u00e4tzte Lesezeit":"2\u00a0Minuten"},"schema":{"@context":"https:\/\/schema.org","@graph":[{"@type":"WebPage","@id":"https:\/\/www.antiquariat-fritzen.com\/lu\/mir-kafen-och\/","url":"https:\/\/www.antiquariat-fritzen.com\/lu\/mir-kafen-och\/","name":"Mir kafen och - Peter Fritzen","isPartOf":{"@id":"https:\/\/www.antiquariat-fritzen.com\/lu\/#website"},"datePublished":"2016-08-31T17:32:33+00:00","dateModified":"2024-03-07T06:30:22+00:00","breadcrumb":{"@id":"https:\/\/www.antiquariat-fritzen.com\/lu\/mir-kafen-och\/#breadcrumb"},"inLanguage":"de","potentialAction":[{"@type":"ReadAction","target":["https:\/\/www.antiquariat-fritzen.com\/lu\/mir-kafen-och\/"]}]},{"@type":"BreadcrumbList","@id":"https:\/\/www.antiquariat-fritzen.com\/lu\/mir-kafen-och\/#breadcrumb","itemListElement":[{"@type":"ListItem","position":1,"name":"Startseite","item":"https:\/\/www.antiquariat-fritzen.com\/lu\/"},{"@type":"ListItem","position":2,"name":"Mir kafen och"}]},{"@type":"WebSite","@id":"https:\/\/www.antiquariat-fritzen.com\/lu\/#website","url":"https:\/\/www.antiquariat-fritzen.com\/lu\/","name":"Peter Fritzen","description":"Antiquariat","potentialAction":[{"@type":"SearchAction","target":{"@type":"EntryPoint","urlTemplate":"https:\/\/www.antiquariat-fritzen.com\/lu\/?s={search_term_string}"},"query-input":{"@type":"PropertyValueSpecification","valueRequired":true,"valueName":"search_term_string"}}],"inLanguage":"de"}]}},"_links":{"self":[{"href":"https:\/\/www.antiquariat-fritzen.com\/lu\/wp-json\/wp\/v2\/pages\/50","targetHints":{"allow":["GET"]}}],"collection":[{"href":"https:\/\/www.antiquariat-fritzen.com\/lu\/wp-json\/wp\/v2\/pages"}],"about":[{"href":"https:\/\/www.antiquariat-fritzen.com\/lu\/wp-json\/wp\/v2\/types\/page"}],"author":[{"embeddable":true,"href":"https:\/\/www.antiquariat-fritzen.com\/lu\/wp-json\/wp\/v2\/users\/1"}],"replies":[{"embeddable":true,"href":"https:\/\/www.antiquariat-fritzen.com\/lu\/wp-json\/wp\/v2\/comments?post=50"}],"version-history":[{"count":18,"href":"https:\/\/www.antiquariat-fritzen.com\/lu\/wp-json\/wp\/v2\/pages\/50\/revisions"}],"predecessor-version":[{"id":882,"href":"https:\/\/www.antiquariat-fritzen.com\/lu\/wp-json\/wp\/v2\/pages\/50\/revisions\/882"}],"wp:attachment":[{"href":"https:\/\/www.antiquariat-fritzen.com\/lu\/wp-json\/wp\/v2\/media?parent=50"}],"curies":[{"name":"wp","href":"https:\/\/api.w.org\/{rel}","templated":true}]}}