{"id":230,"date":"2016-10-09T14:53:06","date_gmt":"2016-10-09T12:53:06","guid":{"rendered":"http:\/\/www.antiquariat-fritzen.com\/la\/?page_id=230"},"modified":"2016-10-09T14:53:06","modified_gmt":"2016-10-09T12:53:06","slug":"agb","status":"publish","type":"page","link":"https:\/\/www.antiquariat-fritzen.com\/la\/agb\/","title":{"rendered":"AGB"},"content":{"rendered":"<p>[et_pb_section admin_label=&#8220;section&#8220;][et_pb_row admin_label=&#8220;row&#8220;][et_pb_column type=&#8220;4_4&#8243;][et_pb_text admin_label=&#8220;Text&#8220; background_layout=&#8220;light&#8220; text_orientation=&#8220;center&#8220; use_border_color=&#8220;off&#8220; border_color=&#8220;#ffffff&#8220; border_style=&#8220;solid&#8220;]<\/p>\n<h1>AGB<\/h1>\n<p>[\/et_pb_text][et_pb_text admin_label=&#8220;Text&#8220; background_layout=&#8220;light&#8220; text_orientation=&#8220;left&#8220; use_border_color=&#8220;off&#8220; border_color=&#8220;#ffffff&#8220; border_style=&#8220;solid&#8220; text_font=&#8220;Arial||||&#8220;]<\/p>\n<p><strong>Lieferbedingungen &#8211; Gesch\u00e4ftsbedingungen -Verbraucherschutzbestimmungen \u2013 R\u00fcckgaberecht -Terms of Delivery:<\/strong><\/p>\n<p><strong>Allgemeine Gesch\u00e4fts- und Lieferbedingungen<br \/>\n<\/strong><\/p>\n<p>des Antiquariats Peter Fritzen<br \/>\nInhaber: Peter Fritzen<br \/>\nOstallee 45<br \/>\nD-54290 Trier<br \/>\nTelefon (+49) 651- 43 67 67 3<\/p>\n<p>Email: <a href=\"mailto:antiquariat-fritzen@t-online.de\">antiquariat-fritzen@t-online.de<br \/>\n<\/a>Web:\u00a0<a href=\"https:\/\/www.antiquariat-fritzen.com\">www.antiquariat-fritzen.com<\/a><\/p>\n<p>1. Allgemeines &#8211; Geltungsbereich<br \/>\n2. Vertragsschluss<br \/>\n3. Eigentumsvorbehalt<br \/>\n4. Verg\u00fctung<br \/>\n5. Gefahr\u00fcbergang<br \/>\n6. Gew\u00e4hrleistung<br \/>\n7. Haftungsbeschr\u00e4nkungen und -freistellung<br \/>\n8. Datenschutz<br \/>\n9. Schlussbestimmungen<\/p>\n<p><strong>1. Allgemeines &#8211; Geltungsbereich<\/strong><br \/>\n1.1. Die folgenden Allgemeinen Gesch\u00e4ftsbedingungen gelten f\u00fcr alle Gesch\u00e4ftsbeziehungen zwischen uns und unseren Kunden. Ma\u00dfgeblich ist jeweils die zum Zeitpunkt des Vertragsschlusses g\u00fcltige Fassung.<br \/>\n1.2. Verbraucher i. S. d. Gesch\u00e4ftsbedingungen sind nat\u00fcrliche Personen, mit denen wir in Gesch\u00e4ftsbeziehung treten, ohne dass diesen eine gewerbliche oder selbst\u00e4ndige berufliche T\u00e4tigkeit zugerechnet werden kann. Unternehmer i. S. d. Gesch\u00e4ftsbedingungen sind nat\u00fcrliche oder juristische Personen oder rechtsf\u00e4hige Personengesellschaften, mit denen wir in Gesch\u00e4ftsbeziehungen treten und die in Aus\u00fcbung einer gewerblichen oder selbst\u00e4ndigen beruflichen T\u00e4tigkeit handeln. Kunde i. s. d. Gesch\u00e4ftsbedingungen sind sowohl Verbraucher als auch Unternehmer.<br \/>\n1.3. Abweichende, entgegenstehende oder erg\u00e4nzende Allgemeine Gesch\u00e4ftsbedingungen werden, selbst bei Kenntnis, nicht Vertragsbestandteil, es sei denn, ihrer Geltung wird ausdr\u00fccklich schriftlich zugestimmt.<\/p>\n<p><strong>2. Vertragsschlu\u00df<\/strong><br \/>\n2.1. Unsere Angebote sind freibleibend und stehen unter der Bedingung, dass das Produkt unsererseits noch vorr\u00e4tig oder lieferbar ist.<br \/>\n2.2. Mit der Bestellung erkl\u00e4rt der Kunde verbindlich sein Vertragsangebot. Wir werden den Zugang der Bestellung des Kunden best\u00e4tigen. Die Zugangsbest\u00e4tigung stellt noch keine verbindliche Annahme der Bestellung dar. Die Zugangsbest\u00e4tigung kann mit der Annahmeerkl\u00e4rung verbunden werden.<br \/>\n2.3. Wir sind berechtigt, das in der Bestellung liegende Vertragsangebot innerhalb von sieben Werktagen nach Eingang bei uns anzunehmen. Wir sind berechtigt, die Annahme der Bestellung &#8211; etwa nach Pr\u00fcfung der Bonit\u00e4t des Kunden &#8211; abzulehnen.<\/p>\n<p><strong>3. Eigentumsvorbehalt<\/strong><br \/>\n3.1. Bei Verbrauchern behalten wir uns das Eigentum an der Ware bis zur vollst\u00e4ndigen Zahlung des Kaufpreises vor. Bei Unternehmern behalten wir uns das Eigentum an der Ware bis zur vollst\u00e4ndigen Begleichung aller Forderungen aus einer laufenden Gesch\u00e4ftsbeziehung vor.<br \/>\n3.2. Wir sind berechtigt, bei vertragswidrigem Verhalten des Kunden, insbesondere bei Zahlungsverzug oder bei Verletzung einer Pflicht nach Ziff. 2 und 3 dieser Bestimmung vom Vertrag zur\u00fcckzutreten und die Ware herauszuverlangen.<br \/>\n3.3. Der Unternehmer ist berechtigt, die Ware im ordentlichen Gesch\u00e4ftsgang weiterzuver\u00e4u\u00dfern. Er tritt uns bereits jetzt alle Forderungen in H\u00f6he des Rechnungsbetrags ab, die ihm durch die Weiterver\u00e4u\u00dferung gegen einen Dritten erwachsen. Wir nehmen die Abtretung an. Nach der Abtretung ist der Unternehmer zur Einziehung der Forderung erm\u00e4chtigt. Wir behalten uns vor, die Forderung selbst einzuziehen, sobald der Unternehmer seinen Zahlungsverpflichtungen nicht ordnungsgem\u00e4\u00df nachkommt und in Zahlungsverzug ger\u00e4t.<\/p>\n<p><strong>4. Verg\u00fctung<\/strong><br \/>\n4.1. Der angebotene Preis ist bindend. Im Preis ist die gesetzliche Umsatzsteuer enthalten. Beim Versendungskauf versteht sich der Preis zuz\u00fcglich einer Versandkostenpauschale. Dem Kunden entstehen bei Bestellung durch Nutzung der Fernkommunikationsmittel keine zus\u00e4tzlichen Kosten. Der Kunde kann den Preis per Nachnahme, Rechnung oder Kreditkarte leisten. Wir behalten uns das Recht vor, einzelne Zahlungsarten auszuschlie\u00dfen.<br \/>\n4.2. Der Kunde verpflichtet sich, nach Erhalt der Leistung innerhalb von 10 Tagen den Preis zu zahlen. Nach Ablauf dieser Frist kommt der Kunde in Zahlungsverzug. Der Verbraucher hat w\u00e4hrend des Verzugs die Geldschuld in H\u00f6he von 5 % \u00fcber dem Basiszinssatz zu verzinsen. Der Unternehmer hat w\u00e4hrend des Verzugs die Geldschuld in H\u00f6he von 8 % \u00fcber dem Basiszinssatz zu verzinsen. Gegen\u00fcber dem Unternehmer behalten wir uns vor, einen h\u00f6heren Verzugszinsschaden nachzuweisen und geltend zu machen.<br \/>\n4.3. Der Kunde hat ein Recht zur Aufrechnung nur, wenn seine Gegenanspr\u00fcche rechtskr\u00e4ftig festgestellt wurden und oder durch uns anerkannt wurden. Der Kunde kann ein Zur\u00fcckbehaltungsrecht nur aus\u00fcben, wenn sein Gegenanspruch auf demselben Vertragsverh\u00e4ltnis beruht.<\/p>\n<p><strong>5. Gefahr\u00fcbergang<\/strong><br \/>\n5.1. Bei Verbrauchern geht die Gefahr des zuf\u00e4lligen Untergangs und der zuf\u00e4lligen Verschlechterung der verkauften Ware auch beim Versendungskauf mit der \u00dcbergabe der Ware auf diesen \u00fcber.<br \/>\n5.2. Bei Unternehmern geht die Gefahr des zuf\u00e4lligen Untergangs und der zuf\u00e4lligen Verschlechterung der Ware mit der Auslieferung der Ware an den Spediteur, den Frachtf\u00fchrer oder der sonst zur Ausf\u00fchrung der Versendung bestimmten Person oder Anstalt auf den Unternehmer \u00fcber. Der \u00dcbergabe steht es gleich, wenn der Kunde im Verzug der Annahme ist.<\/p>\n<p><strong>6. Gew\u00e4hrleistung<\/strong><br \/>\n6.1. Verbraucher haben die Wahl, ob die Nacherf\u00fcllung durch Nachbesserung oder Ersatzlieferung erfolgen soll. Wir sind berechtigt, die Art der gew\u00e4hlten Nacherf\u00fcllung zu verweigern, wenn sie nur mit unverh\u00e4ltnism\u00e4\u00dfigen Kosten m\u00f6glich ist und die andere Art der Nacherf\u00fcllung ohne erhebliche Nachteile f\u00fcr den Verbraucher bleibt.<br \/>\nBei Unternehmen leisten wir f\u00fcr M\u00e4ngel der Ware zun\u00e4chst nach unserer Wahl Gew\u00e4hr durch Nachbesserung oder Ersatzlieferung.<br \/>\n6.2. Schl\u00e4gt die Nacherf\u00fcllung fehl, oder ist diese aufgrund der Eigenarten der bestellten Ware nicht m\u00f6glich, kann der Kunde grunds\u00e4tzlich nach seiner Wahl Herabsetzung oder Verg\u00fctung (Minderung), R\u00fcckg\u00e4ngigmachung des Vertrags (R\u00fccktritt) oder Schadensersatz statt der Leistung verlangen. W\u00e4hlt der Kunde Schadensersatz statt der Leistung, so gelten die Haftungsbeschr\u00e4nkungen gem\u00e4\u00df \u00a7 7 Ziff. 1 und 2. Bei nur geringf\u00fcgigen M\u00e4ngeln, steht dem Kunden jedoch kein R\u00fccktrittsrecht zu.<br \/>\n6.3. Unternehmer m\u00fcssen uns offensichtliche M\u00e4ngel innerhalb einer Frist von einer Woche ab Empfang der Ware schriftlich anzeigen; andernfalls ist die Geltendmachung des Gew\u00e4hrleistungsanspruches ausgeschlossen. Zur Fristwahrung gen\u00fcgt die rechtzeitige Absendung. Den Unternehmer trifft die volle Beweislast f\u00fcr s\u00e4mtliche Anspruchsvoraussetzungen, insbesondere f\u00fcr den Mangel selbst, f\u00fcr den Zeitpunkt der Feststellung des Mangels und f\u00fcr die Rechtzeitigkeit der M\u00e4ngelr\u00fcge.<br \/>\n6.4. Die Gew\u00e4hrleistung f\u00fcr Verbraucher betr\u00e4gt f\u00fcr gebrauchte Waren ein Jahr ab Ablieferung der Ware, f\u00fcr neue Waren gilt die gesetzliche Gew\u00e4hrleistungsfrist. Die Gew\u00e4hrleistungsfrist f\u00fcr Unternehmer betr\u00e4gt ein Jahr ab Ablieferung der Ware. Bei gebrauchten Sachen betr\u00e4gt die Gew\u00e4hrleistungsfrist ein Jahr ab Ablieferung der Ware. Die einj\u00e4hrige Gew\u00e4hrleistungsfrist gilt nicht, wenn uns grobes Verschulden vorwerfbar ist sowie im Falle von uns zurechenbaren K\u00f6rper- und Gesundheitssch\u00e4den und bei Verlust des Lebens des Kunden. Unsere Haftung nach dem Produkthaftungsgesetz bleibt hiervon unber\u00fchrt.<\/p>\n<p><strong>7. Haftungsbeschr\u00e4nkungen und -freistellung<\/strong><br \/>\n7.1. Wir haften au\u00dfer bei der Verletzung wesentlicher Vertragspflichten nur, wenn und soweit unseren gesetzlichen Vertretern und Erf\u00fcllungsgehilfen Vorsatz oder grobe Fahrl\u00e4ssigkeit zur Last f\u00e4llt. Sofern nicht Vorsatz oder grobe Fahrl\u00e4ssigkeit vorliegen, ist unsere Haftung auf den Schaden begrenzt, der bei Vertragsschluss typischerweise vorhersehbar war.<br \/>\n7.2 Der vorgenannte Haftungsausschluss bzw. Beschr\u00e4nkung gelten nicht, sofern und soweit wir bestimmte Eigenschaften zugesichert oder Garantien ausgesprochen haben. Sie gelten ferner nicht f\u00fcr Sch\u00e4den aus der Verletzung des Lebens, des K\u00f6rpers oder der Gesundheit sowie im Falle zwingender gesetzlicher Vorschriften.<\/p>\n<p><strong>8. Datenschutz<\/strong><br \/>\n8.1. Wir erheben, verarbeiten und nutzen die personenbezogenen Daten unserer Kunden lediglich zum Zwecke der ordnungsgem\u00e4\u00dfen Vertragsdurchf\u00fchrung.<br \/>\n8.2. Abrechnungsdaten speichern wir h\u00f6chstens bis zum Ablauf von 6 Monaten nach Versendung der Rechnung. Werden gegen die Entgeltforderungen Einwendungen erhoben oder diese trotz Zahlungsaufforderung nicht beglichen, d\u00fcrfen die Abrechnungsdaten aufbewahrt werden, bis die Einwendung abschlie\u00dfend gekl\u00e4rt ist oder die Entgeltforderung beglichen ist. \u00a7 6 Abs. 8 Teledienstedatenschutzgesetz (TDDSG) bleibt unber\u00fchrt.<br \/>\n8.3. Personenbezogene Daten werden im Rahmen von Auftragsdatenverwaltung im Sinne des \u00a7 9 BDSG f\u00fcr uns von der mediantis AG verarbeitet. Die mediantis AG hat hierbei lediglich die Funktion eines technischen Dienstleisters, wir sind allein verantwortlich f\u00fcr die an uns \u00fcbersandten Daten.<br \/>\n8.4. Sofern und soweit die Aufbewahrung der personenbezogenen Daten aufgrund bestehender rechtlicher oder steuerlicher Verpflichtungen erforderlich ist, werden diese Daten f\u00fcr den Zugriff zu anderen als den gesetzlich begr\u00fcndeten Zwecken gesperrt.<\/p>\n<p><strong>9. Schlu\u00dfbestimmungen<\/strong><br \/>\n9.1. Es gilt das Recht der Bundesrepublik Deutschland. Bei Verbrauchern, die den Vertrag nicht zu beruflichen oder gewerblichen Zwecken abschlie\u00dfen, gilt diese Rechtswahl nur insoweit, als nicht der gew\u00e4hrte Schutz durch zwingende Bestimmungen des Rechts des Staates, in dem der Verbraucher seinen gew\u00f6hnlichen Aufenthalt hat, entzogen wird.<br \/>\nDie Bestimmungen des UN-Kaufrechts finden keine Anwendung.<br \/>\n9.2. Ist der Kunde Kaufmann, juristische Person des \u00f6ffentlichen Rechts oder \u00f6ffentlich-rechtliches Sonderverm\u00f6gen, ist ausschlie\u00dflicher Gerichtsstand f\u00fcr alle Streitigkeiten aus diesem Vertrag unser Gesch\u00e4ftssitz. Dasselbe gilt, wenn der Kunde keinen allgemeinen Gerichtsstand in Deutschland hat oder Wohnsitz oder gew\u00f6hnlicher Aufenthalt zum Zeitpunkt der Klageerhebung nicht bekannt sind.<br \/>\n9.3. Sollten einzelne Bestimmungen des Vertrags mit dem Kunden einschlie\u00dflich dieser Allgemeinen Gesch\u00e4ftsbedingung ganz oder teilweise unwirksam sein oder werden, so wird hierdurch die G\u00fcltigkeit der \u00fcbrigen Bestimmungen nicht ber\u00fchrt.<\/p>\n<p>[\/et_pb_text][\/et_pb_column][\/et_pb_row][\/et_pb_section]<\/p>\n","protected":false},"excerpt":{"rendered":"<p>AGB Lieferbedingungen &#8211; Gesch\u00e4ftsbedingungen -Verbraucherschutzbestimmungen \u2013 R\u00fcckgaberecht -Terms of Delivery: Allgemeine Gesch\u00e4fts- und Lieferbedingungen des Antiquariats Peter Fritzen Inhaber: Peter Fritzen Ostallee 45 D-54290 Trier Telefon (+49) 651- 43 67 67 3 Email: antiquariat-fritzen@t-online.de Web:\u00a0www.antiquariat-fritzen.com 1. Allgemeines &#8211; Geltungsbereich 2. Vertragsschluss 3. Eigentumsvorbehalt 4. Verg\u00fctung 5. Gefahr\u00fcbergang 6. Gew\u00e4hrleistung 7. Haftungsbeschr\u00e4nkungen und -freistellung 8. Datenschutz [&hellip;]<\/p>\n","protected":false},"author":1,"featured_media":0,"parent":0,"menu_order":0,"comment_status":"closed","ping_status":"closed","template":"","meta":{"_et_pb_use_builder":"on","_et_pb_old_content":"","_et_gb_content_width":"","footnotes":""},"class_list":["post-230","page","type-page","status-publish","hentry"],"yoast_head":"<!-- This site is optimized with the Yoast SEO plugin v27.4 - https:\/\/yoast.com\/product\/yoast-seo-wordpress\/ -->\n<title>AGB - Peter Fritzen<\/title>\n<meta name=\"robots\" content=\"index, follow, max-snippet:-1, max-image-preview:large, max-video-preview:-1\" \/>\n<link rel=\"canonical\" href=\"https:\/\/www.antiquariat-fritzen.com\/la\/agb\/\" \/>\n<meta property=\"og:locale\" content=\"de_DE\" \/>\n<meta property=\"og:type\" content=\"article\" \/>\n<meta property=\"og:title\" content=\"AGB - Peter Fritzen\" \/>\n<meta property=\"og:description\" content=\"AGB Lieferbedingungen - Gesch\u00e4ftsbedingungen -Verbraucherschutzbestimmungen \u2013 R\u00fcckgaberecht -Terms of Delivery: Allgemeine Gesch\u00e4fts- und Lieferbedingungen des Antiquariats Peter Fritzen Inhaber: Peter Fritzen Ostallee 45 D-54290 Trier Telefon (+49) 651- 43 67 67 3 Email: antiquariat-fritzen@t-online.de Web:\u00a0www.antiquariat-fritzen.com 1. Allgemeines - Geltungsbereich 2. Vertragsschluss 3. Eigentumsvorbehalt 4. Verg\u00fctung 5. Gefahr\u00fcbergang 6. Gew\u00e4hrleistung 7. Haftungsbeschr\u00e4nkungen und -freistellung 8. Datenschutz [&hellip;]\" \/>\n<meta property=\"og:url\" content=\"https:\/\/www.antiquariat-fritzen.com\/la\/agb\/\" \/>\n<meta property=\"og:site_name\" content=\"Peter Fritzen\" \/>\n<meta name=\"twitter:card\" content=\"summary_large_image\" \/>\n<meta name=\"twitter:label1\" content=\"Gesch\u00e4tzte Lesezeit\" \/>\n\t<meta name=\"twitter:data1\" content=\"7\u00a0Minuten\" \/>\n<script type=\"application\/ld+json\" class=\"yoast-schema-graph\">{\"@context\":\"https:\\\/\\\/schema.org\",\"@graph\":[{\"@type\":\"WebPage\",\"@id\":\"https:\\\/\\\/www.antiquariat-fritzen.com\\\/la\\\/agb\\\/\",\"url\":\"https:\\\/\\\/www.antiquariat-fritzen.com\\\/la\\\/agb\\\/\",\"name\":\"AGB - Peter Fritzen\",\"isPartOf\":{\"@id\":\"https:\\\/\\\/www.antiquariat-fritzen.com\\\/la\\\/#website\"},\"datePublished\":\"2016-10-09T12:53:06+00:00\",\"breadcrumb\":{\"@id\":\"https:\\\/\\\/www.antiquariat-fritzen.com\\\/la\\\/agb\\\/#breadcrumb\"},\"inLanguage\":\"de\",\"potentialAction\":[{\"@type\":\"ReadAction\",\"target\":[\"https:\\\/\\\/www.antiquariat-fritzen.com\\\/la\\\/agb\\\/\"]}]},{\"@type\":\"BreadcrumbList\",\"@id\":\"https:\\\/\\\/www.antiquariat-fritzen.com\\\/la\\\/agb\\\/#breadcrumb\",\"itemListElement\":[{\"@type\":\"ListItem\",\"position\":1,\"name\":\"Startseite\",\"item\":\"https:\\\/\\\/www.antiquariat-fritzen.com\\\/la\\\/\"},{\"@type\":\"ListItem\",\"position\":2,\"name\":\"AGB\"}]},{\"@type\":\"WebSite\",\"@id\":\"https:\\\/\\\/www.antiquariat-fritzen.com\\\/la\\\/#website\",\"url\":\"https:\\\/\\\/www.antiquariat-fritzen.com\\\/la\\\/\",\"name\":\"Peter Fritzen\",\"description\":\"Antiquariat\",\"potentialAction\":[{\"@type\":\"SearchAction\",\"target\":{\"@type\":\"EntryPoint\",\"urlTemplate\":\"https:\\\/\\\/www.antiquariat-fritzen.com\\\/la\\\/?s={search_term_string}\"},\"query-input\":{\"@type\":\"PropertyValueSpecification\",\"valueRequired\":true,\"valueName\":\"search_term_string\"}}],\"inLanguage\":\"de\"}]}<\/script>\n<!-- \/ Yoast SEO plugin. -->","yoast_head_json":{"title":"AGB - Peter Fritzen","robots":{"index":"index","follow":"follow","max-snippet":"max-snippet:-1","max-image-preview":"max-image-preview:large","max-video-preview":"max-video-preview:-1"},"canonical":"https:\/\/www.antiquariat-fritzen.com\/la\/agb\/","og_locale":"de_DE","og_type":"article","og_title":"AGB - Peter Fritzen","og_description":"AGB Lieferbedingungen - Gesch\u00e4ftsbedingungen -Verbraucherschutzbestimmungen \u2013 R\u00fcckgaberecht -Terms of Delivery: Allgemeine Gesch\u00e4fts- und Lieferbedingungen des Antiquariats Peter Fritzen Inhaber: Peter Fritzen Ostallee 45 D-54290 Trier Telefon (+49) 651- 43 67 67 3 Email: antiquariat-fritzen@t-online.de Web:\u00a0www.antiquariat-fritzen.com 1. Allgemeines - Geltungsbereich 2. Vertragsschluss 3. Eigentumsvorbehalt 4. Verg\u00fctung 5. Gefahr\u00fcbergang 6. Gew\u00e4hrleistung 7. Haftungsbeschr\u00e4nkungen und -freistellung 8. Datenschutz [&hellip;]","og_url":"https:\/\/www.antiquariat-fritzen.com\/la\/agb\/","og_site_name":"Peter Fritzen","twitter_card":"summary_large_image","twitter_misc":{"Gesch\u00e4tzte Lesezeit":"7\u00a0Minuten"},"schema":{"@context":"https:\/\/schema.org","@graph":[{"@type":"WebPage","@id":"https:\/\/www.antiquariat-fritzen.com\/la\/agb\/","url":"https:\/\/www.antiquariat-fritzen.com\/la\/agb\/","name":"AGB - Peter Fritzen","isPartOf":{"@id":"https:\/\/www.antiquariat-fritzen.com\/la\/#website"},"datePublished":"2016-10-09T12:53:06+00:00","breadcrumb":{"@id":"https:\/\/www.antiquariat-fritzen.com\/la\/agb\/#breadcrumb"},"inLanguage":"de","potentialAction":[{"@type":"ReadAction","target":["https:\/\/www.antiquariat-fritzen.com\/la\/agb\/"]}]},{"@type":"BreadcrumbList","@id":"https:\/\/www.antiquariat-fritzen.com\/la\/agb\/#breadcrumb","itemListElement":[{"@type":"ListItem","position":1,"name":"Startseite","item":"https:\/\/www.antiquariat-fritzen.com\/la\/"},{"@type":"ListItem","position":2,"name":"AGB"}]},{"@type":"WebSite","@id":"https:\/\/www.antiquariat-fritzen.com\/la\/#website","url":"https:\/\/www.antiquariat-fritzen.com\/la\/","name":"Peter Fritzen","description":"Antiquariat","potentialAction":[{"@type":"SearchAction","target":{"@type":"EntryPoint","urlTemplate":"https:\/\/www.antiquariat-fritzen.com\/la\/?s={search_term_string}"},"query-input":{"@type":"PropertyValueSpecification","valueRequired":true,"valueName":"search_term_string"}}],"inLanguage":"de"}]}},"_links":{"self":[{"href":"https:\/\/www.antiquariat-fritzen.com\/la\/wp-json\/wp\/v2\/pages\/230","targetHints":{"allow":["GET"]}}],"collection":[{"href":"https:\/\/www.antiquariat-fritzen.com\/la\/wp-json\/wp\/v2\/pages"}],"about":[{"href":"https:\/\/www.antiquariat-fritzen.com\/la\/wp-json\/wp\/v2\/types\/page"}],"author":[{"embeddable":true,"href":"https:\/\/www.antiquariat-fritzen.com\/la\/wp-json\/wp\/v2\/users\/1"}],"replies":[{"embeddable":true,"href":"https:\/\/www.antiquariat-fritzen.com\/la\/wp-json\/wp\/v2\/comments?post=230"}],"version-history":[{"count":0,"href":"https:\/\/www.antiquariat-fritzen.com\/la\/wp-json\/wp\/v2\/pages\/230\/revisions"}],"wp:attachment":[{"href":"https:\/\/www.antiquariat-fritzen.com\/la\/wp-json\/wp\/v2\/media?parent=230"}],"curies":[{"name":"wp","href":"https:\/\/api.w.org\/{rel}","templated":true}]}}