{"id":98,"date":"2016-09-03T09:32:58","date_gmt":"2016-09-03T07:32:58","guid":{"rendered":"http:\/\/www.antiquariat-fritzen.com\/de\/?page_id=98"},"modified":"2024-03-07T16:44:34","modified_gmt":"2024-03-07T15:44:34","slug":"historique","status":"publish","type":"page","link":"https:\/\/www.antiquariat-fritzen.com\/fr\/qui-sommes-nous\/historique\/","title":{"rendered":"Historique"},"content":{"rendered":"<p>[et_pb_section fb_built=&#8220;1&#8243; admin_label=&#8220;section&#8220; _builder_version=&#8220;4.16&#8243; global_colors_info=&#8220;{}&#8220;][et_pb_row admin_label=&#8220;Zeile&#8220; _builder_version=&#8220;4.16&#8243; background_size=&#8220;initial&#8220; background_position=&#8220;top_left&#8220; background_repeat=&#8220;repeat&#8220; global_colors_info=&#8220;{}&#8220;][et_pb_column type=&#8220;4_4&#8243; _builder_version=&#8220;4.16&#8243; custom_padding=&#8220;|||&#8220; global_colors_info=&#8220;{}&#8220; custom_padding__hover=&#8220;|||&#8220;][et_pb_text admin_label=&#8220;Text: (H1) Geschichte&#8220; _builder_version=&#8220;4.24.0&#8243; background_size=&#8220;initial&#8220; background_position=&#8220;top_left&#8220; background_repeat=&#8220;repeat&#8220; text_orientation=&#8220;center&#8220; module_alignment=&#8220;center&#8220; use_border_color=&#8220;off&#8220; border_color=&#8220;#ffffff&#8220; border_style=&#8220;solid&#8220; global_colors_info=&#8220;{}&#8220;]<\/p>\n<h1>Historique<\/h1>\n<p>[\/et_pb_text][\/et_pb_column][\/et_pb_row][et_pb_row admin_label=&#8220;Zeile&#8220; _builder_version=&#8220;4.24.0&#8243; background_size=&#8220;initial&#8220; background_position=&#8220;top_left&#8220; background_repeat=&#8220;repeat&#8220; global_colors_info=&#8220;{}&#8220;][et_pb_column type=&#8220;4_4&#8243; _builder_version=&#8220;4.16&#8243; custom_padding=&#8220;|||&#8220; global_colors_info=&#8220;{}&#8220; custom_padding__hover=&#8220;|||&#8220;][et_pb_text admin_label=&#8220;Text: Die Geschichte a&#8220; _builder_version=&#8220;4.24.0&#8243; background_size=&#8220;initial&#8220; background_position=&#8220;top_left&#8220; background_repeat=&#8220;repeat&#8220; hover_enabled=&#8220;0&#8243; use_border_color=&#8220;off&#8220; border_color=&#8220;#ffffff&#8220; border_style=&#8220;solid&#8220; global_colors_info=&#8220;{}&#8220; sticky_enabled=&#8220;0&#8243;]<\/p>\n<p>Lorsque le 01.04.1987, trois \u00e9tudiants et un professeur luxembourgeois fond\u00e8rent le <em>Trierer Buch- und Kunstantiquariat<\/em>, personne ne se douta \u00e0 ce moment que pour deux des protagonistes cette occupation accessoire m\u00e8nerait \u00e0 une profession \u00e0 plein temps. Les locaux situ\u00e9s au num\u00e9ro 22 de la Simeonstra\u00dfe \u00e0 Tr\u00e8ves \u00e9taient spacieux, mais se confinaient au premier \u00e9tage.<\/p>\n<p>[\/et_pb_text][\/et_pb_column][\/et_pb_row][et_pb_row column_structure=&#8220;3_5,2_5&#8243; admin_label=&#8220;Zeile&#8220; _builder_version=&#8220;4.24.0&#8243; background_size=&#8220;initial&#8220; background_position=&#8220;top_left&#8220; background_repeat=&#8220;repeat&#8220; global_colors_info=&#8220;{}&#8220;][et_pb_column type=&#8220;3_5&#8243; _builder_version=&#8220;4.16&#8243; custom_padding=&#8220;|||&#8220; global_colors_info=&#8220;{}&#8220; custom_padding__hover=&#8220;|||&#8220;][et_pb_text admin_label=&#8220;Text: Die Geschichte b&#8220; _builder_version=&#8220;4.24.0&#8243; background_size=&#8220;initial&#8220; background_position=&#8220;top_left&#8220; background_repeat=&#8220;repeat&#8220; hover_enabled=&#8220;0&#8243; use_border_color=&#8220;off&#8220; border_color=&#8220;#ffffff&#8220; border_style=&#8220;solid&#8220; global_colors_info=&#8220;{}&#8220; sticky_enabled=&#8220;0&#8243;]<\/p>\n<p>Le 1<sup>er<\/sup> janvier 1990, deux des associ\u00e9s quitt\u00e8rent la soci\u00e9t\u00e9, et ce furent Peter Schwarz et Peter Fritzen, tous les deux originaires du carrefour commercial de Speicher dans l\u2019Eifel, amis depuis la tendre enfance, qui, \u00e0 partir de ce moment, \u00e9taient les commanditaires communs d\u2019une GbR.<\/p>\n<p>\u00a0S\u2019ensuivit une \u00e9tape plus cons\u00e9quente par l\u2019ouverture, le 2 mai 1992, d\u2019un local commercial situ\u00e9 \u00e0 une adresse touristique de premier ordre\u00a0: La librairie ancienne, connue sous la d\u00e9nomination <em>Antiquariat am Dom<\/em> et situ\u00e9e au num\u00e9ro 4 de la Sternstra\u00dfe, s\u2019av\u00e9rait une plate-forme commune pour un avenir fructueux. Par suite du succ\u00e8s commercial, les fonds de la librairie s\u2019enrichissaient, et, par suite, une succursale vit le jour, le 1<sup>er<\/sup> octobre 2001, au num\u00e9ro 45 dans l\u2019Ostallee. Ce fut dans le nouveau <em>Kunsthaus am Museum<\/em> que les gravures et livres pr\u00e9cieux trouv\u00e8rent un lieu convenant \u00e0 leur valeur.<\/p>\n<p>\u00a0En raison de diff\u00e9rences dans la philosophie commerciale respective, une division r\u00e9elle de la soci\u00e9t\u00e9 entre les deux sites a eu lieu le 1er janvier 2008. Peter Schwarz, d\u00e9c\u00e9d\u00e9 en 2015, est devenu l&#8217;unique propri\u00e9taire de l&#8216;<em>Antiquariat am Dom<\/em> dans la Sternstra\u00dfe, Peter Fritzen de la <em>Kunsthaus am Museum<\/em> dans l&#8217;Ostallee.<\/p>\n<p>[\/et_pb_text][\/et_pb_column][et_pb_column type=&#8220;2_5&#8243; _builder_version=&#8220;4.16&#8243; custom_padding=&#8220;|||&#8220; global_colors_info=&#8220;{}&#8220; custom_padding__hover=&#8220;|||&#8220;][et_pb_image src=&#8220;https:\/\/www.antiquariat-fritzen.com\/fr\/wp-content\/uploads\/antiquariat-fritzen_geschichte_b.jpg&#8220; alt=&#8220;Antiquariat Fritzen &#8211; Geschichte (Schrank)&#8220; title_text=&#8220;Antiquariat Fritzen &#8211; Geschichte (Schrank)&#8220; align_tablet=&#8220;center&#8220; align_phone=&#8220;center&#8220; align_last_edited=&#8220;on|desktop&#8220; admin_label=&#8220;Bild: Geschichte Schrank&#8220; _builder_version=&#8220;4.24.0&#8243; animation_style=&#8220;slide&#8220; animation_direction=&#8220;right&#8220; animation_duration=&#8220;500ms&#8220; animation_intensity_slide=&#8220;10%&#8220; use_border_color=&#8220;off&#8220; border_color=&#8220;#ffffff&#8220; border_style=&#8220;solid&#8220; animation=&#8220;left&#8220; sticky=&#8220;off&#8220; always_center_on_mobile=&#8220;on&#8220; global_colors_info=&#8220;{}&#8220;] [\/et_pb_image][\/et_pb_column][\/et_pb_row][et_pb_row admin_label=&#8220;Zeile&#8220; _builder_version=&#8220;4.24.0&#8243; background_size=&#8220;initial&#8220; background_position=&#8220;top_left&#8220; background_repeat=&#8220;repeat&#8220; global_colors_info=&#8220;{}&#8220;][et_pb_column type=&#8220;4_4&#8243; _builder_version=&#8220;4.16&#8243; custom_padding=&#8220;|||&#8220; global_colors_info=&#8220;{}&#8220; custom_padding__hover=&#8220;|||&#8220;][et_pb_text admin_label=&#8220;Text: Die Geschichte c&#8220; _builder_version=&#8220;4.24.0&#8243; background_size=&#8220;initial&#8220; background_position=&#8220;top_left&#8220; background_repeat=&#8220;repeat&#8220; hover_enabled=&#8220;0&#8243; use_border_color=&#8220;off&#8220; border_color=&#8220;#ffffff&#8220; border_style=&#8220;solid&#8220; global_colors_info=&#8220;{}&#8220; sticky_enabled=&#8220;0&#8243;]<\/p>\n<p>conception de son magasin. Les expositions d&#8217;art contemporain ont \u00e9t\u00e9 rel\u00e9gu\u00e9es \u00e0 l&#8217;arri\u00e8re-plan au profit de l&#8217;activit\u00e9 principale, les livres anciens et les gravures de valeur &#8211; notamment un grand choix de cartes historiques et de vues de la ville de Luxembourg &#8211; constituant d\u00e9sormais le fondement du commerce.<\/p>\n<p>Le 1er janvier 2024, l&#8217;entreprise a d\u00e9m\u00e9nag\u00e9 \u00e0 Speicher\/Eifel, \u00e0 l&#8217;extr\u00e9mit\u00e9 est de l&#8217;ancien Duch\u00e9 de Luxembourg.<\/p>\n<p>[\/et_pb_text][\/et_pb_column][\/et_pb_row][et_pb_row _builder_version=&#8220;4.24.0&#8243; _module_preset=&#8220;default&#8220; animation_style=&#8220;slide&#8220; global_colors_info=&#8220;{}&#8220;][et_pb_column type=&#8220;4_4&#8243; _builder_version=&#8220;4.24.0&#8243; _module_preset=&#8220;default&#8220; global_colors_info=&#8220;{}&#8220;][et_pb_image src=&#8220;https:\/\/www.antiquariat-fritzen.com\/fr\/wp-content\/uploads\/antiquariat-fritzen_geschichte_a.jpg&#8220; admin_label=&#8220;Bild: Gladiators&#8220; _builder_version=&#8220;4.24.0&#8243; _module_preset=&#8220;default&#8220; animation_style=&#8220;slide&#8220; global_colors_info=&#8220;{}&#8220;][\/et_pb_image][\/et_pb_column][\/et_pb_row][et_pb_row column_structure=&#8220;1_2,1_2&#8243; admin_label=&#8220;Zeile&#8220; _builder_version=&#8220;4.16&#8243; background_size=&#8220;initial&#8220; background_position=&#8220;top_left&#8220; background_repeat=&#8220;repeat&#8220; global_colors_info=&#8220;{}&#8220;][et_pb_column type=&#8220;1_2&#8243; _builder_version=&#8220;4.16&#8243; custom_padding=&#8220;|||&#8220; global_colors_info=&#8220;{}&#8220; custom_padding__hover=&#8220;|||&#8220;][et_pb_image src=&#8220;https:\/\/www.antiquariat-fritzen.com\/fr\/wp-content\/uploads\/antiquariat-fritzen_geschichte_c.jpg&#8220; alt=&#8220;Antiquariat Fritzen &#8211; Geschichte (Bestand)&#8220; title_text=&#8220;Antiquariat Fritzen &#8211; Geschichte (Bestand)&#8220; align_tablet=&#8220;center&#8220; align_phone=&#8220;center&#8220; align_last_edited=&#8220;on|desktop&#8220; admin_label=&#8220;Bild: Geschichte Angebot&#8220; _builder_version=&#8220;4.24.0&#8243; animation_style=&#8220;slide&#8220; animation_direction=&#8220;left&#8220; animation_duration=&#8220;500ms&#8220; animation_intensity_slide=&#8220;10%&#8220; use_border_color=&#8220;off&#8220; border_color=&#8220;#ffffff&#8220; border_style=&#8220;solid&#8220; animation=&#8220;left&#8220; sticky=&#8220;off&#8220; always_center_on_mobile=&#8220;on&#8220; global_colors_info=&#8220;{}&#8220;] [\/et_pb_image][\/et_pb_column][et_pb_column type=&#8220;1_2&#8243; _builder_version=&#8220;4.16&#8243; custom_padding=&#8220;|||&#8220; global_colors_info=&#8220;{}&#8220; custom_padding__hover=&#8220;|||&#8220;][et_pb_image src=&#8220;https:\/\/www.antiquariat-fritzen.com\/fr\/wp-content\/uploads\/antiquariat-fritzen_geschichte_d.jpg&#8220; alt=&#8220;Antiquariat Fritzen &#8211; Geschichte (Werke)&#8220; title_text=&#8220;Antiquariat Fritzen &#8211; Geschichte (Werke)&#8220; admin_label=&#8220;Bild: Geschichte Werke&#8220; _builder_version=&#8220;4.24.0&#8243; _module_preset=&#8220;default&#8220; animation_style=&#8220;slide&#8220; animation_direction=&#8220;right&#8220; global_colors_info=&#8220;{}&#8220;][\/et_pb_image][\/et_pb_column][\/et_pb_row][\/et_pb_section][et_pb_section fb_built=&#8220;1&#8243; custom_padding_last_edited=&#8220;on|desktop&#8220; admin_label=&#8220;Sektion&#8220; _builder_version=&#8220;4.16&#8243; background_color=&#8220;#e0e0e0&#8243; custom_padding_tablet=&#8220;50px|0|50px|0&#8243; custom_padding_phone=&#8220;50px|0|50px|0&#8243; transparent_background=&#8220;off&#8220; padding_mobile=&#8220;off&#8220; make_fullwidth=&#8220;off&#8220; use_custom_width=&#8220;off&#8220; width_unit=&#8220;on&#8220; global_colors_info=&#8220;{}&#8220;][et_pb_row column_structure=&#8220;1_2,1_2&#8243; admin_label=&#8220;Zeile&#8220; _builder_version=&#8220;4.16&#8243; background_size=&#8220;initial&#8220; background_position=&#8220;top_left&#8220; background_repeat=&#8220;repeat&#8220; global_colors_info=&#8220;{}&#8220;][et_pb_column type=&#8220;1_2&#8243; _builder_version=&#8220;4.16&#8243; custom_padding=&#8220;|||&#8220; global_colors_info=&#8220;{}&#8220; custom_padding__hover=&#8220;|||&#8220;][et_pb_button button_url=&#8220;@ET-DC@eyJkeW5hbWljIjp0cnVlLCJjb250ZW50IjoicG9zdF9saW5rX3VybF9wYWdlIiwic2V0dGluZ3MiOnsicG9zdF9pZCI6Ijk0In19@&#8220; button_text=&#8220;Permettez-moi de me pr\u00e9senter&#8220; button_alignment=&#8220;center&#8220; admin_label=&#8220;Taste: \u00dcber uns&#8220; _builder_version=&#8220;4.24.0&#8243; _dynamic_attributes=&#8220;button_url&#8220; hover_enabled=&#8220;0&#8243; button_letter_spacing_hover=&#8220;0&#8243; global_colors_info=&#8220;{}&#8220; button_text_size__hover_enabled=&#8220;off&#8220; button_one_text_size__hover_enabled=&#8220;off&#8220; button_two_text_size__hover_enabled=&#8220;off&#8220; button_text_color__hover_enabled=&#8220;off&#8220; button_one_text_color__hover_enabled=&#8220;off&#8220; button_two_text_color__hover_enabled=&#8220;off&#8220; button_border_width__hover_enabled=&#8220;off&#8220; button_one_border_width__hover_enabled=&#8220;off&#8220; button_two_border_width__hover_enabled=&#8220;off&#8220; button_border_color__hover_enabled=&#8220;off&#8220; button_one_border_color__hover_enabled=&#8220;off&#8220; button_two_border_color__hover_enabled=&#8220;off&#8220; button_border_radius__hover_enabled=&#8220;off&#8220; button_one_border_radius__hover_enabled=&#8220;off&#8220; button_two_border_radius__hover_enabled=&#8220;off&#8220; button_letter_spacing__hover_enabled=&#8220;on&#8220; button_letter_spacing__hover=&#8220;0&#8243; button_one_letter_spacing__hover_enabled=&#8220;off&#8220; button_two_letter_spacing__hover_enabled=&#8220;off&#8220; button_bg_color__hover_enabled=&#8220;off&#8220; button_one_bg_color__hover_enabled=&#8220;off&#8220; button_two_bg_color__hover_enabled=&#8220;off&#8220; sticky_enabled=&#8220;0&#8243;][\/et_pb_button][\/et_pb_column][et_pb_column type=&#8220;1_2&#8243; _builder_version=&#8220;4.16&#8243; custom_padding=&#8220;|||&#8220; global_colors_info=&#8220;{}&#8220; custom_padding__hover=&#8220;|||&#8220;][et_pb_button button_url=&#8220;@ET-DC@eyJkeW5hbWljIjp0cnVlLCJjb250ZW50IjoicG9zdF9saW5rX3VybF9wYWdlIiwic2V0dGluZ3MiOnsicG9zdF9pZCI6Ijg2In19@&#8220; button_text=&#8220;Chez moi \/ A domicile&#8220; button_alignment=&#8220;center&#8220; admin_label=&#8220;Taste: Zu Hause&#8220; _builder_version=&#8220;4.24.0&#8243; _dynamic_attributes=&#8220;button_url&#8220; hover_enabled=&#8220;0&#8243; button_letter_spacing_hover=&#8220;0&#8243; global_colors_info=&#8220;{}&#8220; button_text_size__hover_enabled=&#8220;off&#8220; button_one_text_size__hover_enabled=&#8220;off&#8220; button_two_text_size__hover_enabled=&#8220;off&#8220; button_text_color__hover_enabled=&#8220;off&#8220; button_one_text_color__hover_enabled=&#8220;off&#8220; button_two_text_color__hover_enabled=&#8220;off&#8220; button_border_width__hover_enabled=&#8220;off&#8220; button_one_border_width__hover_enabled=&#8220;off&#8220; button_two_border_width__hover_enabled=&#8220;off&#8220; button_border_color__hover_enabled=&#8220;off&#8220; button_one_border_color__hover_enabled=&#8220;off&#8220; button_two_border_color__hover_enabled=&#8220;off&#8220; button_border_radius__hover_enabled=&#8220;off&#8220; button_one_border_radius__hover_enabled=&#8220;off&#8220; button_two_border_radius__hover_enabled=&#8220;off&#8220; button_letter_spacing__hover_enabled=&#8220;on&#8220; button_letter_spacing__hover=&#8220;0&#8243; button_one_letter_spacing__hover_enabled=&#8220;off&#8220; button_two_letter_spacing__hover_enabled=&#8220;off&#8220; button_bg_color__hover_enabled=&#8220;off&#8220; button_one_bg_color__hover_enabled=&#8220;off&#8220; button_two_bg_color__hover_enabled=&#8220;off&#8220; sticky_enabled=&#8220;0&#8243;][\/et_pb_button][\/et_pb_column][\/et_pb_row][\/et_pb_section][et_pb_section fb_built=&#8220;1&#8243; _builder_version=&#8220;4.24.0&#8243; _module_preset=&#8220;default&#8220; global_colors_info=&#8220;{}&#8220;][\/et_pb_section]<\/p>\n","protected":false},"excerpt":{"rendered":"<p>HistoriqueLorsque le 01.04.1987, trois \u00e9tudiants et un professeur luxembourgeois fond\u00e8rent le Trierer Buch- und Kunstantiquariat, personne ne se douta \u00e0 ce moment que pour deux des protagonistes cette occupation accessoire m\u00e8nerait \u00e0 une profession \u00e0 plein temps. Les locaux situ\u00e9s au num\u00e9ro 22 de la Simeonstra\u00dfe \u00e0 Tr\u00e8ves \u00e9taient spacieux, mais se confinaient au premier [&hellip;]<\/p>\n","protected":false},"author":1,"featured_media":0,"parent":44,"menu_order":0,"comment_status":"closed","ping_status":"closed","template":"","meta":{"_et_pb_use_builder":"on","_et_pb_old_content":"","_et_gb_content_width":"","footnotes":""},"class_list":["post-98","page","type-page","status-publish","hentry"],"yoast_head":"<!-- This site is optimized with the Yoast SEO plugin v27.4 - https:\/\/yoast.com\/product\/yoast-seo-wordpress\/ -->\n<title>Historique - Peter Fritzen<\/title>\n<meta name=\"robots\" content=\"index, follow, max-snippet:-1, max-image-preview:large, max-video-preview:-1\" \/>\n<link rel=\"canonical\" href=\"https:\/\/www.antiquariat-fritzen.com\/fr\/qui-sommes-nous\/historique\/\" \/>\n<meta property=\"og:locale\" content=\"de_DE\" \/>\n<meta property=\"og:type\" content=\"article\" \/>\n<meta property=\"og:title\" content=\"Historique - Peter Fritzen\" \/>\n<meta property=\"og:description\" content=\"HistoriqueLorsque le 01.04.1987, trois \u00e9tudiants et un professeur luxembourgeois fond\u00e8rent le Trierer Buch- und Kunstantiquariat, personne ne se douta \u00e0 ce moment que pour deux des protagonistes cette occupation accessoire m\u00e8nerait \u00e0 une profession \u00e0 plein temps. Les locaux situ\u00e9s au num\u00e9ro 22 de la Simeonstra\u00dfe \u00e0 Tr\u00e8ves \u00e9taient spacieux, mais se confinaient au premier [&hellip;]\" \/>\n<meta property=\"og:url\" content=\"https:\/\/www.antiquariat-fritzen.com\/fr\/qui-sommes-nous\/historique\/\" \/>\n<meta property=\"og:site_name\" content=\"Peter Fritzen\" \/>\n<meta property=\"article:modified_time\" content=\"2024-03-07T15:44:34+00:00\" \/>\n<meta name=\"twitter:card\" content=\"summary_large_image\" \/>\n<meta name=\"twitter:label1\" content=\"Gesch\u00e4tzte Lesezeit\" \/>\n\t<meta name=\"twitter:data1\" content=\"3\u00a0Minuten\" \/>\n<script type=\"application\/ld+json\" class=\"yoast-schema-graph\">{\"@context\":\"https:\\\/\\\/schema.org\",\"@graph\":[{\"@type\":\"WebPage\",\"@id\":\"https:\\\/\\\/www.antiquariat-fritzen.com\\\/fr\\\/qui-sommes-nous\\\/historique\\\/\",\"url\":\"https:\\\/\\\/www.antiquariat-fritzen.com\\\/fr\\\/qui-sommes-nous\\\/historique\\\/\",\"name\":\"Historique - Peter Fritzen\",\"isPartOf\":{\"@id\":\"https:\\\/\\\/www.antiquariat-fritzen.com\\\/fr\\\/#website\"},\"datePublished\":\"2016-09-03T07:32:58+00:00\",\"dateModified\":\"2024-03-07T15:44:34+00:00\",\"breadcrumb\":{\"@id\":\"https:\\\/\\\/www.antiquariat-fritzen.com\\\/fr\\\/qui-sommes-nous\\\/historique\\\/#breadcrumb\"},\"inLanguage\":\"de\",\"potentialAction\":[{\"@type\":\"ReadAction\",\"target\":[\"https:\\\/\\\/www.antiquariat-fritzen.com\\\/fr\\\/qui-sommes-nous\\\/historique\\\/\"]}]},{\"@type\":\"BreadcrumbList\",\"@id\":\"https:\\\/\\\/www.antiquariat-fritzen.com\\\/fr\\\/qui-sommes-nous\\\/historique\\\/#breadcrumb\",\"itemListElement\":[{\"@type\":\"ListItem\",\"position\":1,\"name\":\"Startseite\",\"item\":\"https:\\\/\\\/www.antiquariat-fritzen.com\\\/fr\\\/\"},{\"@type\":\"ListItem\",\"position\":2,\"name\":\"Qui sommes-nous ?\",\"item\":\"https:\\\/\\\/www.antiquariat-fritzen.com\\\/fr\\\/qui-sommes-nous\\\/\"},{\"@type\":\"ListItem\",\"position\":3,\"name\":\"Historique\"}]},{\"@type\":\"WebSite\",\"@id\":\"https:\\\/\\\/www.antiquariat-fritzen.com\\\/fr\\\/#website\",\"url\":\"https:\\\/\\\/www.antiquariat-fritzen.com\\\/fr\\\/\",\"name\":\"Peter Fritzen\",\"description\":\"Antiquariat\",\"potentialAction\":[{\"@type\":\"SearchAction\",\"target\":{\"@type\":\"EntryPoint\",\"urlTemplate\":\"https:\\\/\\\/www.antiquariat-fritzen.com\\\/fr\\\/?s={search_term_string}\"},\"query-input\":{\"@type\":\"PropertyValueSpecification\",\"valueRequired\":true,\"valueName\":\"search_term_string\"}}],\"inLanguage\":\"de\"}]}<\/script>\n<!-- \/ Yoast SEO plugin. -->","yoast_head_json":{"title":"Historique - Peter Fritzen","robots":{"index":"index","follow":"follow","max-snippet":"max-snippet:-1","max-image-preview":"max-image-preview:large","max-video-preview":"max-video-preview:-1"},"canonical":"https:\/\/www.antiquariat-fritzen.com\/fr\/qui-sommes-nous\/historique\/","og_locale":"de_DE","og_type":"article","og_title":"Historique - Peter Fritzen","og_description":"HistoriqueLorsque le 01.04.1987, trois \u00e9tudiants et un professeur luxembourgeois fond\u00e8rent le Trierer Buch- und Kunstantiquariat, personne ne se douta \u00e0 ce moment que pour deux des protagonistes cette occupation accessoire m\u00e8nerait \u00e0 une profession \u00e0 plein temps. Les locaux situ\u00e9s au num\u00e9ro 22 de la Simeonstra\u00dfe \u00e0 Tr\u00e8ves \u00e9taient spacieux, mais se confinaient au premier [&hellip;]","og_url":"https:\/\/www.antiquariat-fritzen.com\/fr\/qui-sommes-nous\/historique\/","og_site_name":"Peter Fritzen","article_modified_time":"2024-03-07T15:44:34+00:00","twitter_card":"summary_large_image","twitter_misc":{"Gesch\u00e4tzte Lesezeit":"3\u00a0Minuten"},"schema":{"@context":"https:\/\/schema.org","@graph":[{"@type":"WebPage","@id":"https:\/\/www.antiquariat-fritzen.com\/fr\/qui-sommes-nous\/historique\/","url":"https:\/\/www.antiquariat-fritzen.com\/fr\/qui-sommes-nous\/historique\/","name":"Historique - Peter Fritzen","isPartOf":{"@id":"https:\/\/www.antiquariat-fritzen.com\/fr\/#website"},"datePublished":"2016-09-03T07:32:58+00:00","dateModified":"2024-03-07T15:44:34+00:00","breadcrumb":{"@id":"https:\/\/www.antiquariat-fritzen.com\/fr\/qui-sommes-nous\/historique\/#breadcrumb"},"inLanguage":"de","potentialAction":[{"@type":"ReadAction","target":["https:\/\/www.antiquariat-fritzen.com\/fr\/qui-sommes-nous\/historique\/"]}]},{"@type":"BreadcrumbList","@id":"https:\/\/www.antiquariat-fritzen.com\/fr\/qui-sommes-nous\/historique\/#breadcrumb","itemListElement":[{"@type":"ListItem","position":1,"name":"Startseite","item":"https:\/\/www.antiquariat-fritzen.com\/fr\/"},{"@type":"ListItem","position":2,"name":"Qui sommes-nous ?","item":"https:\/\/www.antiquariat-fritzen.com\/fr\/qui-sommes-nous\/"},{"@type":"ListItem","position":3,"name":"Historique"}]},{"@type":"WebSite","@id":"https:\/\/www.antiquariat-fritzen.com\/fr\/#website","url":"https:\/\/www.antiquariat-fritzen.com\/fr\/","name":"Peter Fritzen","description":"Antiquariat","potentialAction":[{"@type":"SearchAction","target":{"@type":"EntryPoint","urlTemplate":"https:\/\/www.antiquariat-fritzen.com\/fr\/?s={search_term_string}"},"query-input":{"@type":"PropertyValueSpecification","valueRequired":true,"valueName":"search_term_string"}}],"inLanguage":"de"}]}},"_links":{"self":[{"href":"https:\/\/www.antiquariat-fritzen.com\/fr\/wp-json\/wp\/v2\/pages\/98","targetHints":{"allow":["GET"]}}],"collection":[{"href":"https:\/\/www.antiquariat-fritzen.com\/fr\/wp-json\/wp\/v2\/pages"}],"about":[{"href":"https:\/\/www.antiquariat-fritzen.com\/fr\/wp-json\/wp\/v2\/types\/page"}],"author":[{"embeddable":true,"href":"https:\/\/www.antiquariat-fritzen.com\/fr\/wp-json\/wp\/v2\/users\/1"}],"replies":[{"embeddable":true,"href":"https:\/\/www.antiquariat-fritzen.com\/fr\/wp-json\/wp\/v2\/comments?post=98"}],"version-history":[{"count":17,"href":"https:\/\/www.antiquariat-fritzen.com\/fr\/wp-json\/wp\/v2\/pages\/98\/revisions"}],"predecessor-version":[{"id":883,"href":"https:\/\/www.antiquariat-fritzen.com\/fr\/wp-json\/wp\/v2\/pages\/98\/revisions\/883"}],"up":[{"embeddable":true,"href":"https:\/\/www.antiquariat-fritzen.com\/fr\/wp-json\/wp\/v2\/pages\/44"}],"wp:attachment":[{"href":"https:\/\/www.antiquariat-fritzen.com\/fr\/wp-json\/wp\/v2\/media?parent=98"}],"curies":[{"name":"wp","href":"https:\/\/api.w.org\/{rel}","templated":true}]}}