{"id":94,"date":"2016-09-03T09:31:12","date_gmt":"2016-09-03T07:31:12","guid":{"rendered":"http:\/\/www.antiquariat-fritzen.com\/de\/?page_id=94"},"modified":"2024-03-07T16:56:08","modified_gmt":"2024-03-07T15:56:08","slug":"permettez-moi-de-me-presenterson","status":"publish","type":"page","link":"https:\/\/www.antiquariat-fritzen.com\/fr\/qui-sommes-nous\/permettez-moi-de-me-presenterson\/","title":{"rendered":"Permettez-moi de me pr\u00e9senter"},"content":{"rendered":"<p>[et_pb_section fb_built=&#8220;1&#8243; admin_label=&#8220;section&#8220; _builder_version=&#8220;4.16&#8243; global_colors_info=&#8220;{}&#8220;][et_pb_row admin_label=&#8220;Zeile&#8220; _builder_version=&#8220;4.16&#8243; background_size=&#8220;initial&#8220; background_position=&#8220;top_left&#8220; background_repeat=&#8220;repeat&#8220; global_colors_info=&#8220;{}&#8220;][et_pb_column type=&#8220;4_4&#8243; _builder_version=&#8220;4.16&#8243; custom_padding=&#8220;|||&#8220; global_colors_info=&#8220;{}&#8220; custom_padding__hover=&#8220;|||&#8220;][et_pb_text admin_label=&#8220;Text: (H1) Zur Person&#8220; _builder_version=&#8220;4.24.0&#8243; background_size=&#8220;initial&#8220; background_position=&#8220;top_left&#8220; background_repeat=&#8220;repeat&#8220; text_orientation=&#8220;center&#8220; module_alignment=&#8220;center&#8220; use_border_color=&#8220;off&#8220; border_color=&#8220;#ffffff&#8220; border_style=&#8220;solid&#8220; global_colors_info=&#8220;{}&#8220;]<\/p>\n<h1>Permettez-moi de me pr\u00e9senter<\/h1>\n<p>[\/et_pb_text][\/et_pb_column][\/et_pb_row][et_pb_row column_structure=&#8220;1_3,2_3&#8243; admin_label=&#8220;row&#8220; _builder_version=&#8220;4.16&#8243; background_size=&#8220;initial&#8220; background_position=&#8220;top_left&#8220; background_repeat=&#8220;repeat&#8220; global_colors_info=&#8220;{}&#8220;][et_pb_column type=&#8220;1_3&#8243; _builder_version=&#8220;4.16&#8243; custom_padding=&#8220;|||&#8220; global_colors_info=&#8220;{}&#8220; custom_padding__hover=&#8220;|||&#8220;][et_pb_image src=&#8220;https:\/\/www.antiquariat-fritzen.com\/fr\/wp-content\/uploads\/antiquariat-fritzen_zur_person.jpg&#8220; alt=&#8220;Portrait Peter Fritzen (Antiquariat Fritzen)&#8220; title_text=&#8220;Antiquariat Fritzen  &#8211; Peter Fritzen&#8220; align_tablet=&#8220;center&#8220; align_phone=&#8220;center&#8220; align_last_edited=&#8220;on|desktop&#8220; admin_label=&#8220;Bild: Portrait Peter Fritzen&#8220; _builder_version=&#8220;4.24.0&#8243; animation_style=&#8220;slide&#8220; animation_direction=&#8220;left&#8220; animation_duration=&#8220;500ms&#8220; animation_intensity_slide=&#8220;10%&#8220; use_border_color=&#8220;off&#8220; border_color=&#8220;#ffffff&#8220; border_style=&#8220;solid&#8220; animation=&#8220;left&#8220; sticky=&#8220;off&#8220; always_center_on_mobile=&#8220;on&#8220; global_colors_info=&#8220;{}&#8220;] [\/et_pb_image][\/et_pb_column][et_pb_column type=&#8220;2_3&#8243; _builder_version=&#8220;4.16&#8243; custom_padding=&#8220;|||&#8220; global_colors_info=&#8220;{}&#8220; custom_padding__hover=&#8220;|||&#8220;][et_pb_text ul_type=&#8220;none&#8220; admin_label=&#8220;Text: Vita&#8220; _builder_version=&#8220;4.24.0&#8243; ul_line_height=&#8220;2em&#8220; background_size=&#8220;initial&#8220; background_position=&#8220;top_left&#8220; background_repeat=&#8220;repeat&#8220; hover_enabled=&#8220;0&#8243; use_border_color=&#8220;off&#8220; border_color=&#8220;#ffffff&#8220; border_style=&#8220;solid&#8220; global_colors_info=&#8220;{}&#8220; sticky_enabled=&#8220;0&#8243;]<\/p>\n<p>Peter Fritzen, n\u00e9 en 1958 \u00e0 Speicher (Eifel), depuis 1987, apr\u00e8s des \u00e9tudes d&#8217;histoire de l&#8217;art \u00e0 Tr\u00e8ves et \u00e0 Vienne, antiquaire ind\u00e9pendant, membre de l&#8217;Association des antiquaires allemands (VDA) et de la Ligue internationale des libraires antiquaires (ILAB).<\/p>\n<p>Outre mon activit\u00e9 de marchand, je suis l&#8217;auteur de plusieurs essais et articles, notamment sur des sujets li\u00e9s \u00e0 l&#8217;histoire du livre. S&#8217;y ajoute une activit\u00e9 d&#8217;expertise et de conseil pour des archives, des biblioth\u00e8ques et des mus\u00e9es luxembourgeois et allemands.<\/p>\n<p><strong>Parmi une s\u00e9rie de publications, il convient de mentionner les suivantes :<\/strong><\/p>\n<ul>\n<li>a) &#8222;Der &#8218;Lutzenburgii typus&#8216; des Antwerpener Verlages Gerard de Jode : Ein Neufund und neue Erkenntnisse zur \u00e4ltesten gedruckten Landkarte des Herzogtums Luxemburg&#8220;, dans : <em>H\u00e9mecht<\/em>. Zeitschrift f\u00fcr Luxemburger Geschichte, vol. 60 (2008) p 173-190 (avec Peter H. Meurer).<\/li>\n<li>&nbsp;<\/li>\n<li>b) &#8220; Die Eifel-Alben der Kunstanstalten Bernhoeft et Schaar &amp; Dathe. Ein Wettlauf um das sch\u00f6nste Foto-Album der Eifel&#8220;, dans : <em>Eifeljahrbuch 2010<\/em>, p. 156-163.<\/li>\n<li>&nbsp;<\/li>\n<li>c) &#8222;Charles Bernhoeft et ses concurrents de Tr\u00e8ves&#8220;, in : <em>Charles Bernhoeft, photographe de la Belle \u00c9poque<\/em>, \u00e9d. Edmond Thill, Luxembourg, Mus\u00e9e National d&#8217;Histoire et d&#8217;Art Luxembourg 2014, p. 413 -441, dont \u00e9galement &#8222;Catalogue des albums de Charles Bernhoeft&#8220;, p. 621 &#8211; 721 (avec Fernand Gonderinger et Edmond Thill).<\/li>\n<li>&nbsp;<\/li>\n<li>d) &#8220; Die Ortelius-Karte von Luxemburg und ihre Zust\u00e4nde&#8220;, in : <em>H\u00e9mecht<\/em>. Zeitschrift f\u00fcr Luxemburger Geschichte, vol. 69 (2017) p 149-160 (avec Karl Solchenbach).<\/li>\n<\/ul>\n<p>Je mets un point d&#8217;honneur \u00e0 soutenir les biblioth\u00e8ques r\u00e9gionales en ce qui concerne la constitution et l&#8217;entretien des collections. En tant que vice-pr\u00e9sident de la Soci\u00e9t\u00e9 des amis et m\u00e9c\u00e8nes, je m&#8217;engage particuli\u00e8rement dans la biblioth\u00e8que scientifique de la ville de Tr\u00e8ves, qui dispose d&#8217;un fonds de manuscrits et d&#8217;incunables d&#8217;importance suprar\u00e9gionale, voire exceptionnelle.<\/p>\n<p>Cf. <a href=\"http:\/\/www.volksfreund.de\/nachrichten\/magazin\/macher\/MACHER-Herr-der-wertvollen-Buecher-Der-Speicherer-Peter-Fritzen-fuehrt-seit-25-Jahren-ein-Antiquariat-in-Trier;art8223,3106846\">l&#8217;article : <\/a> \u201eHerr der wertvollen B\u00fccher\u201c du <em>Trierischer Volksfreund<\/em>.<\/p>\n<p><a href=\"http:\/\/r\u00f6merstrom-gladiators.de\/\" target=\"_blank\" rel=\"noopener\"><img loading=\"lazy\" decoding=\"async\" class=\"alignnone wp-image-175 size-full\" src=\"https:\/\/www.antiquariat-fritzen.com\/fr\/wp-content\/uploads\/logos\/logo_gladiators.png\" alt=\"logo_gladiators\" width=\"138\" height=\"130\" \/><\/a> <a href=\"http:\/\/www.trierer-buecher.de\/\" target=\"_blank\" rel=\"noopener\"><img loading=\"lazy\" decoding=\"async\" class=\"alignnone wp-image-174 size-full\" src=\"https:\/\/www.antiquariat-fritzen.com\/fr\/wp-content\/uploads\/logos\/logo_trierer-buecher.png\" alt=\"logo_trierer-buecher\" width=\"138\" height=\"130\" \/><\/a><\/p>\n<p>[\/et_pb_text][\/et_pb_column][\/et_pb_row][\/et_pb_section][et_pb_section fb_built=&#8220;1&#8243; custom_padding_last_edited=&#8220;on|desktop&#8220; admin_label=&#8220;Sektion&#8220; _builder_version=&#8220;4.16&#8243; background_color=&#8220;#e0e0e0&#8243; custom_padding_tablet=&#8220;50px|0|50px|0&#8243; custom_padding_phone=&#8220;50px|0|50px|0&#8243; transparent_background=&#8220;off&#8220; padding_mobile=&#8220;off&#8220; make_fullwidth=&#8220;off&#8220; use_custom_width=&#8220;off&#8220; width_unit=&#8220;on&#8220; global_colors_info=&#8220;{}&#8220;][et_pb_row column_structure=&#8220;1_2,1_2&#8243; admin_label=&#8220;Zeile&#8220; _builder_version=&#8220;4.16&#8243; background_size=&#8220;initial&#8220; background_position=&#8220;top_left&#8220; background_repeat=&#8220;repeat&#8220; global_colors_info=&#8220;{}&#8220;][et_pb_column type=&#8220;1_2&#8243; _builder_version=&#8220;4.16&#8243; custom_padding=&#8220;|||&#8220; global_colors_info=&#8220;{}&#8220; custom_padding__hover=&#8220;|||&#8220;][et_pb_button button_url=&#8220;@ET-DC@eyJkeW5hbWljIjp0cnVlLCJjb250ZW50IjoicG9zdF9saW5rX3VybF9wYWdlIiwic2V0dGluZ3MiOnsicG9zdF9pZCI6Ijg2In19@&#8220; button_text=&#8220;Chez moi \/ A domicile&#8220; button_alignment=&#8220;center&#8220; admin_label=&#8220;Taste: Zu Hause&#8220; _builder_version=&#8220;4.24.0&#8243; _dynamic_attributes=&#8220;button_url&#8220; button_letter_spacing_hover=&#8220;0&#8243; global_colors_info=&#8220;{}&#8220; button_text_size__hover_enabled=&#8220;off&#8220; button_one_text_size__hover_enabled=&#8220;off&#8220; button_two_text_size__hover_enabled=&#8220;off&#8220; button_text_color__hover_enabled=&#8220;off&#8220; button_one_text_color__hover_enabled=&#8220;off&#8220; button_two_text_color__hover_enabled=&#8220;off&#8220; button_border_width__hover_enabled=&#8220;off&#8220; button_one_border_width__hover_enabled=&#8220;off&#8220; button_two_border_width__hover_enabled=&#8220;off&#8220; button_border_color__hover_enabled=&#8220;off&#8220; button_one_border_color__hover_enabled=&#8220;off&#8220; button_two_border_color__hover_enabled=&#8220;off&#8220; button_border_radius__hover_enabled=&#8220;off&#8220; button_one_border_radius__hover_enabled=&#8220;off&#8220; button_two_border_radius__hover_enabled=&#8220;off&#8220; button_letter_spacing__hover_enabled=&#8220;on&#8220; button_letter_spacing__hover=&#8220;0&#8243; button_one_letter_spacing__hover_enabled=&#8220;off&#8220; button_two_letter_spacing__hover_enabled=&#8220;off&#8220; button_bg_color__hover_enabled=&#8220;off&#8220; button_one_bg_color__hover_enabled=&#8220;off&#8220; button_two_bg_color__hover_enabled=&#8220;off&#8220;] [\/et_pb_button][\/et_pb_column][et_pb_column type=&#8220;1_2&#8243; _builder_version=&#8220;4.16&#8243; custom_padding=&#8220;|||&#8220; global_colors_info=&#8220;{}&#8220; custom_padding__hover=&#8220;|||&#8220;][et_pb_button button_url=&#8220;@ET-DC@eyJkeW5hbWljIjp0cnVlLCJjb250ZW50IjoicG9zdF9saW5rX3VybF9wYWdlIiwic2V0dGluZ3MiOnsicG9zdF9pZCI6Ijk4In19@&#8220; button_text=&#8220;Historique&#8220; button_alignment=&#8220;center&#8220; admin_label=&#8220;Taste: Geschichte&#8220; _builder_version=&#8220;4.24.0&#8243; _dynamic_attributes=&#8220;button_url&#8220; button_letter_spacing_hover=&#8220;0&#8243; global_colors_info=&#8220;{}&#8220; button_text_size__hover_enabled=&#8220;off&#8220; button_one_text_size__hover_enabled=&#8220;off&#8220; button_two_text_size__hover_enabled=&#8220;off&#8220; button_text_color__hover_enabled=&#8220;off&#8220; button_one_text_color__hover_enabled=&#8220;off&#8220; button_two_text_color__hover_enabled=&#8220;off&#8220; button_border_width__hover_enabled=&#8220;off&#8220; button_one_border_width__hover_enabled=&#8220;off&#8220; button_two_border_width__hover_enabled=&#8220;off&#8220; button_border_color__hover_enabled=&#8220;off&#8220; button_one_border_color__hover_enabled=&#8220;off&#8220; button_two_border_color__hover_enabled=&#8220;off&#8220; button_border_radius__hover_enabled=&#8220;off&#8220; button_one_border_radius__hover_enabled=&#8220;off&#8220; button_two_border_radius__hover_enabled=&#8220;off&#8220; button_letter_spacing__hover_enabled=&#8220;on&#8220; button_letter_spacing__hover=&#8220;0&#8243; button_one_letter_spacing__hover_enabled=&#8220;off&#8220; button_two_letter_spacing__hover_enabled=&#8220;off&#8220; button_bg_color__hover_enabled=&#8220;off&#8220; button_one_bg_color__hover_enabled=&#8220;off&#8220; button_two_bg_color__hover_enabled=&#8220;off&#8220;] [\/et_pb_button][\/et_pb_column][\/et_pb_row][\/et_pb_section]<\/p>\n","protected":false},"excerpt":{"rendered":"<p>Permettez-moi de me pr\u00e9senter Peter Fritzen, n\u00e9 en 1958 \u00e0 Speicher (Eifel), depuis 1987, apr\u00e8s des \u00e9tudes d&#8217;histoire de l&#8217;art \u00e0 Tr\u00e8ves et \u00e0 Vienne, antiquaire ind\u00e9pendant, membre de l&#8217;Association des antiquaires allemands (VDA) et de la Ligue internationale des libraires antiquaires (ILAB). Outre mon activit\u00e9 de marchand, je suis l&#8217;auteur de plusieurs essais et [&hellip;]<\/p>\n","protected":false},"author":1,"featured_media":0,"parent":44,"menu_order":0,"comment_status":"closed","ping_status":"closed","template":"","meta":{"_et_pb_use_builder":"on","_et_pb_old_content":"","_et_gb_content_width":"","footnotes":""},"class_list":["post-94","page","type-page","status-publish","hentry"],"yoast_head":"<!-- This site is optimized with the Yoast SEO plugin v27.4 - https:\/\/yoast.com\/product\/yoast-seo-wordpress\/ -->\n<title>Permettez-moi de me pr\u00e9senter - Peter Fritzen<\/title>\n<meta name=\"robots\" content=\"index, follow, max-snippet:-1, max-image-preview:large, max-video-preview:-1\" \/>\n<link rel=\"canonical\" href=\"https:\/\/www.antiquariat-fritzen.com\/fr\/qui-sommes-nous\/permettez-moi-de-me-presenterson\/\" \/>\n<meta property=\"og:locale\" content=\"de_DE\" \/>\n<meta property=\"og:type\" content=\"article\" \/>\n<meta property=\"og:title\" content=\"Permettez-moi de me pr\u00e9senter - Peter Fritzen\" \/>\n<meta property=\"og:description\" content=\"Permettez-moi de me pr\u00e9senter Peter Fritzen, n\u00e9 en 1958 \u00e0 Speicher (Eifel), depuis 1987, apr\u00e8s des \u00e9tudes d&#039;histoire de l&#039;art \u00e0 Tr\u00e8ves et \u00e0 Vienne, antiquaire ind\u00e9pendant, membre de l&#039;Association des antiquaires allemands (VDA) et de la Ligue internationale des libraires antiquaires (ILAB). Outre mon activit\u00e9 de marchand, je suis l&#039;auteur de plusieurs essais et [&hellip;]\" \/>\n<meta property=\"og:url\" content=\"https:\/\/www.antiquariat-fritzen.com\/fr\/qui-sommes-nous\/permettez-moi-de-me-presenterson\/\" \/>\n<meta property=\"og:site_name\" content=\"Peter Fritzen\" \/>\n<meta property=\"article:modified_time\" content=\"2024-03-07T15:56:08+00:00\" \/>\n<meta property=\"og:image\" content=\"https:\/\/www.antiquariat-fritzen.com\/fr\/wp-content\/uploads\/logos\/logo_gladiators.png\" \/>\n<meta name=\"twitter:card\" content=\"summary_large_image\" \/>\n<meta name=\"twitter:label1\" content=\"Gesch\u00e4tzte Lesezeit\" \/>\n\t<meta name=\"twitter:data1\" content=\"3\u00a0Minuten\" \/>\n<script type=\"application\/ld+json\" class=\"yoast-schema-graph\">{\"@context\":\"https:\\\/\\\/schema.org\",\"@graph\":[{\"@type\":\"WebPage\",\"@id\":\"https:\\\/\\\/www.antiquariat-fritzen.com\\\/fr\\\/qui-sommes-nous\\\/permettez-moi-de-me-presenterson\\\/\",\"url\":\"https:\\\/\\\/www.antiquariat-fritzen.com\\\/fr\\\/qui-sommes-nous\\\/permettez-moi-de-me-presenterson\\\/\",\"name\":\"Permettez-moi de me pr\u00e9senter - Peter Fritzen\",\"isPartOf\":{\"@id\":\"https:\\\/\\\/www.antiquariat-fritzen.com\\\/fr\\\/#website\"},\"primaryImageOfPage\":{\"@id\":\"https:\\\/\\\/www.antiquariat-fritzen.com\\\/fr\\\/qui-sommes-nous\\\/permettez-moi-de-me-presenterson\\\/#primaryimage\"},\"image\":{\"@id\":\"https:\\\/\\\/www.antiquariat-fritzen.com\\\/fr\\\/qui-sommes-nous\\\/permettez-moi-de-me-presenterson\\\/#primaryimage\"},\"thumbnailUrl\":\"https:\\\/\\\/www.antiquariat-fritzen.com\\\/fr\\\/wp-content\\\/uploads\\\/logos\\\/logo_gladiators.png\",\"datePublished\":\"2016-09-03T07:31:12+00:00\",\"dateModified\":\"2024-03-07T15:56:08+00:00\",\"breadcrumb\":{\"@id\":\"https:\\\/\\\/www.antiquariat-fritzen.com\\\/fr\\\/qui-sommes-nous\\\/permettez-moi-de-me-presenterson\\\/#breadcrumb\"},\"inLanguage\":\"de\",\"potentialAction\":[{\"@type\":\"ReadAction\",\"target\":[\"https:\\\/\\\/www.antiquariat-fritzen.com\\\/fr\\\/qui-sommes-nous\\\/permettez-moi-de-me-presenterson\\\/\"]}]},{\"@type\":\"ImageObject\",\"inLanguage\":\"de\",\"@id\":\"https:\\\/\\\/www.antiquariat-fritzen.com\\\/fr\\\/qui-sommes-nous\\\/permettez-moi-de-me-presenterson\\\/#primaryimage\",\"url\":\"https:\\\/\\\/www.antiquariat-fritzen.com\\\/fr\\\/wp-content\\\/uploads\\\/logos\\\/logo_gladiators.png\",\"contentUrl\":\"https:\\\/\\\/www.antiquariat-fritzen.com\\\/fr\\\/wp-content\\\/uploads\\\/logos\\\/logo_gladiators.png\",\"width\":138,\"height\":130},{\"@type\":\"BreadcrumbList\",\"@id\":\"https:\\\/\\\/www.antiquariat-fritzen.com\\\/fr\\\/qui-sommes-nous\\\/permettez-moi-de-me-presenterson\\\/#breadcrumb\",\"itemListElement\":[{\"@type\":\"ListItem\",\"position\":1,\"name\":\"Startseite\",\"item\":\"https:\\\/\\\/www.antiquariat-fritzen.com\\\/fr\\\/\"},{\"@type\":\"ListItem\",\"position\":2,\"name\":\"Qui sommes-nous ?\",\"item\":\"https:\\\/\\\/www.antiquariat-fritzen.com\\\/fr\\\/qui-sommes-nous\\\/\"},{\"@type\":\"ListItem\",\"position\":3,\"name\":\"Permettez-moi de me pr\u00e9senter\"}]},{\"@type\":\"WebSite\",\"@id\":\"https:\\\/\\\/www.antiquariat-fritzen.com\\\/fr\\\/#website\",\"url\":\"https:\\\/\\\/www.antiquariat-fritzen.com\\\/fr\\\/\",\"name\":\"Peter Fritzen\",\"description\":\"Antiquariat\",\"potentialAction\":[{\"@type\":\"SearchAction\",\"target\":{\"@type\":\"EntryPoint\",\"urlTemplate\":\"https:\\\/\\\/www.antiquariat-fritzen.com\\\/fr\\\/?s={search_term_string}\"},\"query-input\":{\"@type\":\"PropertyValueSpecification\",\"valueRequired\":true,\"valueName\":\"search_term_string\"}}],\"inLanguage\":\"de\"}]}<\/script>\n<!-- \/ Yoast SEO plugin. -->","yoast_head_json":{"title":"Permettez-moi de me pr\u00e9senter - Peter Fritzen","robots":{"index":"index","follow":"follow","max-snippet":"max-snippet:-1","max-image-preview":"max-image-preview:large","max-video-preview":"max-video-preview:-1"},"canonical":"https:\/\/www.antiquariat-fritzen.com\/fr\/qui-sommes-nous\/permettez-moi-de-me-presenterson\/","og_locale":"de_DE","og_type":"article","og_title":"Permettez-moi de me pr\u00e9senter - Peter Fritzen","og_description":"Permettez-moi de me pr\u00e9senter Peter Fritzen, n\u00e9 en 1958 \u00e0 Speicher (Eifel), depuis 1987, apr\u00e8s des \u00e9tudes d'histoire de l'art \u00e0 Tr\u00e8ves et \u00e0 Vienne, antiquaire ind\u00e9pendant, membre de l'Association des antiquaires allemands (VDA) et de la Ligue internationale des libraires antiquaires (ILAB). Outre mon activit\u00e9 de marchand, je suis l'auteur de plusieurs essais et [&hellip;]","og_url":"https:\/\/www.antiquariat-fritzen.com\/fr\/qui-sommes-nous\/permettez-moi-de-me-presenterson\/","og_site_name":"Peter Fritzen","article_modified_time":"2024-03-07T15:56:08+00:00","og_image":[{"url":"https:\/\/www.antiquariat-fritzen.com\/fr\/wp-content\/uploads\/logos\/logo_gladiators.png","type":"","width":"","height":""}],"twitter_card":"summary_large_image","twitter_misc":{"Gesch\u00e4tzte Lesezeit":"3\u00a0Minuten"},"schema":{"@context":"https:\/\/schema.org","@graph":[{"@type":"WebPage","@id":"https:\/\/www.antiquariat-fritzen.com\/fr\/qui-sommes-nous\/permettez-moi-de-me-presenterson\/","url":"https:\/\/www.antiquariat-fritzen.com\/fr\/qui-sommes-nous\/permettez-moi-de-me-presenterson\/","name":"Permettez-moi de me pr\u00e9senter - Peter Fritzen","isPartOf":{"@id":"https:\/\/www.antiquariat-fritzen.com\/fr\/#website"},"primaryImageOfPage":{"@id":"https:\/\/www.antiquariat-fritzen.com\/fr\/qui-sommes-nous\/permettez-moi-de-me-presenterson\/#primaryimage"},"image":{"@id":"https:\/\/www.antiquariat-fritzen.com\/fr\/qui-sommes-nous\/permettez-moi-de-me-presenterson\/#primaryimage"},"thumbnailUrl":"https:\/\/www.antiquariat-fritzen.com\/fr\/wp-content\/uploads\/logos\/logo_gladiators.png","datePublished":"2016-09-03T07:31:12+00:00","dateModified":"2024-03-07T15:56:08+00:00","breadcrumb":{"@id":"https:\/\/www.antiquariat-fritzen.com\/fr\/qui-sommes-nous\/permettez-moi-de-me-presenterson\/#breadcrumb"},"inLanguage":"de","potentialAction":[{"@type":"ReadAction","target":["https:\/\/www.antiquariat-fritzen.com\/fr\/qui-sommes-nous\/permettez-moi-de-me-presenterson\/"]}]},{"@type":"ImageObject","inLanguage":"de","@id":"https:\/\/www.antiquariat-fritzen.com\/fr\/qui-sommes-nous\/permettez-moi-de-me-presenterson\/#primaryimage","url":"https:\/\/www.antiquariat-fritzen.com\/fr\/wp-content\/uploads\/logos\/logo_gladiators.png","contentUrl":"https:\/\/www.antiquariat-fritzen.com\/fr\/wp-content\/uploads\/logos\/logo_gladiators.png","width":138,"height":130},{"@type":"BreadcrumbList","@id":"https:\/\/www.antiquariat-fritzen.com\/fr\/qui-sommes-nous\/permettez-moi-de-me-presenterson\/#breadcrumb","itemListElement":[{"@type":"ListItem","position":1,"name":"Startseite","item":"https:\/\/www.antiquariat-fritzen.com\/fr\/"},{"@type":"ListItem","position":2,"name":"Qui sommes-nous ?","item":"https:\/\/www.antiquariat-fritzen.com\/fr\/qui-sommes-nous\/"},{"@type":"ListItem","position":3,"name":"Permettez-moi de me pr\u00e9senter"}]},{"@type":"WebSite","@id":"https:\/\/www.antiquariat-fritzen.com\/fr\/#website","url":"https:\/\/www.antiquariat-fritzen.com\/fr\/","name":"Peter Fritzen","description":"Antiquariat","potentialAction":[{"@type":"SearchAction","target":{"@type":"EntryPoint","urlTemplate":"https:\/\/www.antiquariat-fritzen.com\/fr\/?s={search_term_string}"},"query-input":{"@type":"PropertyValueSpecification","valueRequired":true,"valueName":"search_term_string"}}],"inLanguage":"de"}]}},"_links":{"self":[{"href":"https:\/\/www.antiquariat-fritzen.com\/fr\/wp-json\/wp\/v2\/pages\/94","targetHints":{"allow":["GET"]}}],"collection":[{"href":"https:\/\/www.antiquariat-fritzen.com\/fr\/wp-json\/wp\/v2\/pages"}],"about":[{"href":"https:\/\/www.antiquariat-fritzen.com\/fr\/wp-json\/wp\/v2\/types\/page"}],"author":[{"embeddable":true,"href":"https:\/\/www.antiquariat-fritzen.com\/fr\/wp-json\/wp\/v2\/users\/1"}],"replies":[{"embeddable":true,"href":"https:\/\/www.antiquariat-fritzen.com\/fr\/wp-json\/wp\/v2\/comments?post=94"}],"version-history":[{"count":15,"href":"https:\/\/www.antiquariat-fritzen.com\/fr\/wp-json\/wp\/v2\/pages\/94\/revisions"}],"predecessor-version":[{"id":894,"href":"https:\/\/www.antiquariat-fritzen.com\/fr\/wp-json\/wp\/v2\/pages\/94\/revisions\/894"}],"up":[{"embeddable":true,"href":"https:\/\/www.antiquariat-fritzen.com\/fr\/wp-json\/wp\/v2\/pages\/44"}],"wp:attachment":[{"href":"https:\/\/www.antiquariat-fritzen.com\/fr\/wp-json\/wp\/v2\/media?parent=94"}],"curies":[{"name":"wp","href":"https:\/\/api.w.org\/{rel}","templated":true}]}}