{"id":50,"date":"2016-08-31T19:32:33","date_gmt":"2016-08-31T17:32:33","guid":{"rendered":"http:\/\/www.antiquariat-fritzen.com\/de\/?page_id=50"},"modified":"2024-03-07T16:52:47","modified_gmt":"2024-03-07T15:52:47","slug":"achats","status":"publish","type":"page","link":"https:\/\/www.antiquariat-fritzen.com\/fr\/achats\/","title":{"rendered":"Achats"},"content":{"rendered":"<p>[et_pb_section fb_built=&#8220;1&#8243; admin_label=&#8220;Sektion&#8220; _builder_version=&#8220;4.16&#8243; global_colors_info=&#8220;{}&#8220;][et_pb_row admin_label=&#8220;row&#8220; _builder_version=&#8220;4.16&#8243; background_size=&#8220;initial&#8220; background_position=&#8220;top_left&#8220; background_repeat=&#8220;repeat&#8220; global_colors_info=&#8220;{}&#8220;][et_pb_column type=&#8220;4_4&#8243; _builder_version=&#8220;4.16&#8243; custom_padding=&#8220;|||&#8220; global_colors_info=&#8220;{}&#8220; custom_padding__hover=&#8220;|||&#8220;][et_pb_text admin_label=&#8220;Text: (H1) Ankauf und Dienstleistung&#8220; _builder_version=&#8220;4.24.0&#8243; background_size=&#8220;initial&#8220; background_position=&#8220;top_left&#8220; background_repeat=&#8220;repeat&#8220; text_orientation=&#8220;center&#8220; module_alignment=&#8220;center&#8220; hover_enabled=&#8220;0&#8243; use_border_color=&#8220;off&#8220; border_color=&#8220;#ffffff&#8220; border_style=&#8220;solid&#8220; global_colors_info=&#8220;{}&#8220; sticky_enabled=&#8220;0&#8243;]<\/p>\n<h1>Achat et prestations<\/h1>\n<p>[\/et_pb_text][\/et_pb_column][\/et_pb_row][et_pb_row column_structure=&#8220;1_2,1_2&#8243; admin_label=&#8220;Zeile&#8220; _builder_version=&#8220;4.24.0&#8243; background_size=&#8220;initial&#8220; background_position=&#8220;top_left&#8220; background_repeat=&#8220;repeat&#8220; global_colors_info=&#8220;{}&#8220;][et_pb_column type=&#8220;1_2&#8243; _builder_version=&#8220;4.16&#8243; custom_padding=&#8220;|||&#8220; global_colors_info=&#8220;{}&#8220; custom_padding__hover=&#8220;|||&#8220;][et_pb_blurb title=&#8220;Achat&#8220; image_icon_width=&#8220;none&#8220; admin_label=&#8220;Informationstext: Ankauf&#8220; _builder_version=&#8220;4.24.0&#8243; background_color=&#8220;#dddddd&#8220; background_size=&#8220;initial&#8220; background_position=&#8220;top_left&#8220; background_repeat=&#8220;repeat&#8220; text_orientation=&#8220;center&#8220; custom_margin=&#8220;15px|15px|15px|15px&#8220; custom_padding=&#8220;15px|15px|15px|15px&#8220; hover_enabled=&#8220;0&#8243; use_border_color=&#8220;off&#8220; border_color=&#8220;#dddddd&#8220; border_width=&#8220;2px&#8220; border_style=&#8220;solid&#8220; image_max_width=&#8220;none&#8220; use_circle=&#8220;off&#8220; use_circle_border=&#8220;off&#8220; circle_border_color=&#8220;#7EBEC5&#8243; circle_color=&#8220;#7EBEC5&#8243; global_colors_info=&#8220;{}&#8220; sticky_enabled=&#8220;0&#8243;]Je suis toujours int\u00e9ress\u00e9 par l&#8217;achat de livres anciens de valeur, de cartes g\u00e9ographiques historiques du 16e au 18e si\u00e8cle et de Luxemburgensia. Veuillez m&#8217;appeler ou m&#8217;envoyer un courriel avec des informations sur les objets ou la collection dont vous souhaitez vous s\u00e9parer.[\/et_pb_blurb][et_pb_image src=&#8220;https:\/\/www.antiquariat-fritzen.com\/fr\/wp-content\/uploads\/antiquariat-fritzen_ankauf-und-dienstleistungen_e.jpg&#8220; alt=&#8220;Antiquariat Fritzen: Ankauf und Dienstleistungen (e)&#8220; title_text=&#8220;Antiquariat Fritzen: Ankauf und Dienstleistungen (e)&#8220; show_in_lightbox=&#8220;on&#8220; align=&#8220;center&#8220; admin_label=&#8220;Bild&#8220; _builder_version=&#8220;4.24.0&#8243; width=&#8220;60%&#8220; animation_style=&#8220;slide&#8220; border_width_all=&#8220;1px&#8220; border_color_all=&#8220;#000000&#8243; box_shadow_style=&#8220;preset4&#8243; box_shadow_blur=&#8220;15px&#8220; box_shadow_spread=&#8220;1px&#8220; use_border_color=&#8220;off&#8220; border_color=&#8220;#ffffff&#8220; border_style=&#8220;solid&#8220; animation=&#8220;left&#8220; sticky=&#8220;off&#8220; always_center_on_mobile=&#8220;on&#8220; global_colors_info=&#8220;{}&#8220;] [\/et_pb_image][\/et_pb_column][et_pb_column type=&#8220;1_2&#8243; _builder_version=&#8220;4.16&#8243; custom_padding=&#8220;|||&#8220; global_colors_info=&#8220;{}&#8220; custom_padding__hover=&#8220;|||&#8220;][et_pb_blurb title=&#8220;Prestations culturelles et historiques&#8220; image_icon_width=&#8220;none&#8220; admin_label=&#8220;Informationstext: Dienstsleistung&#8220; _builder_version=&#8220;4.24.0&#8243; background_color=&#8220;#dddddd&#8220; background_size=&#8220;initial&#8220; background_position=&#8220;top_left&#8220; background_repeat=&#8220;repeat&#8220; text_orientation=&#8220;center&#8220; custom_margin=&#8220;15px|15px|15px|15px&#8220; custom_padding=&#8220;15px|15px|15px|15px&#8220; custom_padding_last_edited=&#8220;off|desktop&#8220; hover_enabled=&#8220;0&#8243; use_border_color=&#8220;off&#8220; border_color=&#8220;#dddddd&#8220; border_width=&#8220;2px&#8220; border_style=&#8220;solid&#8220; image_max_width=&#8220;none&#8220; use_circle=&#8220;off&#8220; use_circle_border=&#8220;off&#8220; circle_border_color=&#8220;#7EBEC5&#8243; circle_color=&#8220;#7EBEC5&#8243; global_colors_info=&#8220;{}&#8220; sticky_enabled=&#8220;0&#8243;]Je vous conseille volontiers pour la constitution et l&#8217;entretien de votre collection. Si vous le souhaitez, je peux vous repr\u00e9senter aux ventes aux ench\u00e8res nationales et internationales, de sorte que vous gardez l\u2019anonymat en tant que collectionneur.<\/p>\n<p>Sur demande et apr\u00e8s accord, je saisis votre collection dans un catalogue, que ce soit sous forme num\u00e9rique ou comme base d&#8217;une version imprim\u00e9e.<\/p>\n<p>Au cours des derni\u00e8res d\u00e9cennies, j&#8217;ai acquis une riche exp\u00e9rience dans l&#8217;expertise de documents d&#8217;archives, de livres et d&#8217;\u0153uvres graphiques. En tant qu&#8217;expert et conseiller, j&#8217;ai travaill\u00e9 et je travaille encore pour de nombreuses archives, biblioth\u00e8ques, mus\u00e9es, entreprises et personnes priv\u00e9es luxembourgeoises et allemandes.[\/et_pb_blurb][\/et_pb_column][\/et_pb_row][et_pb_row column_structure=&#8220;1_4,1_4,1_4,1_4&#8243; _builder_version=&#8220;4.24.0&#8243; _module_preset=&#8220;default&#8220; global_colors_info=&#8220;{}&#8220;][et_pb_column type=&#8220;1_4&#8243; _builder_version=&#8220;4.24.0&#8243; _module_preset=&#8220;default&#8220; global_colors_info=&#8220;{}&#8220;][et_pb_image src=&#8220;https:\/\/www.antiquariat-fritzen.com\/fr\/wp-content\/uploads\/antiquariat-fritzen_ankauf-und-dienstleistungen_a.jpg&#8220; alt=&#8220;Antiquariat Fritzen: Ankauf und Dienstleistungen (a)&#8220; title_text=&#8220;Antiquariat Fritzen: Ankauf und Dienstleistungen (a)&#8220; show_in_lightbox=&#8220;on&#8220; admin_label=&#8220;Bild&#8220; _builder_version=&#8220;4.24.0&#8243; _module_preset=&#8220;default&#8220; animation_style=&#8220;slide&#8220; border_width_all=&#8220;1px&#8220; border_color_all=&#8220;#000000&#8243; box_shadow_style=&#8220;preset4&#8243; box_shadow_blur=&#8220;15px&#8220; box_shadow_spread=&#8220;1px&#8220; global_colors_info=&#8220;{}&#8220;][\/et_pb_image][\/et_pb_column][et_pb_column type=&#8220;1_4&#8243; _builder_version=&#8220;4.24.0&#8243; _module_preset=&#8220;default&#8220; global_colors_info=&#8220;{}&#8220;][et_pb_image src=&#8220;https:\/\/www.antiquariat-fritzen.com\/fr\/wp-content\/uploads\/antiquariat-fritzen_ankauf-und-dienstleistungen_b.jpg&#8220; alt=&#8220;Antiquariat Fritzen: Ankauf und Dienstleistungen (b)&#8220; title_text=&#8220;Antiquariat Fritzen: Ankauf und Dienstleistungen (b)&#8220; show_in_lightbox=&#8220;on&#8220; admin_label=&#8220;Bild&#8220; _builder_version=&#8220;4.24.0&#8243; _module_preset=&#8220;default&#8220; animation_style=&#8220;slide&#8220; border_width_all=&#8220;1px&#8220; border_color_all=&#8220;#000000&#8243; box_shadow_style=&#8220;preset4&#8243; box_shadow_blur=&#8220;15px&#8220; box_shadow_spread=&#8220;1px&#8220; global_colors_info=&#8220;{}&#8220;][\/et_pb_image][\/et_pb_column][et_pb_column type=&#8220;1_4&#8243; _builder_version=&#8220;4.24.0&#8243; _module_preset=&#8220;default&#8220; global_colors_info=&#8220;{}&#8220;][et_pb_image src=&#8220;https:\/\/www.antiquariat-fritzen.com\/fr\/wp-content\/uploads\/antiquariat-fritzen_ankauf-und-dienstleistungen_c.jpg&#8220; alt=&#8220;Antiquariat Fritzen: Ankauf und Dienstleistungen (c)&#8220; title_text=&#8220;Antiquariat Fritzen: Ankauf und Dienstleistungen (c)&#8220; show_in_lightbox=&#8220;on&#8220; admin_label=&#8220;Bild&#8220; _builder_version=&#8220;4.24.0&#8243; _module_preset=&#8220;default&#8220; animation_style=&#8220;slide&#8220; border_width_all=&#8220;1px&#8220; border_color_all=&#8220;#000000&#8243; box_shadow_style=&#8220;preset4&#8243; box_shadow_blur=&#8220;15px&#8220; box_shadow_spread=&#8220;1px&#8220; global_colors_info=&#8220;{}&#8220;][\/et_pb_image][\/et_pb_column][et_pb_column type=&#8220;1_4&#8243; _builder_version=&#8220;4.24.0&#8243; _module_preset=&#8220;default&#8220; global_colors_info=&#8220;{}&#8220;][et_pb_image src=&#8220;https:\/\/www.antiquariat-fritzen.com\/fr\/wp-content\/uploads\/antiquariat-fritzen_ankauf-und-dienstleistungen_d.jpg&#8220; alt=&#8220;Antiquariat Fritzen: Ankauf und Dienstleistungen (d)&#8220; title_text=&#8220;Antiquariat Fritzen: Ankauf und Dienstleistungen (d)&#8220; show_in_lightbox=&#8220;on&#8220; admin_label=&#8220;Bild&#8220; _builder_version=&#8220;4.24.0&#8243; _module_preset=&#8220;default&#8220; animation_style=&#8220;slide&#8220; border_width_all=&#8220;1px&#8220; border_color_all=&#8220;#000000&#8243; box_shadow_style=&#8220;preset4&#8243; box_shadow_blur=&#8220;15px&#8220; box_shadow_spread=&#8220;1px&#8220; global_colors_info=&#8220;{}&#8220;][\/et_pb_image][\/et_pb_column][\/et_pb_row][\/et_pb_section]<\/p>\n","protected":false},"excerpt":{"rendered":"<p>Achat et prestationsJe suis toujours int\u00e9ress\u00e9 par l&#8217;achat de livres anciens de valeur, de cartes g\u00e9ographiques historiques du 16e au 18e si\u00e8cle et de Luxemburgensia. Veuillez m&#8217;appeler ou m&#8217;envoyer un courriel avec des informations sur les objets ou la collection dont vous souhaitez vous s\u00e9parer. Je vous conseille volontiers pour la constitution et l&#8217;entretien de [&hellip;]<\/p>\n","protected":false},"author":1,"featured_media":0,"parent":0,"menu_order":0,"comment_status":"closed","ping_status":"closed","template":"","meta":{"_et_pb_use_builder":"on","_et_pb_old_content":"","_et_gb_content_width":"","footnotes":""},"class_list":["post-50","page","type-page","status-publish","hentry"],"yoast_head":"<!-- This site is optimized with the Yoast SEO plugin v27.4 - https:\/\/yoast.com\/product\/yoast-seo-wordpress\/ -->\n<title>Achats - Peter Fritzen<\/title>\n<meta name=\"robots\" content=\"index, follow, max-snippet:-1, max-image-preview:large, max-video-preview:-1\" \/>\n<link rel=\"canonical\" href=\"https:\/\/www.antiquariat-fritzen.com\/fr\/achats\/\" \/>\n<meta property=\"og:locale\" content=\"de_DE\" \/>\n<meta property=\"og:type\" content=\"article\" \/>\n<meta property=\"og:title\" content=\"Achats - Peter Fritzen\" \/>\n<meta property=\"og:description\" content=\"Achat et prestationsJe suis toujours int\u00e9ress\u00e9 par l&#039;achat de livres anciens de valeur, de cartes g\u00e9ographiques historiques du 16e au 18e si\u00e8cle et de Luxemburgensia. Veuillez m&#039;appeler ou m&#039;envoyer un courriel avec des informations sur les objets ou la collection dont vous souhaitez vous s\u00e9parer. Je vous conseille volontiers pour la constitution et l&#039;entretien de [&hellip;]\" \/>\n<meta property=\"og:url\" content=\"https:\/\/www.antiquariat-fritzen.com\/fr\/achats\/\" \/>\n<meta property=\"og:site_name\" content=\"Peter Fritzen\" \/>\n<meta property=\"article:modified_time\" content=\"2024-03-07T15:52:47+00:00\" \/>\n<meta name=\"twitter:card\" content=\"summary_large_image\" \/>\n<meta name=\"twitter:label1\" content=\"Gesch\u00e4tzte Lesezeit\" \/>\n\t<meta name=\"twitter:data1\" content=\"2\u00a0Minuten\" \/>\n<script type=\"application\/ld+json\" class=\"yoast-schema-graph\">{\"@context\":\"https:\\\/\\\/schema.org\",\"@graph\":[{\"@type\":\"WebPage\",\"@id\":\"https:\\\/\\\/www.antiquariat-fritzen.com\\\/fr\\\/achats\\\/\",\"url\":\"https:\\\/\\\/www.antiquariat-fritzen.com\\\/fr\\\/achats\\\/\",\"name\":\"Achats - Peter Fritzen\",\"isPartOf\":{\"@id\":\"https:\\\/\\\/www.antiquariat-fritzen.com\\\/fr\\\/#website\"},\"datePublished\":\"2016-08-31T17:32:33+00:00\",\"dateModified\":\"2024-03-07T15:52:47+00:00\",\"breadcrumb\":{\"@id\":\"https:\\\/\\\/www.antiquariat-fritzen.com\\\/fr\\\/achats\\\/#breadcrumb\"},\"inLanguage\":\"de\",\"potentialAction\":[{\"@type\":\"ReadAction\",\"target\":[\"https:\\\/\\\/www.antiquariat-fritzen.com\\\/fr\\\/achats\\\/\"]}]},{\"@type\":\"BreadcrumbList\",\"@id\":\"https:\\\/\\\/www.antiquariat-fritzen.com\\\/fr\\\/achats\\\/#breadcrumb\",\"itemListElement\":[{\"@type\":\"ListItem\",\"position\":1,\"name\":\"Startseite\",\"item\":\"https:\\\/\\\/www.antiquariat-fritzen.com\\\/fr\\\/\"},{\"@type\":\"ListItem\",\"position\":2,\"name\":\"Achats\"}]},{\"@type\":\"WebSite\",\"@id\":\"https:\\\/\\\/www.antiquariat-fritzen.com\\\/fr\\\/#website\",\"url\":\"https:\\\/\\\/www.antiquariat-fritzen.com\\\/fr\\\/\",\"name\":\"Peter Fritzen\",\"description\":\"Antiquariat\",\"potentialAction\":[{\"@type\":\"SearchAction\",\"target\":{\"@type\":\"EntryPoint\",\"urlTemplate\":\"https:\\\/\\\/www.antiquariat-fritzen.com\\\/fr\\\/?s={search_term_string}\"},\"query-input\":{\"@type\":\"PropertyValueSpecification\",\"valueRequired\":true,\"valueName\":\"search_term_string\"}}],\"inLanguage\":\"de\"}]}<\/script>\n<!-- \/ Yoast SEO plugin. -->","yoast_head_json":{"title":"Achats - Peter Fritzen","robots":{"index":"index","follow":"follow","max-snippet":"max-snippet:-1","max-image-preview":"max-image-preview:large","max-video-preview":"max-video-preview:-1"},"canonical":"https:\/\/www.antiquariat-fritzen.com\/fr\/achats\/","og_locale":"de_DE","og_type":"article","og_title":"Achats - Peter Fritzen","og_description":"Achat et prestationsJe suis toujours int\u00e9ress\u00e9 par l'achat de livres anciens de valeur, de cartes g\u00e9ographiques historiques du 16e au 18e si\u00e8cle et de Luxemburgensia. Veuillez m'appeler ou m'envoyer un courriel avec des informations sur les objets ou la collection dont vous souhaitez vous s\u00e9parer. Je vous conseille volontiers pour la constitution et l'entretien de [&hellip;]","og_url":"https:\/\/www.antiquariat-fritzen.com\/fr\/achats\/","og_site_name":"Peter Fritzen","article_modified_time":"2024-03-07T15:52:47+00:00","twitter_card":"summary_large_image","twitter_misc":{"Gesch\u00e4tzte Lesezeit":"2\u00a0Minuten"},"schema":{"@context":"https:\/\/schema.org","@graph":[{"@type":"WebPage","@id":"https:\/\/www.antiquariat-fritzen.com\/fr\/achats\/","url":"https:\/\/www.antiquariat-fritzen.com\/fr\/achats\/","name":"Achats - Peter Fritzen","isPartOf":{"@id":"https:\/\/www.antiquariat-fritzen.com\/fr\/#website"},"datePublished":"2016-08-31T17:32:33+00:00","dateModified":"2024-03-07T15:52:47+00:00","breadcrumb":{"@id":"https:\/\/www.antiquariat-fritzen.com\/fr\/achats\/#breadcrumb"},"inLanguage":"de","potentialAction":[{"@type":"ReadAction","target":["https:\/\/www.antiquariat-fritzen.com\/fr\/achats\/"]}]},{"@type":"BreadcrumbList","@id":"https:\/\/www.antiquariat-fritzen.com\/fr\/achats\/#breadcrumb","itemListElement":[{"@type":"ListItem","position":1,"name":"Startseite","item":"https:\/\/www.antiquariat-fritzen.com\/fr\/"},{"@type":"ListItem","position":2,"name":"Achats"}]},{"@type":"WebSite","@id":"https:\/\/www.antiquariat-fritzen.com\/fr\/#website","url":"https:\/\/www.antiquariat-fritzen.com\/fr\/","name":"Peter Fritzen","description":"Antiquariat","potentialAction":[{"@type":"SearchAction","target":{"@type":"EntryPoint","urlTemplate":"https:\/\/www.antiquariat-fritzen.com\/fr\/?s={search_term_string}"},"query-input":{"@type":"PropertyValueSpecification","valueRequired":true,"valueName":"search_term_string"}}],"inLanguage":"de"}]}},"_links":{"self":[{"href":"https:\/\/www.antiquariat-fritzen.com\/fr\/wp-json\/wp\/v2\/pages\/50","targetHints":{"allow":["GET"]}}],"collection":[{"href":"https:\/\/www.antiquariat-fritzen.com\/fr\/wp-json\/wp\/v2\/pages"}],"about":[{"href":"https:\/\/www.antiquariat-fritzen.com\/fr\/wp-json\/wp\/v2\/types\/page"}],"author":[{"embeddable":true,"href":"https:\/\/www.antiquariat-fritzen.com\/fr\/wp-json\/wp\/v2\/users\/1"}],"replies":[{"embeddable":true,"href":"https:\/\/www.antiquariat-fritzen.com\/fr\/wp-json\/wp\/v2\/comments?post=50"}],"version-history":[{"count":19,"href":"https:\/\/www.antiquariat-fritzen.com\/fr\/wp-json\/wp\/v2\/pages\/50\/revisions"}],"predecessor-version":[{"id":890,"href":"https:\/\/www.antiquariat-fritzen.com\/fr\/wp-json\/wp\/v2\/pages\/50\/revisions\/890"}],"wp:attachment":[{"href":"https:\/\/www.antiquariat-fritzen.com\/fr\/wp-json\/wp\/v2\/media?parent=50"}],"curies":[{"name":"wp","href":"https:\/\/api.w.org\/{rel}","templated":true}]}}