{"id":48,"date":"2016-08-31T19:31:49","date_gmt":"2016-08-31T17:31:49","guid":{"rendered":"http:\/\/www.antiquariat-fritzen.com\/de\/?page_id=48"},"modified":"2024-03-07T16:51:14","modified_gmt":"2024-03-07T15:51:14","slug":"luxembourg","status":"publish","type":"page","link":"https:\/\/www.antiquariat-fritzen.com\/fr\/luxembourg\/","title":{"rendered":"Luxembourg"},"content":{"rendered":"<p>[et_pb_section fb_built=&#8220;1&#8243; admin_label=&#8220;section&#8220; _builder_version=&#8220;4.16&#8243; global_colors_info=&#8220;{}&#8220;][et_pb_row admin_label=&#8220;Zeile&#8220; _builder_version=&#8220;4.16&#8243; background_size=&#8220;initial&#8220; background_position=&#8220;top_left&#8220; background_repeat=&#8220;repeat&#8220; global_colors_info=&#8220;{}&#8220;][et_pb_column type=&#8220;4_4&#8243; _builder_version=&#8220;4.16&#8243; custom_padding=&#8220;|||&#8220; global_colors_info=&#8220;{}&#8220; custom_padding__hover=&#8220;|||&#8220;][et_pb_text admin_label=&#8220;Text: (H1) Luxemburg&#8220; _builder_version=&#8220;4.24.0&#8243; background_size=&#8220;initial&#8220; background_position=&#8220;top_left&#8220; background_repeat=&#8220;repeat&#8220; text_orientation=&#8220;center&#8220; module_alignment=&#8220;center&#8220; use_border_color=&#8220;off&#8220; border_color=&#8220;#ffffff&#8220; border_style=&#8220;solid&#8220; global_colors_info=&#8220;{}&#8220;]<\/p>\n<h1>Luxembourg<\/h1>\n<p>[\/et_pb_text][\/et_pb_column][\/et_pb_row][et_pb_row column_structure=&#8220;1_3,2_3&#8243; admin_label=&#8220;Zeile&#8220; _builder_version=&#8220;4.16&#8243; background_size=&#8220;initial&#8220; background_position=&#8220;top_left&#8220; background_repeat=&#8220;repeat&#8220; global_colors_info=&#8220;{}&#8220;][et_pb_column type=&#8220;1_3&#8243; _builder_version=&#8220;4.16&#8243; custom_padding=&#8220;|||&#8220; global_colors_info=&#8220;{}&#8220; custom_padding__hover=&#8220;|||&#8220;][et_pb_image src=&#8220;https:\/\/www.antiquariat-fritzen.com\/fr\/wp-content\/uploads\/antiquariat-fritzen_le-duche-de-luxembourg.jpg&#8220; alt=&#8220;Antiquariat Fritzen &#8211; Le duch\u00e9 de Luxembourg&#8220; title_text=&#8220;Antiquariat Fritzen &#8211; Le duch\u00e9 de Luxembourg&#8220; show_in_lightbox=&#8220;on&#8220; align_tablet=&#8220;center&#8220; align_phone=&#8220;center&#8220; align_last_edited=&#8220;on|desktop&#8220; admin_label=&#8220;Bild: Le duch\u00e9 de Luxembourg&#8220; _builder_version=&#8220;4.24.0&#8243; animation_style=&#8220;slide&#8220; animation_direction=&#8220;left&#8220; animation_duration=&#8220;500ms&#8220; animation_intensity_slide=&#8220;10%&#8220; use_border_color=&#8220;off&#8220; border_color=&#8220;#ffffff&#8220; border_style=&#8220;solid&#8220; animation=&#8220;left&#8220; sticky=&#8220;off&#8220; always_center_on_mobile=&#8220;on&#8220; global_colors_info=&#8220;{}&#8220;][\/et_pb_image][\/et_pb_column][et_pb_column type=&#8220;2_3&#8243; _builder_version=&#8220;4.16&#8243; custom_padding=&#8220;|||&#8220; global_colors_info=&#8220;{}&#8220; custom_padding__hover=&#8220;|||&#8220;][et_pb_text admin_label=&#8220;Text&#8220; _builder_version=&#8220;4.24.0&#8243; background_size=&#8220;initial&#8220; background_position=&#8220;top_left&#8220; background_repeat=&#8220;repeat&#8220; hover_enabled=&#8220;0&#8243; use_border_color=&#8220;off&#8220; border_color=&#8220;#ffffff&#8220; border_style=&#8220;solid&#8220; global_colors_info=&#8220;{}&#8220; sticky_enabled=&#8220;0&#8243;]<\/p>\n<p>Dans ma librairie d&#8217;occasion, l&#8217;accent est mis sur les cartes g\u00e9ographiques, les vues de villes et les livres concernant le Grand-Duch\u00e9 de Luxembourg et son pr\u00e9d\u00e9cesseur, le Duch\u00e9 de Luxembourg. J&#8217;ai consacr\u00e9 en 2009 une exposition tr\u00e8s remarqu\u00e9e au photographe de la Cour luxembourgeois Charles Bernhoeft et \u00e0 ses concurrents de Tr\u00e8ves Schaar &amp; Dathe, et j&#8217;ai collabor\u00e9 \u00e0 l&#8216;<em>opus magnum<\/em> sur son \u0153uvre (<em>Charles Bernhoeft, photographe de la Belle \u00c9poque<\/em>, Luxembourg 2014).<\/p>\n<p>Presque toutes les institutions et de nombreux clients priv\u00e9s au Luxembourg font partie de ma client\u00e8le depuis des d\u00e9cennies.<\/p>\n<p>Si vous \u00eates int\u00e9ress\u00e9 par des offres g\u00e9n\u00e9rales sur le Luxembourg ou si vous avez des souhaits de recherche sp\u00e9cifiques, n&#8217;h\u00e9sitez pas \u00e0 me contacter. Au d\u00e9but de chaque ann\u00e9e, j&#8217;expose \u00e0 la Foire des Antiquaires \u00e0 Luxembourg-Kirchberg. Je vous enverrai volontiers une invitation personnelle vous r\u00e9servant une entr\u00e9e gratuite pour deux personnes.<\/p>\n<p>[\/et_pb_text][\/et_pb_column][\/et_pb_row][et_pb_row admin_label=&#8220;row&#8220; _builder_version=&#8220;4.16&#8243; background_size=&#8220;initial&#8220; background_position=&#8220;top_left&#8220; background_repeat=&#8220;repeat&#8220; global_colors_info=&#8220;{}&#8220;][et_pb_column type=&#8220;4_4&#8243; _builder_version=&#8220;4.16&#8243; custom_padding=&#8220;|||&#8220; global_colors_info=&#8220;{}&#8220; custom_padding__hover=&#8220;|||&#8220;][et_pb_gallery gallery_ids=&#8220;131,130,139,138,135,136,133,134,132,137&#8243; posts_number=&#8220;20&#8243; show_title_and_caption=&#8220;off&#8220; show_pagination=&#8220;off&#8220; admin_label=&#8220;Galerie&#8220; _builder_version=&#8220;4.16&#8243; use_border_color=&#8220;off&#8220; border_color=&#8220;#ffffff&#8220; border_style=&#8220;solid&#8220; global_colors_info=&#8220;{}&#8220;][\/et_pb_gallery][\/et_pb_column][\/et_pb_row][\/et_pb_section]<\/p>\n","protected":false},"excerpt":{"rendered":"<p>LuxembourgDans ma librairie d&#8217;occasion, l&#8217;accent est mis sur les cartes g\u00e9ographiques, les vues de villes et les livres concernant le Grand-Duch\u00e9 de Luxembourg et son pr\u00e9d\u00e9cesseur, le Duch\u00e9 de Luxembourg. J&#8217;ai consacr\u00e9 en 2009 une exposition tr\u00e8s remarqu\u00e9e au photographe de la Cour luxembourgeois Charles Bernhoeft et \u00e0 ses concurrents de Tr\u00e8ves Schaar &amp; Dathe, [&hellip;]<\/p>\n","protected":false},"author":1,"featured_media":0,"parent":0,"menu_order":0,"comment_status":"closed","ping_status":"closed","template":"","meta":{"_et_pb_use_builder":"on","_et_pb_old_content":"","_et_gb_content_width":"","footnotes":""},"class_list":["post-48","page","type-page","status-publish","hentry"],"yoast_head":"<!-- This site is optimized with the Yoast SEO plugin v27.4 - https:\/\/yoast.com\/product\/yoast-seo-wordpress\/ -->\n<title>Luxembourg - Peter Fritzen<\/title>\n<meta name=\"robots\" content=\"index, follow, max-snippet:-1, max-image-preview:large, max-video-preview:-1\" \/>\n<link rel=\"canonical\" href=\"https:\/\/www.antiquariat-fritzen.com\/fr\/luxembourg\/\" \/>\n<meta property=\"og:locale\" content=\"de_DE\" \/>\n<meta property=\"og:type\" content=\"article\" \/>\n<meta property=\"og:title\" content=\"Luxembourg - Peter Fritzen\" \/>\n<meta property=\"og:description\" content=\"LuxembourgDans ma librairie d&#039;occasion, l&#039;accent est mis sur les cartes g\u00e9ographiques, les vues de villes et les livres concernant le Grand-Duch\u00e9 de Luxembourg et son pr\u00e9d\u00e9cesseur, le Duch\u00e9 de Luxembourg. J&#039;ai consacr\u00e9 en 2009 une exposition tr\u00e8s remarqu\u00e9e au photographe de la Cour luxembourgeois Charles Bernhoeft et \u00e0 ses concurrents de Tr\u00e8ves Schaar &amp; Dathe, [&hellip;]\" \/>\n<meta property=\"og:url\" content=\"https:\/\/www.antiquariat-fritzen.com\/fr\/luxembourg\/\" \/>\n<meta property=\"og:site_name\" content=\"Peter Fritzen\" \/>\n<meta property=\"article:modified_time\" content=\"2024-03-07T15:51:14+00:00\" \/>\n<meta name=\"twitter:card\" content=\"summary_large_image\" \/>\n<meta name=\"twitter:label1\" content=\"Gesch\u00e4tzte Lesezeit\" \/>\n\t<meta name=\"twitter:data1\" content=\"3\u00a0Minuten\" \/>\n<script type=\"application\/ld+json\" class=\"yoast-schema-graph\">{\"@context\":\"https:\\\/\\\/schema.org\",\"@graph\":[{\"@type\":\"WebPage\",\"@id\":\"https:\\\/\\\/www.antiquariat-fritzen.com\\\/fr\\\/luxembourg\\\/\",\"url\":\"https:\\\/\\\/www.antiquariat-fritzen.com\\\/fr\\\/luxembourg\\\/\",\"name\":\"Luxembourg - Peter Fritzen\",\"isPartOf\":{\"@id\":\"https:\\\/\\\/www.antiquariat-fritzen.com\\\/fr\\\/#website\"},\"datePublished\":\"2016-08-31T17:31:49+00:00\",\"dateModified\":\"2024-03-07T15:51:14+00:00\",\"breadcrumb\":{\"@id\":\"https:\\\/\\\/www.antiquariat-fritzen.com\\\/fr\\\/luxembourg\\\/#breadcrumb\"},\"inLanguage\":\"de\",\"potentialAction\":[{\"@type\":\"ReadAction\",\"target\":[\"https:\\\/\\\/www.antiquariat-fritzen.com\\\/fr\\\/luxembourg\\\/\"]}]},{\"@type\":\"BreadcrumbList\",\"@id\":\"https:\\\/\\\/www.antiquariat-fritzen.com\\\/fr\\\/luxembourg\\\/#breadcrumb\",\"itemListElement\":[{\"@type\":\"ListItem\",\"position\":1,\"name\":\"Startseite\",\"item\":\"https:\\\/\\\/www.antiquariat-fritzen.com\\\/fr\\\/\"},{\"@type\":\"ListItem\",\"position\":2,\"name\":\"Luxembourg\"}]},{\"@type\":\"WebSite\",\"@id\":\"https:\\\/\\\/www.antiquariat-fritzen.com\\\/fr\\\/#website\",\"url\":\"https:\\\/\\\/www.antiquariat-fritzen.com\\\/fr\\\/\",\"name\":\"Peter Fritzen\",\"description\":\"Antiquariat\",\"potentialAction\":[{\"@type\":\"SearchAction\",\"target\":{\"@type\":\"EntryPoint\",\"urlTemplate\":\"https:\\\/\\\/www.antiquariat-fritzen.com\\\/fr\\\/?s={search_term_string}\"},\"query-input\":{\"@type\":\"PropertyValueSpecification\",\"valueRequired\":true,\"valueName\":\"search_term_string\"}}],\"inLanguage\":\"de\"}]}<\/script>\n<!-- \/ Yoast SEO plugin. -->","yoast_head_json":{"title":"Luxembourg - Peter Fritzen","robots":{"index":"index","follow":"follow","max-snippet":"max-snippet:-1","max-image-preview":"max-image-preview:large","max-video-preview":"max-video-preview:-1"},"canonical":"https:\/\/www.antiquariat-fritzen.com\/fr\/luxembourg\/","og_locale":"de_DE","og_type":"article","og_title":"Luxembourg - Peter Fritzen","og_description":"LuxembourgDans ma librairie d'occasion, l'accent est mis sur les cartes g\u00e9ographiques, les vues de villes et les livres concernant le Grand-Duch\u00e9 de Luxembourg et son pr\u00e9d\u00e9cesseur, le Duch\u00e9 de Luxembourg. J'ai consacr\u00e9 en 2009 une exposition tr\u00e8s remarqu\u00e9e au photographe de la Cour luxembourgeois Charles Bernhoeft et \u00e0 ses concurrents de Tr\u00e8ves Schaar &amp; Dathe, [&hellip;]","og_url":"https:\/\/www.antiquariat-fritzen.com\/fr\/luxembourg\/","og_site_name":"Peter Fritzen","article_modified_time":"2024-03-07T15:51:14+00:00","twitter_card":"summary_large_image","twitter_misc":{"Gesch\u00e4tzte Lesezeit":"3\u00a0Minuten"},"schema":{"@context":"https:\/\/schema.org","@graph":[{"@type":"WebPage","@id":"https:\/\/www.antiquariat-fritzen.com\/fr\/luxembourg\/","url":"https:\/\/www.antiquariat-fritzen.com\/fr\/luxembourg\/","name":"Luxembourg - Peter Fritzen","isPartOf":{"@id":"https:\/\/www.antiquariat-fritzen.com\/fr\/#website"},"datePublished":"2016-08-31T17:31:49+00:00","dateModified":"2024-03-07T15:51:14+00:00","breadcrumb":{"@id":"https:\/\/www.antiquariat-fritzen.com\/fr\/luxembourg\/#breadcrumb"},"inLanguage":"de","potentialAction":[{"@type":"ReadAction","target":["https:\/\/www.antiquariat-fritzen.com\/fr\/luxembourg\/"]}]},{"@type":"BreadcrumbList","@id":"https:\/\/www.antiquariat-fritzen.com\/fr\/luxembourg\/#breadcrumb","itemListElement":[{"@type":"ListItem","position":1,"name":"Startseite","item":"https:\/\/www.antiquariat-fritzen.com\/fr\/"},{"@type":"ListItem","position":2,"name":"Luxembourg"}]},{"@type":"WebSite","@id":"https:\/\/www.antiquariat-fritzen.com\/fr\/#website","url":"https:\/\/www.antiquariat-fritzen.com\/fr\/","name":"Peter Fritzen","description":"Antiquariat","potentialAction":[{"@type":"SearchAction","target":{"@type":"EntryPoint","urlTemplate":"https:\/\/www.antiquariat-fritzen.com\/fr\/?s={search_term_string}"},"query-input":{"@type":"PropertyValueSpecification","valueRequired":true,"valueName":"search_term_string"}}],"inLanguage":"de"}]}},"_links":{"self":[{"href":"https:\/\/www.antiquariat-fritzen.com\/fr\/wp-json\/wp\/v2\/pages\/48","targetHints":{"allow":["GET"]}}],"collection":[{"href":"https:\/\/www.antiquariat-fritzen.com\/fr\/wp-json\/wp\/v2\/pages"}],"about":[{"href":"https:\/\/www.antiquariat-fritzen.com\/fr\/wp-json\/wp\/v2\/types\/page"}],"author":[{"embeddable":true,"href":"https:\/\/www.antiquariat-fritzen.com\/fr\/wp-json\/wp\/v2\/users\/1"}],"replies":[{"embeddable":true,"href":"https:\/\/www.antiquariat-fritzen.com\/fr\/wp-json\/wp\/v2\/comments?post=48"}],"version-history":[{"count":5,"href":"https:\/\/www.antiquariat-fritzen.com\/fr\/wp-json\/wp\/v2\/pages\/48\/revisions"}],"predecessor-version":[{"id":887,"href":"https:\/\/www.antiquariat-fritzen.com\/fr\/wp-json\/wp\/v2\/pages\/48\/revisions\/887"}],"wp:attachment":[{"href":"https:\/\/www.antiquariat-fritzen.com\/fr\/wp-json\/wp\/v2\/media?parent=48"}],"curies":[{"name":"wp","href":"https:\/\/api.w.org\/{rel}","templated":true}]}}