{"id":98,"date":"2016-09-03T09:32:58","date_gmt":"2016-09-03T07:32:58","guid":{"rendered":"http:\/\/www.antiquariat-fritzen.com\/de\/?page_id=98"},"modified":"2024-03-07T06:20:15","modified_gmt":"2024-03-07T05:20:15","slug":"geschichte","status":"publish","type":"page","link":"https:\/\/www.antiquariat-fritzen.com\/de\/ueber-uns\/geschichte\/","title":{"rendered":"Geschichte"},"content":{"rendered":"<p>[et_pb_section fb_built=&#8220;1&#8243; admin_label=&#8220;section&#8220; _builder_version=&#8220;4.16&#8243; global_colors_info=&#8220;{}&#8220;][et_pb_row admin_label=&#8220;Zeile&#8220; _builder_version=&#8220;4.16&#8243; background_size=&#8220;initial&#8220; background_position=&#8220;top_left&#8220; background_repeat=&#8220;repeat&#8220; global_colors_info=&#8220;{}&#8220;][et_pb_column type=&#8220;4_4&#8243; _builder_version=&#8220;4.16&#8243; custom_padding=&#8220;|||&#8220; global_colors_info=&#8220;{}&#8220; custom_padding__hover=&#8220;|||&#8220;][et_pb_text admin_label=&#8220;Text: (H1) Geschichte&#8220; _builder_version=&#8220;4.24.0&#8243; background_size=&#8220;initial&#8220; background_position=&#8220;top_left&#8220; background_repeat=&#8220;repeat&#8220; text_orientation=&#8220;center&#8220; module_alignment=&#8220;center&#8220; use_border_color=&#8220;off&#8220; border_color=&#8220;#ffffff&#8220; border_style=&#8220;solid&#8220; global_colors_info=&#8220;{}&#8220;]<\/p>\n<h1>Geschichte<\/h1>\n<p>[\/et_pb_text][\/et_pb_column][\/et_pb_row][et_pb_row admin_label=&#8220;Zeile&#8220; _builder_version=&#8220;4.24.0&#8243; background_size=&#8220;initial&#8220; background_position=&#8220;top_left&#8220; background_repeat=&#8220;repeat&#8220; global_colors_info=&#8220;{}&#8220;][et_pb_column type=&#8220;4_4&#8243; _builder_version=&#8220;4.16&#8243; custom_padding=&#8220;|||&#8220; global_colors_info=&#8220;{}&#8220; custom_padding__hover=&#8220;|||&#8220;][et_pb_text admin_label=&#8220;Text: Die Geschichte a&#8220; _builder_version=&#8220;4.24.0&#8243; background_size=&#8220;initial&#8220; background_position=&#8220;top_left&#8220; background_repeat=&#8220;repeat&#8220; use_border_color=&#8220;off&#8220; border_color=&#8220;#ffffff&#8220; border_style=&#8220;solid&#8220; global_colors_info=&#8220;{}&#8220;]Als am 01.04.1987 drei Studenten und ein luxemburgischer Studienrat das \u201eTrierer Buch- und Kunstantiquariat\u201c gr\u00fcndeten, ahnte niemand, da\u00df aus diesem Nebenerwerb f\u00fcr zwei der Studenten ein Hauptberuf werden sollte. Die R\u00e4umlichkeiten in der Trierer Simeonstra\u00dfe Nr. 22 waren ger\u00e4umig, lagen allerdings etwas versteckt in der 1. Etage.[\/et_pb_text][\/et_pb_column][\/et_pb_row][et_pb_row column_structure=&#8220;3_5,2_5&#8243; admin_label=&#8220;Zeile&#8220; _builder_version=&#8220;4.24.0&#8243; background_size=&#8220;initial&#8220; background_position=&#8220;top_left&#8220; background_repeat=&#8220;repeat&#8220; global_colors_info=&#8220;{}&#8220;][et_pb_column type=&#8220;3_5&#8243; _builder_version=&#8220;4.16&#8243; custom_padding=&#8220;|||&#8220; global_colors_info=&#8220;{}&#8220; custom_padding__hover=&#8220;|||&#8220;][et_pb_text admin_label=&#8220;Text: Die Geschichte b&#8220; _builder_version=&#8220;4.24.0&#8243; background_size=&#8220;initial&#8220; background_position=&#8220;top_left&#8220; background_repeat=&#8220;repeat&#8220; use_border_color=&#8220;off&#8220; border_color=&#8220;#ffffff&#8220; border_style=&#8220;solid&#8220; global_colors_info=&#8220;{}&#8220;]Am 01.01.1990 schieden sich zwar nicht die Geister, aber zwei Gesellschafter aus, und es verblieben Peter Schwarz und Peter Fritzen, die beide aus dem H\u00e4ndlerort Speicher in der Eifel stammten und sich seit dem Kindergarten kannten. Bis zum Jahre 2008 f\u00fchrten sie gemeinsam eine GbR.<\/p>\n<p>Zur Vollerwerbst\u00e4tigkeit kam es nach der Er\u00f6ffnung des neuen Ladenlokals in bester touristischer Lage am 02. Mai 1992: Das Antiquariat am Dom in der Sternstra\u00dfe 4 war die gemeinsame Plattform f\u00fcr eine erfolgreiche Zukunft. Mit dem Erfolg wuchsen auch die Best\u00e4nde und so wurde am 1. Oktober 2001 ein zweiter gemeinsamer Standort in der Ostallee 45 er\u00f6ffnet. Im Kunsthaus am Museum konnten fortan die wertvollen B\u00fccher und Graphiken angemessen pr\u00e4sentiert werden.<\/p>\n<p>Wegen Unterschiede in der jeweiligen Gesch\u00e4ftsphilosophie erfolgte am 1.1.2008 eine Realteilung der Gesellschaft auf die beiden Standorte. <\/p>\n<p>Peter Schwarz, im Jahre 2015 verstorben, wurde alleiniger Eigent\u00fcmer des Antiquariats am Dom in der Sternstra\u00dfe, Peter Fritzen des Kunsthauses am Museum in der Ostallee. [\/et_pb_text][\/et_pb_column][et_pb_column type=&#8220;2_5&#8243; _builder_version=&#8220;4.16&#8243; custom_padding=&#8220;|||&#8220; global_colors_info=&#8220;{}&#8220; custom_padding__hover=&#8220;|||&#8220;][et_pb_image src=&#8220;https:\/\/www.antiquariat-fritzen.com\/de\/wp-content\/uploads\/antiquariat-fritzen_geschichte_b.jpg&#8220; alt=&#8220;Antiquariat Fritzen &#8211; Geschichte (Schrank)&#8220; title_text=&#8220;Antiquariat Fritzen &#8211; Geschichte (Schrank)&#8220; align_tablet=&#8220;center&#8220; align_phone=&#8220;center&#8220; align_last_edited=&#8220;on|desktop&#8220; admin_label=&#8220;Bild: Geschichte Schrank&#8220; _builder_version=&#8220;4.24.0&#8243; animation_style=&#8220;slide&#8220; animation_direction=&#8220;right&#8220; animation_duration=&#8220;500ms&#8220; animation_intensity_slide=&#8220;10%&#8220; hover_enabled=&#8220;0&#8243; use_border_color=&#8220;off&#8220; border_color=&#8220;#ffffff&#8220; border_style=&#8220;solid&#8220; animation=&#8220;left&#8220; sticky=&#8220;off&#8220; always_center_on_mobile=&#8220;on&#8220; global_colors_info=&#8220;{}&#8220; sticky_enabled=&#8220;0&#8243;] [\/et_pb_image][\/et_pb_column][\/et_pb_row][et_pb_row admin_label=&#8220;Zeile&#8220; _builder_version=&#8220;4.24.0&#8243; background_size=&#8220;initial&#8220; background_position=&#8220;top_left&#8220; background_repeat=&#8220;repeat&#8220; global_colors_info=&#8220;{}&#8220;][et_pb_column type=&#8220;4_4&#8243; _builder_version=&#8220;4.16&#8243; custom_padding=&#8220;|||&#8220; global_colors_info=&#8220;{}&#8220; custom_padding__hover=&#8220;|||&#8220;][et_pb_text admin_label=&#8220;Text: Die Geschichte c&#8220; _builder_version=&#8220;4.24.0&#8243; background_size=&#8220;initial&#8220; background_position=&#8220;top_left&#8220; background_repeat=&#8220;repeat&#8220; use_border_color=&#8220;off&#8220; border_color=&#8220;#ffffff&#8220; border_style=&#8220;solid&#8220; global_colors_info=&#8220;{}&#8220;]Im Januar 2011, nach 10 Jahren Galeriet\u00e4tigkeit, revidierte Peter Fritzen die Konzeption seines Ladengesch\u00e4ftes. Ausstellungen zeitgen\u00f6ssischer Kunst traten zugunsten des Kerngesch\u00e4ftes in den Hintergrund, wertvolle alte B\u00fccher und Graphiken \u2013 vor allem eine gro\u00dfe Auswahl historischer Landkarten und Stadtansichten aus Luxemburg \u2013 bildeten fortan das Fundament.<br \/>\nZum 1. Januar 2024 erfolgte der Umzug nach Speicher\/Eifel, am Ostrand des alten Duch\u00e9 de Luxembourg gelegen.[\/et_pb_text][\/et_pb_column][\/et_pb_row][et_pb_row _builder_version=&#8220;4.24.0&#8243; _module_preset=&#8220;default&#8220; hover_enabled=&#8220;0&#8243; global_colors_info=&#8220;{}&#8220; animation_style=&#8220;slide&#8220; sticky_enabled=&#8220;0&#8243;][et_pb_column type=&#8220;4_4&#8243; _builder_version=&#8220;4.24.0&#8243; _module_preset=&#8220;default&#8220; global_colors_info=&#8220;{}&#8220;][et_pb_image src=&#8220;https:\/\/www.antiquariat-fritzen.com\/de\/wp-content\/uploads\/antiquariat-fritzen_geschichte_a.jpg&#8220; admin_label=&#8220;Bild: Gladiators&#8220; _builder_version=&#8220;4.24.0&#8243; _module_preset=&#8220;default&#8220; animation_style=&#8220;slide&#8220; global_colors_info=&#8220;{}&#8220;][\/et_pb_image][\/et_pb_column][\/et_pb_row][et_pb_row column_structure=&#8220;1_2,1_2&#8243; admin_label=&#8220;Zeile&#8220; _builder_version=&#8220;4.16&#8243; background_size=&#8220;initial&#8220; background_position=&#8220;top_left&#8220; background_repeat=&#8220;repeat&#8220; global_colors_info=&#8220;{}&#8220;][et_pb_column type=&#8220;1_2&#8243; _builder_version=&#8220;4.16&#8243; custom_padding=&#8220;|||&#8220; global_colors_info=&#8220;{}&#8220; custom_padding__hover=&#8220;|||&#8220;][et_pb_image src=&#8220;https:\/\/www.antiquariat-fritzen.com\/de\/wp-content\/uploads\/antiquariat-fritzen_geschichte_c.jpg&#8220; alt=&#8220;Antiquariat Fritzen &#8211; Geschichte (Bestand)&#8220; title_text=&#8220;Antiquariat Fritzen &#8211; Geschichte (Bestand)&#8220; align_tablet=&#8220;center&#8220; align_phone=&#8220;center&#8220; align_last_edited=&#8220;on|desktop&#8220; admin_label=&#8220;Bild: Geschichte Angebot&#8220; _builder_version=&#8220;4.24.0&#8243; animation_style=&#8220;slide&#8220; animation_direction=&#8220;left&#8220; animation_duration=&#8220;500ms&#8220; animation_intensity_slide=&#8220;10%&#8220; hover_enabled=&#8220;0&#8243; use_border_color=&#8220;off&#8220; border_color=&#8220;#ffffff&#8220; border_style=&#8220;solid&#8220; animation=&#8220;left&#8220; sticky=&#8220;off&#8220; always_center_on_mobile=&#8220;on&#8220; global_colors_info=&#8220;{}&#8220; sticky_enabled=&#8220;0&#8243;] [\/et_pb_image][\/et_pb_column][et_pb_column type=&#8220;1_2&#8243; _builder_version=&#8220;4.16&#8243; custom_padding=&#8220;|||&#8220; global_colors_info=&#8220;{}&#8220; custom_padding__hover=&#8220;|||&#8220;][et_pb_image src=&#8220;https:\/\/www.antiquariat-fritzen.com\/de\/wp-content\/uploads\/antiquariat-fritzen_geschichte_d.jpg&#8220; alt=&#8220;Antiquariat Fritzen &#8211; Geschichte (Werke)&#8220; title_text=&#8220;Antiquariat Fritzen &#8211; Geschichte (Werke)&#8220; admin_label=&#8220;Bild: Geschichte Werke&#8220; _builder_version=&#8220;4.24.0&#8243; _module_preset=&#8220;default&#8220; animation_style=&#8220;slide&#8220; hover_enabled=&#8220;0&#8243; global_colors_info=&#8220;{}&#8220; animation_direction=&#8220;right&#8220; sticky_enabled=&#8220;0&#8243;][\/et_pb_image][\/et_pb_column][\/et_pb_row][\/et_pb_section][et_pb_section fb_built=&#8220;1&#8243; custom_padding_last_edited=&#8220;on|desktop&#8220; admin_label=&#8220;Sektion&#8220; _builder_version=&#8220;4.16&#8243; background_color=&#8220;#e0e0e0&#8243; custom_padding_tablet=&#8220;50px|0|50px|0&#8243; custom_padding_phone=&#8220;50px|0|50px|0&#8243; transparent_background=&#8220;off&#8220; padding_mobile=&#8220;off&#8220; make_fullwidth=&#8220;off&#8220; use_custom_width=&#8220;off&#8220; width_unit=&#8220;on&#8220; global_colors_info=&#8220;{}&#8220;][et_pb_row column_structure=&#8220;1_2,1_2&#8243; admin_label=&#8220;Zeile&#8220; _builder_version=&#8220;4.16&#8243; background_size=&#8220;initial&#8220; background_position=&#8220;top_left&#8220; background_repeat=&#8220;repeat&#8220; global_colors_info=&#8220;{}&#8220;][et_pb_column type=&#8220;1_2&#8243; _builder_version=&#8220;4.16&#8243; custom_padding=&#8220;|||&#8220; global_colors_info=&#8220;{}&#8220; custom_padding__hover=&#8220;|||&#8220;][et_pb_button button_url=&#8220;@ET-DC@eyJkeW5hbWljIjp0cnVlLCJjb250ZW50IjoicG9zdF9saW5rX3VybF9wYWdlIiwic2V0dGluZ3MiOnsicG9zdF9pZCI6Ijk0In19@&#8220; button_text=&#8220;Zur Person&#8220; button_alignment=&#8220;center&#8220; admin_label=&#8220;Taste: \u00dcber uns&#8220; _builder_version=&#8220;4.24.0&#8243; _dynamic_attributes=&#8220;button_url&#8220; button_letter_spacing_hover=&#8220;0&#8243; global_colors_info=&#8220;{}&#8220; button_text_size__hover_enabled=&#8220;off&#8220; button_one_text_size__hover_enabled=&#8220;off&#8220; button_two_text_size__hover_enabled=&#8220;off&#8220; button_text_color__hover_enabled=&#8220;off&#8220; button_one_text_color__hover_enabled=&#8220;off&#8220; button_two_text_color__hover_enabled=&#8220;off&#8220; button_border_width__hover_enabled=&#8220;off&#8220; button_one_border_width__hover_enabled=&#8220;off&#8220; button_two_border_width__hover_enabled=&#8220;off&#8220; button_border_color__hover_enabled=&#8220;off&#8220; button_one_border_color__hover_enabled=&#8220;off&#8220; button_two_border_color__hover_enabled=&#8220;off&#8220; button_border_radius__hover_enabled=&#8220;off&#8220; button_one_border_radius__hover_enabled=&#8220;off&#8220; button_two_border_radius__hover_enabled=&#8220;off&#8220; button_letter_spacing__hover_enabled=&#8220;on&#8220; button_letter_spacing__hover=&#8220;0&#8243; button_one_letter_spacing__hover_enabled=&#8220;off&#8220; button_two_letter_spacing__hover_enabled=&#8220;off&#8220; button_bg_color__hover_enabled=&#8220;off&#8220; button_one_bg_color__hover_enabled=&#8220;off&#8220; button_two_bg_color__hover_enabled=&#8220;off&#8220;][\/et_pb_button][\/et_pb_column][et_pb_column type=&#8220;1_2&#8243; _builder_version=&#8220;4.16&#8243; custom_padding=&#8220;|||&#8220; global_colors_info=&#8220;{}&#8220; custom_padding__hover=&#8220;|||&#8220;][et_pb_button button_url=&#8220;@ET-DC@eyJkeW5hbWljIjp0cnVlLCJjb250ZW50IjoicG9zdF9saW5rX3VybF9wYWdlIiwic2V0dGluZ3MiOnsicG9zdF9pZCI6Ijg2In19@&#8220; button_text=&#8220;Zu Hause&#8220; button_alignment=&#8220;center&#8220; admin_label=&#8220;Taste: Zu Hause&#8220; _builder_version=&#8220;4.24.0&#8243; _dynamic_attributes=&#8220;button_url&#8220; button_letter_spacing_hover=&#8220;0&#8243; global_colors_info=&#8220;{}&#8220; button_text_size__hover_enabled=&#8220;off&#8220; button_one_text_size__hover_enabled=&#8220;off&#8220; button_two_text_size__hover_enabled=&#8220;off&#8220; button_text_color__hover_enabled=&#8220;off&#8220; button_one_text_color__hover_enabled=&#8220;off&#8220; button_two_text_color__hover_enabled=&#8220;off&#8220; button_border_width__hover_enabled=&#8220;off&#8220; button_one_border_width__hover_enabled=&#8220;off&#8220; button_two_border_width__hover_enabled=&#8220;off&#8220; button_border_color__hover_enabled=&#8220;off&#8220; button_one_border_color__hover_enabled=&#8220;off&#8220; button_two_border_color__hover_enabled=&#8220;off&#8220; button_border_radius__hover_enabled=&#8220;off&#8220; button_one_border_radius__hover_enabled=&#8220;off&#8220; button_two_border_radius__hover_enabled=&#8220;off&#8220; button_letter_spacing__hover_enabled=&#8220;on&#8220; button_letter_spacing__hover=&#8220;0&#8243; button_one_letter_spacing__hover_enabled=&#8220;off&#8220; button_two_letter_spacing__hover_enabled=&#8220;off&#8220; button_bg_color__hover_enabled=&#8220;off&#8220; button_one_bg_color__hover_enabled=&#8220;off&#8220; button_two_bg_color__hover_enabled=&#8220;off&#8220;][\/et_pb_button][\/et_pb_column][\/et_pb_row][\/et_pb_section][et_pb_section fb_built=&#8220;1&#8243; _builder_version=&#8220;4.24.0&#8243; _module_preset=&#8220;default&#8220; global_colors_info=&#8220;{}&#8220;][\/et_pb_section]<\/p>\n","protected":false},"excerpt":{"rendered":"<p>GeschichteAls am 01.04.1987 drei Studenten und ein luxemburgischer Studienrat das \u201eTrierer Buch- und Kunstantiquariat\u201c gr\u00fcndeten, ahnte niemand, da\u00df aus diesem Nebenerwerb f\u00fcr zwei der Studenten ein Hauptberuf werden sollte. Die R\u00e4umlichkeiten in der Trierer Simeonstra\u00dfe Nr. 22 waren ger\u00e4umig, lagen allerdings etwas versteckt in der 1. Etage.Am 01.01.1990 schieden sich zwar nicht die Geister, aber [&hellip;]<\/p>\n","protected":false},"author":1,"featured_media":0,"parent":44,"menu_order":0,"comment_status":"closed","ping_status":"closed","template":"","meta":{"_et_pb_use_builder":"on","_et_pb_old_content":"","_et_gb_content_width":"","footnotes":""},"class_list":["post-98","page","type-page","status-publish","hentry"],"yoast_head":"<!-- This site is optimized with the Yoast SEO plugin v27.4 - https:\/\/yoast.com\/product\/yoast-seo-wordpress\/ -->\n<title>Geschichte - Peter Fritzen<\/title>\n<meta name=\"robots\" content=\"index, follow, max-snippet:-1, max-image-preview:large, max-video-preview:-1\" \/>\n<link rel=\"canonical\" href=\"https:\/\/www.antiquariat-fritzen.com\/de\/ueber-uns\/geschichte\/\" \/>\n<meta property=\"og:locale\" content=\"de_DE\" \/>\n<meta property=\"og:type\" content=\"article\" \/>\n<meta property=\"og:title\" content=\"Geschichte - Peter Fritzen\" \/>\n<meta property=\"og:description\" content=\"GeschichteAls am 01.04.1987 drei Studenten und ein luxemburgischer Studienrat das \u201eTrierer Buch- und Kunstantiquariat\u201c gr\u00fcndeten, ahnte niemand, da\u00df aus diesem Nebenerwerb f\u00fcr zwei der Studenten ein Hauptberuf werden sollte. Die R\u00e4umlichkeiten in der Trierer Simeonstra\u00dfe Nr. 22 waren ger\u00e4umig, lagen allerdings etwas versteckt in der 1. Etage.Am 01.01.1990 schieden sich zwar nicht die Geister, aber [&hellip;]\" \/>\n<meta property=\"og:url\" content=\"https:\/\/www.antiquariat-fritzen.com\/de\/ueber-uns\/geschichte\/\" \/>\n<meta property=\"og:site_name\" content=\"Peter Fritzen\" \/>\n<meta property=\"article:modified_time\" content=\"2024-03-07T05:20:15+00:00\" \/>\n<meta name=\"twitter:card\" content=\"summary_large_image\" \/>\n<meta name=\"twitter:label1\" content=\"Gesch\u00e4tzte Lesezeit\" \/>\n\t<meta name=\"twitter:data1\" content=\"3\u00a0Minuten\" \/>\n<script type=\"application\/ld+json\" class=\"yoast-schema-graph\">{\"@context\":\"https:\\\/\\\/schema.org\",\"@graph\":[{\"@type\":\"WebPage\",\"@id\":\"https:\\\/\\\/www.antiquariat-fritzen.com\\\/de\\\/ueber-uns\\\/geschichte\\\/\",\"url\":\"https:\\\/\\\/www.antiquariat-fritzen.com\\\/de\\\/ueber-uns\\\/geschichte\\\/\",\"name\":\"Geschichte - Peter Fritzen\",\"isPartOf\":{\"@id\":\"https:\\\/\\\/www.antiquariat-fritzen.com\\\/de\\\/#website\"},\"datePublished\":\"2016-09-03T07:32:58+00:00\",\"dateModified\":\"2024-03-07T05:20:15+00:00\",\"breadcrumb\":{\"@id\":\"https:\\\/\\\/www.antiquariat-fritzen.com\\\/de\\\/ueber-uns\\\/geschichte\\\/#breadcrumb\"},\"inLanguage\":\"de\",\"potentialAction\":[{\"@type\":\"ReadAction\",\"target\":[\"https:\\\/\\\/www.antiquariat-fritzen.com\\\/de\\\/ueber-uns\\\/geschichte\\\/\"]}]},{\"@type\":\"BreadcrumbList\",\"@id\":\"https:\\\/\\\/www.antiquariat-fritzen.com\\\/de\\\/ueber-uns\\\/geschichte\\\/#breadcrumb\",\"itemListElement\":[{\"@type\":\"ListItem\",\"position\":1,\"name\":\"Startseite\",\"item\":\"https:\\\/\\\/www.antiquariat-fritzen.com\\\/de\\\/\"},{\"@type\":\"ListItem\",\"position\":2,\"name\":\"\u00dcber uns\",\"item\":\"https:\\\/\\\/www.antiquariat-fritzen.com\\\/de\\\/ueber-uns\\\/\"},{\"@type\":\"ListItem\",\"position\":3,\"name\":\"Geschichte\"}]},{\"@type\":\"WebSite\",\"@id\":\"https:\\\/\\\/www.antiquariat-fritzen.com\\\/de\\\/#website\",\"url\":\"https:\\\/\\\/www.antiquariat-fritzen.com\\\/de\\\/\",\"name\":\"Peter Fritzen\",\"description\":\"Antiquariat\",\"potentialAction\":[{\"@type\":\"SearchAction\",\"target\":{\"@type\":\"EntryPoint\",\"urlTemplate\":\"https:\\\/\\\/www.antiquariat-fritzen.com\\\/de\\\/?s={search_term_string}\"},\"query-input\":{\"@type\":\"PropertyValueSpecification\",\"valueRequired\":true,\"valueName\":\"search_term_string\"}}],\"inLanguage\":\"de\"}]}<\/script>\n<!-- \/ Yoast SEO plugin. -->","yoast_head_json":{"title":"Geschichte - Peter Fritzen","robots":{"index":"index","follow":"follow","max-snippet":"max-snippet:-1","max-image-preview":"max-image-preview:large","max-video-preview":"max-video-preview:-1"},"canonical":"https:\/\/www.antiquariat-fritzen.com\/de\/ueber-uns\/geschichte\/","og_locale":"de_DE","og_type":"article","og_title":"Geschichte - Peter Fritzen","og_description":"GeschichteAls am 01.04.1987 drei Studenten und ein luxemburgischer Studienrat das \u201eTrierer Buch- und Kunstantiquariat\u201c gr\u00fcndeten, ahnte niemand, da\u00df aus diesem Nebenerwerb f\u00fcr zwei der Studenten ein Hauptberuf werden sollte. Die R\u00e4umlichkeiten in der Trierer Simeonstra\u00dfe Nr. 22 waren ger\u00e4umig, lagen allerdings etwas versteckt in der 1. Etage.Am 01.01.1990 schieden sich zwar nicht die Geister, aber [&hellip;]","og_url":"https:\/\/www.antiquariat-fritzen.com\/de\/ueber-uns\/geschichte\/","og_site_name":"Peter Fritzen","article_modified_time":"2024-03-07T05:20:15+00:00","twitter_card":"summary_large_image","twitter_misc":{"Gesch\u00e4tzte Lesezeit":"3\u00a0Minuten"},"schema":{"@context":"https:\/\/schema.org","@graph":[{"@type":"WebPage","@id":"https:\/\/www.antiquariat-fritzen.com\/de\/ueber-uns\/geschichte\/","url":"https:\/\/www.antiquariat-fritzen.com\/de\/ueber-uns\/geschichte\/","name":"Geschichte - Peter Fritzen","isPartOf":{"@id":"https:\/\/www.antiquariat-fritzen.com\/de\/#website"},"datePublished":"2016-09-03T07:32:58+00:00","dateModified":"2024-03-07T05:20:15+00:00","breadcrumb":{"@id":"https:\/\/www.antiquariat-fritzen.com\/de\/ueber-uns\/geschichte\/#breadcrumb"},"inLanguage":"de","potentialAction":[{"@type":"ReadAction","target":["https:\/\/www.antiquariat-fritzen.com\/de\/ueber-uns\/geschichte\/"]}]},{"@type":"BreadcrumbList","@id":"https:\/\/www.antiquariat-fritzen.com\/de\/ueber-uns\/geschichte\/#breadcrumb","itemListElement":[{"@type":"ListItem","position":1,"name":"Startseite","item":"https:\/\/www.antiquariat-fritzen.com\/de\/"},{"@type":"ListItem","position":2,"name":"\u00dcber uns","item":"https:\/\/www.antiquariat-fritzen.com\/de\/ueber-uns\/"},{"@type":"ListItem","position":3,"name":"Geschichte"}]},{"@type":"WebSite","@id":"https:\/\/www.antiquariat-fritzen.com\/de\/#website","url":"https:\/\/www.antiquariat-fritzen.com\/de\/","name":"Peter Fritzen","description":"Antiquariat","potentialAction":[{"@type":"SearchAction","target":{"@type":"EntryPoint","urlTemplate":"https:\/\/www.antiquariat-fritzen.com\/de\/?s={search_term_string}"},"query-input":{"@type":"PropertyValueSpecification","valueRequired":true,"valueName":"search_term_string"}}],"inLanguage":"de"}]}},"_links":{"self":[{"href":"https:\/\/www.antiquariat-fritzen.com\/de\/wp-json\/wp\/v2\/pages\/98","targetHints":{"allow":["GET"]}}],"collection":[{"href":"https:\/\/www.antiquariat-fritzen.com\/de\/wp-json\/wp\/v2\/pages"}],"about":[{"href":"https:\/\/www.antiquariat-fritzen.com\/de\/wp-json\/wp\/v2\/types\/page"}],"author":[{"embeddable":true,"href":"https:\/\/www.antiquariat-fritzen.com\/de\/wp-json\/wp\/v2\/users\/1"}],"replies":[{"embeddable":true,"href":"https:\/\/www.antiquariat-fritzen.com\/de\/wp-json\/wp\/v2\/comments?post=98"}],"version-history":[{"count":14,"href":"https:\/\/www.antiquariat-fritzen.com\/de\/wp-json\/wp\/v2\/pages\/98\/revisions"}],"predecessor-version":[{"id":850,"href":"https:\/\/www.antiquariat-fritzen.com\/de\/wp-json\/wp\/v2\/pages\/98\/revisions\/850"}],"up":[{"embeddable":true,"href":"https:\/\/www.antiquariat-fritzen.com\/de\/wp-json\/wp\/v2\/pages\/44"}],"wp:attachment":[{"href":"https:\/\/www.antiquariat-fritzen.com\/de\/wp-json\/wp\/v2\/media?parent=98"}],"curies":[{"name":"wp","href":"https:\/\/api.w.org\/{rel}","templated":true}]}}