{"id":94,"date":"2016-09-03T09:31:12","date_gmt":"2016-09-03T07:31:12","guid":{"rendered":"http:\/\/www.antiquariat-fritzen.com\/de\/?page_id=94"},"modified":"2024-03-07T06:13:13","modified_gmt":"2024-03-07T05:13:13","slug":"zur-person","status":"publish","type":"page","link":"https:\/\/www.antiquariat-fritzen.com\/de\/ueber-uns\/zur-person\/","title":{"rendered":"Zur Person"},"content":{"rendered":"<p>[et_pb_section fb_built=&#8220;1&#8243; admin_label=&#8220;section&#8220; _builder_version=&#8220;4.16&#8243; global_colors_info=&#8220;{}&#8220;][et_pb_row admin_label=&#8220;Zeile&#8220; _builder_version=&#8220;4.16&#8243; background_size=&#8220;initial&#8220; background_position=&#8220;top_left&#8220; background_repeat=&#8220;repeat&#8220; global_colors_info=&#8220;{}&#8220;][et_pb_column type=&#8220;4_4&#8243; _builder_version=&#8220;4.16&#8243; custom_padding=&#8220;|||&#8220; global_colors_info=&#8220;{}&#8220; custom_padding__hover=&#8220;|||&#8220;][et_pb_text admin_label=&#8220;Text: (H1) Zur Person&#8220; _builder_version=&#8220;4.24.0&#8243; background_size=&#8220;initial&#8220; background_position=&#8220;top_left&#8220; background_repeat=&#8220;repeat&#8220; text_orientation=&#8220;center&#8220; module_alignment=&#8220;center&#8220; use_border_color=&#8220;off&#8220; border_color=&#8220;#ffffff&#8220; border_style=&#8220;solid&#8220; global_colors_info=&#8220;{}&#8220;]<\/p>\n<h1>Zur Person<\/h1>\n<p>[\/et_pb_text][\/et_pb_column][\/et_pb_row][et_pb_row column_structure=&#8220;1_3,2_3&#8243; admin_label=&#8220;row&#8220; _builder_version=&#8220;4.16&#8243; background_size=&#8220;initial&#8220; background_position=&#8220;top_left&#8220; background_repeat=&#8220;repeat&#8220; global_colors_info=&#8220;{}&#8220;][et_pb_column type=&#8220;1_3&#8243; _builder_version=&#8220;4.16&#8243; custom_padding=&#8220;|||&#8220; global_colors_info=&#8220;{}&#8220; custom_padding__hover=&#8220;|||&#8220;][et_pb_image src=&#8220;https:\/\/www.antiquariat-fritzen.com\/de\/wp-content\/uploads\/antiquariat-fritzen_zur_person.jpg&#8220; alt=&#8220;Portrait Peter Fritzen (Antiquariat Fritzen)&#8220; title_text=&#8220;Antiquariat Fritzen  &#8211; Peter Fritzen&#8220; align_tablet=&#8220;center&#8220; align_phone=&#8220;center&#8220; align_last_edited=&#8220;on|desktop&#8220; admin_label=&#8220;Bild: Portrait Peter Fritzen&#8220; _builder_version=&#8220;4.24.0&#8243; animation_style=&#8220;slide&#8220; animation_direction=&#8220;left&#8220; animation_duration=&#8220;500ms&#8220; animation_intensity_slide=&#8220;10%&#8220; use_border_color=&#8220;off&#8220; border_color=&#8220;#ffffff&#8220; border_style=&#8220;solid&#8220; animation=&#8220;left&#8220; sticky=&#8220;off&#8220; always_center_on_mobile=&#8220;on&#8220; global_colors_info=&#8220;{}&#8220;] [\/et_pb_image][\/et_pb_column][et_pb_column type=&#8220;2_3&#8243; _builder_version=&#8220;4.16&#8243; custom_padding=&#8220;|||&#8220; global_colors_info=&#8220;{}&#8220; custom_padding__hover=&#8220;|||&#8220;][et_pb_text ul_type=&#8220;none&#8220; admin_label=&#8220;Text: Vita&#8220; _builder_version=&#8220;4.24.0&#8243; ul_line_height=&#8220;2em&#8220; background_size=&#8220;initial&#8220; background_position=&#8220;top_left&#8220; background_repeat=&#8220;repeat&#8220; use_border_color=&#8220;off&#8220; border_color=&#8220;#ffffff&#8220; border_style=&#8220;solid&#8220; global_colors_info=&#8220;{}&#8220;]<\/p>\n<p>Peter Fritzen, geb. 1958 in Speicher (Eifel), seit 1987, nach dem Studium der Kunstgeschichte in Trier und Wien, selbstst\u00e4ndiger Antiquar, Mitglied im Verband Deutscher Antiquare (VDA) und der International League of Antiquarian Booksellers (ILAB).<\/p>\n<p>Neben meiner T\u00e4tigkeit als H\u00e4ndler bin ich Verfasser mehrerer Aufs\u00e4tze und Beitr\u00e4ge u.a. zu buchhistorischen Themen. Die T\u00e4tigkeit als Gutachter und Berater f\u00fcr luxemburgische und deutsche Archive, Bibliotheken und Museen kommt hinzu.<\/p>\n<p><strong>Aus einer Reihe von Publikationen seien folgende hervorgehoben:<\/strong><\/p>\n<ul>\n<li>a)\u00abDer \u201aLutzenburgii typus\u2018 des Antwerpener Verlages Gerard de Jode: Ein Neufund und neue Erkenntnisse zur \u00e4ltesten gedruckten Landkarte des Herzogtums Luxemburg\u00bb, in: H\u00e9mecht vol. 60 (2008) S 173-190 (mit Peter H. Meurer).<\/li>\n<li>\u00a0<\/li>\n<li>b) \u00abDie Eifel-Alben der Kunstanstalten Bernhoeft und Schaar &amp; Dathe. Ein Wettlauf um das sch\u00f6nste Foto-Album der Eifel\u00bb, in: Eifeljahrbuch 2010, S. 156-163.<\/li>\n<li>\u00a0<\/li>\n<li>c) \u00abCharles Bernhoeft et ses concurrents de Tr\u00e8ves\u00bb, in: Charles Bernhoeft, photographe de la Belle Epoque, Hg. Edmond Thill, Luxembourg, Mus\u00e9e National d\u2019Histoire et d\u2019Art Luxembourg 2014, S. 413 -441, darin auch \u00abCatalogue des albums de Charles Bernhoeft\u00bb, S. 621 \u2013 721 (mit Fernand Gonderinger und Edmond Thill).<\/li>\n<li>\u00a0<\/li>\n<li>d) \u00abDie Ortelius-Karte von Luxemburg und ihre Zust\u00e4nde\u00bb, in: H\u00e9mecht. Zeitschrift f\u00fcr Luxemburger Geschichte, vol. 69 (2017) S 149-160 (mit Karl Solchenbach).<\/li>\n<\/ul>\n<p>Ehrensache ist f\u00fcr mich die Unterst\u00fctzung der regionalen Bibliotheken in Bezug auf Aufbau und Pflege der Sammlungen. Als stellvertretender Vorsitzender der Gesellschaft der Freunde und F\u00f6rderer engagiere ich mich besonders in der Wissenschaftlichen Bibliothek der Stadt Trier, die \u00fcber einen \u00fcberregional bedeutsamen, ja herausragenden Bestand an Handschriften und Inkunabeln verf\u00fcgt.<\/p>\n<p>Lesen sie <a href=\"http:\/\/www.volksfreund.de\/nachrichten\/magazin\/macher\/MACHER-Herr-der-wertvollen-Buecher-Der-Speicherer-Peter-Fritzen-fuehrt-seit-25-Jahren-ein-Antiquariat-in-Trier;art8223,3106846\">HIER<\/a>\u00a0unseren Bericht :\u00a0Herr der wertvollen B\u00fccher<strong>\u00a0<\/strong>vom Volksfreund<\/p>\n<p><a href=\"http:\/\/r\u00f6merstrom-gladiators.de\/\" target=\"_blank\" rel=\"noopener\"><img loading=\"lazy\" decoding=\"async\" class=\"alignnone wp-image-175 size-full\" src=\"https:\/\/www.antiquariat-fritzen.com\/de\/wp-content\/uploads\/logos\/logo_gladiators.png\" alt=\"logo_gladiators\" width=\"138\" height=\"130\" \/><\/a> <a href=\"http:\/\/www.trierer-buecher.de\/\" target=\"_blank\" rel=\"noopener\"><img loading=\"lazy\" decoding=\"async\" class=\"alignnone wp-image-174 size-full\" src=\"https:\/\/www.antiquariat-fritzen.com\/de\/wp-content\/uploads\/logos\/logo_trierer-buecher.png\" alt=\"logo_trierer-buecher\" width=\"138\" height=\"130\" \/><\/a><\/p>\n<p>[\/et_pb_text][\/et_pb_column][\/et_pb_row][\/et_pb_section][et_pb_section fb_built=&#8220;1&#8243; custom_padding_last_edited=&#8220;on|desktop&#8220; admin_label=&#8220;Sektion&#8220; _builder_version=&#8220;4.16&#8243; background_color=&#8220;#e0e0e0&#8243; custom_padding_tablet=&#8220;50px|0|50px|0&#8243; custom_padding_phone=&#8220;50px|0|50px|0&#8243; transparent_background=&#8220;off&#8220; padding_mobile=&#8220;off&#8220; make_fullwidth=&#8220;off&#8220; use_custom_width=&#8220;off&#8220; width_unit=&#8220;on&#8220; global_colors_info=&#8220;{}&#8220;][et_pb_row column_structure=&#8220;1_2,1_2&#8243; admin_label=&#8220;Zeile&#8220; _builder_version=&#8220;4.16&#8243; background_size=&#8220;initial&#8220; background_position=&#8220;top_left&#8220; background_repeat=&#8220;repeat&#8220; global_colors_info=&#8220;{}&#8220;][et_pb_column type=&#8220;1_2&#8243; _builder_version=&#8220;4.16&#8243; custom_padding=&#8220;|||&#8220; global_colors_info=&#8220;{}&#8220; custom_padding__hover=&#8220;|||&#8220;][et_pb_button button_url=&#8220;@ET-DC@eyJkeW5hbWljIjp0cnVlLCJjb250ZW50IjoicG9zdF9saW5rX3VybF9wYWdlIiwic2V0dGluZ3MiOnsicG9zdF9pZCI6Ijg2In19@&#8220; button_text=&#8220;Zu Hause&#8220; button_alignment=&#8220;center&#8220; admin_label=&#8220;Taste: Zu Hause&#8220; _builder_version=&#8220;4.24.0&#8243; hover_enabled=&#8220;0&#8243; button_letter_spacing_hover=&#8220;0&#8243; global_colors_info=&#8220;{}&#8220; button_text_size__hover_enabled=&#8220;off&#8220; button_one_text_size__hover_enabled=&#8220;off&#8220; button_two_text_size__hover_enabled=&#8220;off&#8220; button_text_color__hover_enabled=&#8220;off&#8220; button_one_text_color__hover_enabled=&#8220;off&#8220; button_two_text_color__hover_enabled=&#8220;off&#8220; button_border_width__hover_enabled=&#8220;off&#8220; button_one_border_width__hover_enabled=&#8220;off&#8220; button_two_border_width__hover_enabled=&#8220;off&#8220; button_border_color__hover_enabled=&#8220;off&#8220; button_one_border_color__hover_enabled=&#8220;off&#8220; button_two_border_color__hover_enabled=&#8220;off&#8220; button_border_radius__hover_enabled=&#8220;off&#8220; button_one_border_radius__hover_enabled=&#8220;off&#8220; button_two_border_radius__hover_enabled=&#8220;off&#8220; button_letter_spacing__hover_enabled=&#8220;on&#8220; button_letter_spacing__hover=&#8220;0&#8243; button_one_letter_spacing__hover_enabled=&#8220;off&#8220; button_two_letter_spacing__hover_enabled=&#8220;off&#8220; button_bg_color__hover_enabled=&#8220;off&#8220; button_one_bg_color__hover_enabled=&#8220;off&#8220; button_two_bg_color__hover_enabled=&#8220;off&#8220; _dynamic_attributes=&#8220;button_url&#8220; sticky_enabled=&#8220;0&#8243;] [\/et_pb_button][\/et_pb_column][et_pb_column type=&#8220;1_2&#8243; _builder_version=&#8220;4.16&#8243; custom_padding=&#8220;|||&#8220; global_colors_info=&#8220;{}&#8220; custom_padding__hover=&#8220;|||&#8220;][et_pb_button button_url=&#8220;@ET-DC@eyJkeW5hbWljIjp0cnVlLCJjb250ZW50IjoicG9zdF9saW5rX3VybF9wYWdlIiwic2V0dGluZ3MiOnsicG9zdF9pZCI6Ijk4In19@&#8220; button_text=&#8220;Geschichte&#8220; button_alignment=&#8220;center&#8220; admin_label=&#8220;Taste: Geschichte&#8220; _builder_version=&#8220;4.24.0&#8243; hover_enabled=&#8220;0&#8243; button_letter_spacing_hover=&#8220;0&#8243; global_colors_info=&#8220;{}&#8220; button_text_size__hover_enabled=&#8220;off&#8220; button_one_text_size__hover_enabled=&#8220;off&#8220; button_two_text_size__hover_enabled=&#8220;off&#8220; button_text_color__hover_enabled=&#8220;off&#8220; button_one_text_color__hover_enabled=&#8220;off&#8220; button_two_text_color__hover_enabled=&#8220;off&#8220; button_border_width__hover_enabled=&#8220;off&#8220; button_one_border_width__hover_enabled=&#8220;off&#8220; button_two_border_width__hover_enabled=&#8220;off&#8220; button_border_color__hover_enabled=&#8220;off&#8220; button_one_border_color__hover_enabled=&#8220;off&#8220; button_two_border_color__hover_enabled=&#8220;off&#8220; button_border_radius__hover_enabled=&#8220;off&#8220; button_one_border_radius__hover_enabled=&#8220;off&#8220; button_two_border_radius__hover_enabled=&#8220;off&#8220; button_letter_spacing__hover_enabled=&#8220;on&#8220; button_letter_spacing__hover=&#8220;0&#8243; button_one_letter_spacing__hover_enabled=&#8220;off&#8220; button_two_letter_spacing__hover_enabled=&#8220;off&#8220; button_bg_color__hover_enabled=&#8220;off&#8220; button_one_bg_color__hover_enabled=&#8220;off&#8220; button_two_bg_color__hover_enabled=&#8220;off&#8220; _dynamic_attributes=&#8220;button_url&#8220; sticky_enabled=&#8220;0&#8243;] [\/et_pb_button][\/et_pb_column][\/et_pb_row][\/et_pb_section]<\/p>\n","protected":false},"excerpt":{"rendered":"<p>Zur Person Peter Fritzen, geb. 1958 in Speicher (Eifel), seit 1987, nach dem Studium der Kunstgeschichte in Trier und Wien, selbstst\u00e4ndiger Antiquar, Mitglied im Verband Deutscher Antiquare (VDA) und der International League of Antiquarian Booksellers (ILAB). Neben meiner T\u00e4tigkeit als H\u00e4ndler bin ich Verfasser mehrerer Aufs\u00e4tze und Beitr\u00e4ge u.a. zu buchhistorischen Themen. Die T\u00e4tigkeit als [&hellip;]<\/p>\n","protected":false},"author":1,"featured_media":0,"parent":44,"menu_order":0,"comment_status":"closed","ping_status":"closed","template":"","meta":{"_et_pb_use_builder":"on","_et_pb_old_content":"","_et_gb_content_width":"","footnotes":""},"class_list":["post-94","page","type-page","status-publish","hentry"],"yoast_head":"<!-- This site is optimized with the Yoast SEO plugin v27.4 - https:\/\/yoast.com\/product\/yoast-seo-wordpress\/ -->\n<title>Zur Person - Peter Fritzen<\/title>\n<meta name=\"robots\" content=\"index, follow, max-snippet:-1, max-image-preview:large, max-video-preview:-1\" \/>\n<link rel=\"canonical\" href=\"https:\/\/www.antiquariat-fritzen.com\/de\/ueber-uns\/zur-person\/\" \/>\n<meta property=\"og:locale\" content=\"de_DE\" \/>\n<meta property=\"og:type\" content=\"article\" \/>\n<meta property=\"og:title\" content=\"Zur Person - Peter Fritzen\" \/>\n<meta property=\"og:description\" content=\"Zur Person Peter Fritzen, geb. 1958 in Speicher (Eifel), seit 1987, nach dem Studium der Kunstgeschichte in Trier und Wien, selbstst\u00e4ndiger Antiquar, Mitglied im Verband Deutscher Antiquare (VDA) und der International League of Antiquarian Booksellers (ILAB). Neben meiner T\u00e4tigkeit als H\u00e4ndler bin ich Verfasser mehrerer Aufs\u00e4tze und Beitr\u00e4ge u.a. zu buchhistorischen Themen. Die T\u00e4tigkeit als [&hellip;]\" \/>\n<meta property=\"og:url\" content=\"https:\/\/www.antiquariat-fritzen.com\/de\/ueber-uns\/zur-person\/\" \/>\n<meta property=\"og:site_name\" content=\"Peter Fritzen\" \/>\n<meta property=\"article:modified_time\" content=\"2024-03-07T05:13:13+00:00\" \/>\n<meta property=\"og:image\" content=\"https:\/\/www.antiquariat-fritzen.com\/de\/wp-content\/uploads\/logos\/logo_gladiators.png\" \/>\n<meta name=\"twitter:card\" content=\"summary_large_image\" \/>\n<meta name=\"twitter:label1\" content=\"Gesch\u00e4tzte Lesezeit\" \/>\n\t<meta name=\"twitter:data1\" content=\"3\u00a0Minuten\" \/>\n<script type=\"application\/ld+json\" class=\"yoast-schema-graph\">{\"@context\":\"https:\\\/\\\/schema.org\",\"@graph\":[{\"@type\":\"WebPage\",\"@id\":\"https:\\\/\\\/www.antiquariat-fritzen.com\\\/de\\\/ueber-uns\\\/zur-person\\\/\",\"url\":\"https:\\\/\\\/www.antiquariat-fritzen.com\\\/de\\\/ueber-uns\\\/zur-person\\\/\",\"name\":\"Zur Person - Peter Fritzen\",\"isPartOf\":{\"@id\":\"https:\\\/\\\/www.antiquariat-fritzen.com\\\/de\\\/#website\"},\"primaryImageOfPage\":{\"@id\":\"https:\\\/\\\/www.antiquariat-fritzen.com\\\/de\\\/ueber-uns\\\/zur-person\\\/#primaryimage\"},\"image\":{\"@id\":\"https:\\\/\\\/www.antiquariat-fritzen.com\\\/de\\\/ueber-uns\\\/zur-person\\\/#primaryimage\"},\"thumbnailUrl\":\"https:\\\/\\\/www.antiquariat-fritzen.com\\\/de\\\/wp-content\\\/uploads\\\/logos\\\/logo_gladiators.png\",\"datePublished\":\"2016-09-03T07:31:12+00:00\",\"dateModified\":\"2024-03-07T05:13:13+00:00\",\"breadcrumb\":{\"@id\":\"https:\\\/\\\/www.antiquariat-fritzen.com\\\/de\\\/ueber-uns\\\/zur-person\\\/#breadcrumb\"},\"inLanguage\":\"de\",\"potentialAction\":[{\"@type\":\"ReadAction\",\"target\":[\"https:\\\/\\\/www.antiquariat-fritzen.com\\\/de\\\/ueber-uns\\\/zur-person\\\/\"]}]},{\"@type\":\"ImageObject\",\"inLanguage\":\"de\",\"@id\":\"https:\\\/\\\/www.antiquariat-fritzen.com\\\/de\\\/ueber-uns\\\/zur-person\\\/#primaryimage\",\"url\":\"https:\\\/\\\/www.antiquariat-fritzen.com\\\/de\\\/wp-content\\\/uploads\\\/logos\\\/logo_gladiators.png\",\"contentUrl\":\"https:\\\/\\\/www.antiquariat-fritzen.com\\\/de\\\/wp-content\\\/uploads\\\/logos\\\/logo_gladiators.png\",\"width\":138,\"height\":130},{\"@type\":\"BreadcrumbList\",\"@id\":\"https:\\\/\\\/www.antiquariat-fritzen.com\\\/de\\\/ueber-uns\\\/zur-person\\\/#breadcrumb\",\"itemListElement\":[{\"@type\":\"ListItem\",\"position\":1,\"name\":\"Startseite\",\"item\":\"https:\\\/\\\/www.antiquariat-fritzen.com\\\/de\\\/\"},{\"@type\":\"ListItem\",\"position\":2,\"name\":\"\u00dcber uns\",\"item\":\"https:\\\/\\\/www.antiquariat-fritzen.com\\\/de\\\/ueber-uns\\\/\"},{\"@type\":\"ListItem\",\"position\":3,\"name\":\"Zur Person\"}]},{\"@type\":\"WebSite\",\"@id\":\"https:\\\/\\\/www.antiquariat-fritzen.com\\\/de\\\/#website\",\"url\":\"https:\\\/\\\/www.antiquariat-fritzen.com\\\/de\\\/\",\"name\":\"Peter Fritzen\",\"description\":\"Antiquariat\",\"potentialAction\":[{\"@type\":\"SearchAction\",\"target\":{\"@type\":\"EntryPoint\",\"urlTemplate\":\"https:\\\/\\\/www.antiquariat-fritzen.com\\\/de\\\/?s={search_term_string}\"},\"query-input\":{\"@type\":\"PropertyValueSpecification\",\"valueRequired\":true,\"valueName\":\"search_term_string\"}}],\"inLanguage\":\"de\"}]}<\/script>\n<!-- \/ Yoast SEO plugin. -->","yoast_head_json":{"title":"Zur Person - Peter Fritzen","robots":{"index":"index","follow":"follow","max-snippet":"max-snippet:-1","max-image-preview":"max-image-preview:large","max-video-preview":"max-video-preview:-1"},"canonical":"https:\/\/www.antiquariat-fritzen.com\/de\/ueber-uns\/zur-person\/","og_locale":"de_DE","og_type":"article","og_title":"Zur Person - Peter Fritzen","og_description":"Zur Person Peter Fritzen, geb. 1958 in Speicher (Eifel), seit 1987, nach dem Studium der Kunstgeschichte in Trier und Wien, selbstst\u00e4ndiger Antiquar, Mitglied im Verband Deutscher Antiquare (VDA) und der International League of Antiquarian Booksellers (ILAB). Neben meiner T\u00e4tigkeit als H\u00e4ndler bin ich Verfasser mehrerer Aufs\u00e4tze und Beitr\u00e4ge u.a. zu buchhistorischen Themen. Die T\u00e4tigkeit als [&hellip;]","og_url":"https:\/\/www.antiquariat-fritzen.com\/de\/ueber-uns\/zur-person\/","og_site_name":"Peter Fritzen","article_modified_time":"2024-03-07T05:13:13+00:00","og_image":[{"url":"https:\/\/www.antiquariat-fritzen.com\/de\/wp-content\/uploads\/logos\/logo_gladiators.png","type":"","width":"","height":""}],"twitter_card":"summary_large_image","twitter_misc":{"Gesch\u00e4tzte Lesezeit":"3\u00a0Minuten"},"schema":{"@context":"https:\/\/schema.org","@graph":[{"@type":"WebPage","@id":"https:\/\/www.antiquariat-fritzen.com\/de\/ueber-uns\/zur-person\/","url":"https:\/\/www.antiquariat-fritzen.com\/de\/ueber-uns\/zur-person\/","name":"Zur Person - Peter Fritzen","isPartOf":{"@id":"https:\/\/www.antiquariat-fritzen.com\/de\/#website"},"primaryImageOfPage":{"@id":"https:\/\/www.antiquariat-fritzen.com\/de\/ueber-uns\/zur-person\/#primaryimage"},"image":{"@id":"https:\/\/www.antiquariat-fritzen.com\/de\/ueber-uns\/zur-person\/#primaryimage"},"thumbnailUrl":"https:\/\/www.antiquariat-fritzen.com\/de\/wp-content\/uploads\/logos\/logo_gladiators.png","datePublished":"2016-09-03T07:31:12+00:00","dateModified":"2024-03-07T05:13:13+00:00","breadcrumb":{"@id":"https:\/\/www.antiquariat-fritzen.com\/de\/ueber-uns\/zur-person\/#breadcrumb"},"inLanguage":"de","potentialAction":[{"@type":"ReadAction","target":["https:\/\/www.antiquariat-fritzen.com\/de\/ueber-uns\/zur-person\/"]}]},{"@type":"ImageObject","inLanguage":"de","@id":"https:\/\/www.antiquariat-fritzen.com\/de\/ueber-uns\/zur-person\/#primaryimage","url":"https:\/\/www.antiquariat-fritzen.com\/de\/wp-content\/uploads\/logos\/logo_gladiators.png","contentUrl":"https:\/\/www.antiquariat-fritzen.com\/de\/wp-content\/uploads\/logos\/logo_gladiators.png","width":138,"height":130},{"@type":"BreadcrumbList","@id":"https:\/\/www.antiquariat-fritzen.com\/de\/ueber-uns\/zur-person\/#breadcrumb","itemListElement":[{"@type":"ListItem","position":1,"name":"Startseite","item":"https:\/\/www.antiquariat-fritzen.com\/de\/"},{"@type":"ListItem","position":2,"name":"\u00dcber uns","item":"https:\/\/www.antiquariat-fritzen.com\/de\/ueber-uns\/"},{"@type":"ListItem","position":3,"name":"Zur Person"}]},{"@type":"WebSite","@id":"https:\/\/www.antiquariat-fritzen.com\/de\/#website","url":"https:\/\/www.antiquariat-fritzen.com\/de\/","name":"Peter Fritzen","description":"Antiquariat","potentialAction":[{"@type":"SearchAction","target":{"@type":"EntryPoint","urlTemplate":"https:\/\/www.antiquariat-fritzen.com\/de\/?s={search_term_string}"},"query-input":{"@type":"PropertyValueSpecification","valueRequired":true,"valueName":"search_term_string"}}],"inLanguage":"de"}]}},"_links":{"self":[{"href":"https:\/\/www.antiquariat-fritzen.com\/de\/wp-json\/wp\/v2\/pages\/94","targetHints":{"allow":["GET"]}}],"collection":[{"href":"https:\/\/www.antiquariat-fritzen.com\/de\/wp-json\/wp\/v2\/pages"}],"about":[{"href":"https:\/\/www.antiquariat-fritzen.com\/de\/wp-json\/wp\/v2\/types\/page"}],"author":[{"embeddable":true,"href":"https:\/\/www.antiquariat-fritzen.com\/de\/wp-json\/wp\/v2\/users\/1"}],"replies":[{"embeddable":true,"href":"https:\/\/www.antiquariat-fritzen.com\/de\/wp-json\/wp\/v2\/comments?post=94"}],"version-history":[{"count":11,"href":"https:\/\/www.antiquariat-fritzen.com\/de\/wp-json\/wp\/v2\/pages\/94\/revisions"}],"predecessor-version":[{"id":846,"href":"https:\/\/www.antiquariat-fritzen.com\/de\/wp-json\/wp\/v2\/pages\/94\/revisions\/846"}],"up":[{"embeddable":true,"href":"https:\/\/www.antiquariat-fritzen.com\/de\/wp-json\/wp\/v2\/pages\/44"}],"wp:attachment":[{"href":"https:\/\/www.antiquariat-fritzen.com\/de\/wp-json\/wp\/v2\/media?parent=94"}],"curies":[{"name":"wp","href":"https:\/\/api.w.org\/{rel}","templated":true}]}}