{"id":48,"date":"2016-08-31T19:31:49","date_gmt":"2016-08-31T17:31:49","guid":{"rendered":"http:\/\/www.antiquariat-fritzen.com\/de\/?page_id=48"},"modified":"2024-02-25T18:49:34","modified_gmt":"2024-02-25T17:49:34","slug":"luxemburg","status":"publish","type":"page","link":"https:\/\/www.antiquariat-fritzen.com\/de\/luxemburg\/","title":{"rendered":"Luxemburg"},"content":{"rendered":"<p>[et_pb_section fb_built=&#8220;1&#8243; admin_label=&#8220;section&#8220; _builder_version=&#8220;4.16&#8243; global_colors_info=&#8220;{}&#8220;][et_pb_row admin_label=&#8220;Zeile&#8220; _builder_version=&#8220;4.16&#8243; background_size=&#8220;initial&#8220; background_position=&#8220;top_left&#8220; background_repeat=&#8220;repeat&#8220; global_colors_info=&#8220;{}&#8220;][et_pb_column type=&#8220;4_4&#8243; _builder_version=&#8220;4.16&#8243; custom_padding=&#8220;|||&#8220; global_colors_info=&#8220;{}&#8220; custom_padding__hover=&#8220;|||&#8220;][et_pb_text admin_label=&#8220;Text: (H1) Luxemburg&#8220; _builder_version=&#8220;4.24.0&#8243; background_size=&#8220;initial&#8220; background_position=&#8220;top_left&#8220; background_repeat=&#8220;repeat&#8220; text_orientation=&#8220;center&#8220; module_alignment=&#8220;center&#8220; use_border_color=&#8220;off&#8220; border_color=&#8220;#ffffff&#8220; border_style=&#8220;solid&#8220; global_colors_info=&#8220;{}&#8220;]<\/p>\n<h1>Luxemburg<\/h1>\n<p>[\/et_pb_text][\/et_pb_column][\/et_pb_row][et_pb_row column_structure=&#8220;1_3,2_3&#8243; admin_label=&#8220;Zeile&#8220; _builder_version=&#8220;4.16&#8243; background_size=&#8220;initial&#8220; background_position=&#8220;top_left&#8220; background_repeat=&#8220;repeat&#8220; global_colors_info=&#8220;{}&#8220;][et_pb_column type=&#8220;1_3&#8243; _builder_version=&#8220;4.16&#8243; custom_padding=&#8220;|||&#8220; global_colors_info=&#8220;{}&#8220; custom_padding__hover=&#8220;|||&#8220;][et_pb_image src=&#8220;https:\/\/www.antiquariat-fritzen.com\/de\/wp-content\/uploads\/antiquariat-fritzen_le-duche-de-luxembourg.jpg&#8220; alt=&#8220;Antiquariat Fritzen &#8211; Le duch\u00e9 de Luxembourg&#8220; title_text=&#8220;Antiquariat Fritzen &#8211; Le duch\u00e9 de Luxembourg&#8220; align_tablet=&#8220;center&#8220; align_phone=&#8220;center&#8220; align_last_edited=&#8220;on|desktop&#8220; admin_label=&#8220;Bild: Le duch\u00e9 de Luxembourg&#8220; _builder_version=&#8220;4.24.0&#8243; animation_style=&#8220;slide&#8220; animation_direction=&#8220;left&#8220; animation_duration=&#8220;500ms&#8220; animation_intensity_slide=&#8220;10%&#8220; hover_enabled=&#8220;0&#8243; use_border_color=&#8220;off&#8220; border_color=&#8220;#ffffff&#8220; border_style=&#8220;solid&#8220; animation=&#8220;left&#8220; sticky=&#8220;off&#8220; always_center_on_mobile=&#8220;on&#8220; global_colors_info=&#8220;{}&#8220; show_in_lightbox=&#8220;on&#8220; sticky_enabled=&#8220;0&#8243;][\/et_pb_image][\/et_pb_column][et_pb_column type=&#8220;2_3&#8243; _builder_version=&#8220;4.16&#8243; custom_padding=&#8220;|||&#8220; global_colors_info=&#8220;{}&#8220; custom_padding__hover=&#8220;|||&#8220;][et_pb_text admin_label=&#8220;Text&#8220; _builder_version=&#8220;4.24.0&#8243; background_size=&#8220;initial&#8220; background_position=&#8220;top_left&#8220; background_repeat=&#8220;repeat&#8220; use_border_color=&#8220;off&#8220; border_color=&#8220;#ffffff&#8220; border_style=&#8220;solid&#8220; global_colors_info=&#8220;{}&#8220;]Ein besonderer Schwerpunkt in meinem Antiquariat liegt auf Landkarten, Stadtansichten und B\u00fcchern, die das Gro\u00dfherzogtum Luxemburg und den Vorg\u00e4nger, das Herzogtum Luxemburg (Duch\u00e9 de Luxembourg) betreffen. Dem Luxemburger Hoffotografen Charles Bernhoeft und seinen Trierer Konkurrenten Schaar &#038; Dathe habe ich 2009 eine eigens erarbeitete, viel beachtete Ausstellung gewidmet und am Opus magnum zu seinem Schaffen (Charles Bernhoeft, photographe de la Belle Epoque, Luxembourg 2014) mitgearbeitet.<\/p>\n<p>Fast alle Institutionen und zahlreiche Privatkunden in Luxemburg geh\u00f6ren seit Jahrzehnten zu meinen Kunden.<br \/>\nSollten Sie allgemein an Angeboten zu Luxemburg interessiert sein, oder spezielle Suchw\u00fcnsche haben, kontaktieren Sie mich bitte. Zu Beginn eines jeden Jahres stelle ich auf der Kunst- und Antiquit\u00e4tenmesse in Luxemburg (Foires des Antiquaires) in Luxemburg-Kirchberg aus. Gerne sende ich Ihnen dazu eine pers\u00f6nliche Einladung mit freiem Eintritt f\u00fcr zwei Personen.[\/et_pb_text][\/et_pb_column][\/et_pb_row][et_pb_row admin_label=&#8220;row&#8220; _builder_version=&#8220;4.16&#8243; background_size=&#8220;initial&#8220; background_position=&#8220;top_left&#8220; background_repeat=&#8220;repeat&#8220; global_colors_info=&#8220;{}&#8220;][et_pb_column type=&#8220;4_4&#8243; _builder_version=&#8220;4.16&#8243; custom_padding=&#8220;|||&#8220; global_colors_info=&#8220;{}&#8220; custom_padding__hover=&#8220;|||&#8220;][et_pb_gallery gallery_ids=&#8220;131,130,139,138,135,136,133,134,132,137&#8243; posts_number=&#8220;20&#8243; show_title_and_caption=&#8220;off&#8220; show_pagination=&#8220;off&#8220; admin_label=&#8220;Galerie&#8220; _builder_version=&#8220;4.16&#8243; use_border_color=&#8220;off&#8220; border_color=&#8220;#ffffff&#8220; border_style=&#8220;solid&#8220; global_colors_info=&#8220;{}&#8220;][\/et_pb_gallery][\/et_pb_column][\/et_pb_row][\/et_pb_section]<\/p>\n","protected":false},"excerpt":{"rendered":"<p>Luxemburg Ein besonderer Schwerpunkt in meinem Antiquariat liegt auf Landkarten, Stadtansichten und B\u00fcchern, die das Gro\u00dfherzogtum Luxemburg und den Vorg\u00e4nger, das Herzogtum Luxemburg (Duch\u00e9 de Luxembourg) betreffen. Dem Luxemburger Hoffotografen Charles Bernhoeft und seinen Trierer Konkurrenten Schaar &#038; Dathe habe ich 2009 eine eigens erarbeitete, viel beachtete Ausstellung gewidmet und am Opus magnum zu seinem [&hellip;]<\/p>\n","protected":false},"author":1,"featured_media":0,"parent":0,"menu_order":0,"comment_status":"closed","ping_status":"closed","template":"","meta":{"_et_pb_use_builder":"on","_et_pb_old_content":"","_et_gb_content_width":"","footnotes":""},"class_list":["post-48","page","type-page","status-publish","hentry"],"yoast_head":"<!-- This site is optimized with the Yoast SEO plugin v27.4 - https:\/\/yoast.com\/product\/yoast-seo-wordpress\/ -->\n<title>Luxemburg - Peter Fritzen<\/title>\n<meta name=\"robots\" content=\"index, follow, max-snippet:-1, max-image-preview:large, max-video-preview:-1\" \/>\n<link rel=\"canonical\" href=\"https:\/\/www.antiquariat-fritzen.com\/de\/luxemburg\/\" \/>\n<meta property=\"og:locale\" content=\"de_DE\" \/>\n<meta property=\"og:type\" content=\"article\" \/>\n<meta property=\"og:title\" content=\"Luxemburg - Peter Fritzen\" \/>\n<meta property=\"og:description\" content=\"Luxemburg Ein besonderer Schwerpunkt in meinem Antiquariat liegt auf Landkarten, Stadtansichten und B\u00fcchern, die das Gro\u00dfherzogtum Luxemburg und den Vorg\u00e4nger, das Herzogtum Luxemburg (Duch\u00e9 de Luxembourg) betreffen. Dem Luxemburger Hoffotografen Charles Bernhoeft und seinen Trierer Konkurrenten Schaar &amp; Dathe habe ich 2009 eine eigens erarbeitete, viel beachtete Ausstellung gewidmet und am Opus magnum zu seinem [&hellip;]\" \/>\n<meta property=\"og:url\" content=\"https:\/\/www.antiquariat-fritzen.com\/de\/luxemburg\/\" \/>\n<meta property=\"og:site_name\" content=\"Peter Fritzen\" \/>\n<meta property=\"article:modified_time\" content=\"2024-02-25T17:49:34+00:00\" \/>\n<meta name=\"twitter:card\" content=\"summary_large_image\" \/>\n<meta name=\"twitter:label1\" content=\"Gesch\u00e4tzte Lesezeit\" \/>\n\t<meta name=\"twitter:data1\" content=\"3\u00a0Minuten\" \/>\n<script type=\"application\/ld+json\" class=\"yoast-schema-graph\">{\"@context\":\"https:\\\/\\\/schema.org\",\"@graph\":[{\"@type\":\"WebPage\",\"@id\":\"https:\\\/\\\/www.antiquariat-fritzen.com\\\/de\\\/luxemburg\\\/\",\"url\":\"https:\\\/\\\/www.antiquariat-fritzen.com\\\/de\\\/luxemburg\\\/\",\"name\":\"Luxemburg - Peter Fritzen\",\"isPartOf\":{\"@id\":\"https:\\\/\\\/www.antiquariat-fritzen.com\\\/de\\\/#website\"},\"datePublished\":\"2016-08-31T17:31:49+00:00\",\"dateModified\":\"2024-02-25T17:49:34+00:00\",\"breadcrumb\":{\"@id\":\"https:\\\/\\\/www.antiquariat-fritzen.com\\\/de\\\/luxemburg\\\/#breadcrumb\"},\"inLanguage\":\"de\",\"potentialAction\":[{\"@type\":\"ReadAction\",\"target\":[\"https:\\\/\\\/www.antiquariat-fritzen.com\\\/de\\\/luxemburg\\\/\"]}]},{\"@type\":\"BreadcrumbList\",\"@id\":\"https:\\\/\\\/www.antiquariat-fritzen.com\\\/de\\\/luxemburg\\\/#breadcrumb\",\"itemListElement\":[{\"@type\":\"ListItem\",\"position\":1,\"name\":\"Startseite\",\"item\":\"https:\\\/\\\/www.antiquariat-fritzen.com\\\/de\\\/\"},{\"@type\":\"ListItem\",\"position\":2,\"name\":\"Luxemburg\"}]},{\"@type\":\"WebSite\",\"@id\":\"https:\\\/\\\/www.antiquariat-fritzen.com\\\/de\\\/#website\",\"url\":\"https:\\\/\\\/www.antiquariat-fritzen.com\\\/de\\\/\",\"name\":\"Peter Fritzen\",\"description\":\"Antiquariat\",\"potentialAction\":[{\"@type\":\"SearchAction\",\"target\":{\"@type\":\"EntryPoint\",\"urlTemplate\":\"https:\\\/\\\/www.antiquariat-fritzen.com\\\/de\\\/?s={search_term_string}\"},\"query-input\":{\"@type\":\"PropertyValueSpecification\",\"valueRequired\":true,\"valueName\":\"search_term_string\"}}],\"inLanguage\":\"de\"}]}<\/script>\n<!-- \/ Yoast SEO plugin. -->","yoast_head_json":{"title":"Luxemburg - Peter Fritzen","robots":{"index":"index","follow":"follow","max-snippet":"max-snippet:-1","max-image-preview":"max-image-preview:large","max-video-preview":"max-video-preview:-1"},"canonical":"https:\/\/www.antiquariat-fritzen.com\/de\/luxemburg\/","og_locale":"de_DE","og_type":"article","og_title":"Luxemburg - Peter Fritzen","og_description":"Luxemburg Ein besonderer Schwerpunkt in meinem Antiquariat liegt auf Landkarten, Stadtansichten und B\u00fcchern, die das Gro\u00dfherzogtum Luxemburg und den Vorg\u00e4nger, das Herzogtum Luxemburg (Duch\u00e9 de Luxembourg) betreffen. Dem Luxemburger Hoffotografen Charles Bernhoeft und seinen Trierer Konkurrenten Schaar & Dathe habe ich 2009 eine eigens erarbeitete, viel beachtete Ausstellung gewidmet und am Opus magnum zu seinem [&hellip;]","og_url":"https:\/\/www.antiquariat-fritzen.com\/de\/luxemburg\/","og_site_name":"Peter Fritzen","article_modified_time":"2024-02-25T17:49:34+00:00","twitter_card":"summary_large_image","twitter_misc":{"Gesch\u00e4tzte Lesezeit":"3\u00a0Minuten"},"schema":{"@context":"https:\/\/schema.org","@graph":[{"@type":"WebPage","@id":"https:\/\/www.antiquariat-fritzen.com\/de\/luxemburg\/","url":"https:\/\/www.antiquariat-fritzen.com\/de\/luxemburg\/","name":"Luxemburg - Peter Fritzen","isPartOf":{"@id":"https:\/\/www.antiquariat-fritzen.com\/de\/#website"},"datePublished":"2016-08-31T17:31:49+00:00","dateModified":"2024-02-25T17:49:34+00:00","breadcrumb":{"@id":"https:\/\/www.antiquariat-fritzen.com\/de\/luxemburg\/#breadcrumb"},"inLanguage":"de","potentialAction":[{"@type":"ReadAction","target":["https:\/\/www.antiquariat-fritzen.com\/de\/luxemburg\/"]}]},{"@type":"BreadcrumbList","@id":"https:\/\/www.antiquariat-fritzen.com\/de\/luxemburg\/#breadcrumb","itemListElement":[{"@type":"ListItem","position":1,"name":"Startseite","item":"https:\/\/www.antiquariat-fritzen.com\/de\/"},{"@type":"ListItem","position":2,"name":"Luxemburg"}]},{"@type":"WebSite","@id":"https:\/\/www.antiquariat-fritzen.com\/de\/#website","url":"https:\/\/www.antiquariat-fritzen.com\/de\/","name":"Peter Fritzen","description":"Antiquariat","potentialAction":[{"@type":"SearchAction","target":{"@type":"EntryPoint","urlTemplate":"https:\/\/www.antiquariat-fritzen.com\/de\/?s={search_term_string}"},"query-input":{"@type":"PropertyValueSpecification","valueRequired":true,"valueName":"search_term_string"}}],"inLanguage":"de"}]}},"_links":{"self":[{"href":"https:\/\/www.antiquariat-fritzen.com\/de\/wp-json\/wp\/v2\/pages\/48","targetHints":{"allow":["GET"]}}],"collection":[{"href":"https:\/\/www.antiquariat-fritzen.com\/de\/wp-json\/wp\/v2\/pages"}],"about":[{"href":"https:\/\/www.antiquariat-fritzen.com\/de\/wp-json\/wp\/v2\/types\/page"}],"author":[{"embeddable":true,"href":"https:\/\/www.antiquariat-fritzen.com\/de\/wp-json\/wp\/v2\/users\/1"}],"replies":[{"embeddable":true,"href":"https:\/\/www.antiquariat-fritzen.com\/de\/wp-json\/wp\/v2\/comments?post=48"}],"version-history":[{"count":2,"href":"https:\/\/www.antiquariat-fritzen.com\/de\/wp-json\/wp\/v2\/pages\/48\/revisions"}],"predecessor-version":[{"id":799,"href":"https:\/\/www.antiquariat-fritzen.com\/de\/wp-json\/wp\/v2\/pages\/48\/revisions\/799"}],"wp:attachment":[{"href":"https:\/\/www.antiquariat-fritzen.com\/de\/wp-json\/wp\/v2\/media?parent=48"}],"curies":[{"name":"wp","href":"https:\/\/api.w.org\/{rel}","templated":true}]}}